{"id":18161,"date":"2017-05-01T12:15:00","date_gmt":"2017-05-01T10:15:00","guid":{"rendered":"http:\/\/innocentiemangonipiante.it\/?page_id=18161"},"modified":"2024-01-16T16:54:50","modified_gmt":"2024-01-16T15:54:50","slug":"pflanzenlogistik","status":"publish","type":"page","link":"https:\/\/innocentiemangonipiante.it\/de\/pflanzenlogistik\/","title":{"rendered":"Pflanzenlogistik"},"content":{"rendered":"<h1>Pflanzen in die ganze Welt<\/h1>\n<div>\n<p>Wir verfu\u0308gen u\u0308ber eine leistungsstarke <strong>Logistik und Dank der w\u00e4hrend langen Jahren<\/strong> erworbenen Erfahrung und Professionalit\u00e4t, gew\u00e4hren wir stets schnelle Lieferungen weltweit.<\/p>\n<p>Bis heute versenden <strong>wir unsere Pflanzen in u\u0308ber 50 L\u00e4nder weltweit<\/strong>, von Nordeuropa u\u0308ber Nordafrika bis zum Fernosten.<\/p>\n<\/div>\n<ul>\n<li>\n<p>        <img decoding=\"async\" src=\"\/wp-content\/uploads\/2023\/07\/DSC5928.jpg\" alt=\"alberi pronti al trasporto in tutto il mondo\" title=\"\"><\/p>\n<\/li>\n<li>\n<p>        <img decoding=\"async\" src=\"\/wp-content\/uploads\/2023\/07\/DSC01759.jpg\" alt=\"operatori vivaistici spedizione piante da viviao\" title=\"\"><\/p>\n<\/li>\n<li>\n<p>        <img decoding=\"async\" src=\"\/wp-content\/uploads\/2024\/01\/logistica-iem-vivaio-68.jpeg\" alt=\"\" title=\"\"><\/p>\n<div>logistica-iem-vivaio&#8211;68<\/div>\n<\/li>\n<li>\n<p>        <img decoding=\"async\" src=\"\/wp-content\/uploads\/2024\/01\/logistica-DSC02348-scaled.jpg\" alt=\"\" title=\"\"><\/p>\n<div>logistica-DSC02348<\/div>\n<\/li>\n<li>\n<p>        <img decoding=\"async\" src=\"\/wp-content\/uploads\/2024\/01\/logistica-DSC02292-scaled.jpg\" alt=\"\" title=\"\"><\/p>\n<div>logistica-DSC02292<\/div>\n<\/li>\n<li>\n<p>        <img decoding=\"async\" src=\"\/wp-content\/uploads\/2024\/01\/logistica-DSC02465-scaled.jpg\" alt=\"\" title=\"\"><\/p>\n<div>logistica-DSC02465<\/div>\n<\/li>\n<li>\n<p>        <img decoding=\"async\" src=\"\/wp-content\/uploads\/2023\/07\/DSC02027-Modifica.jpg\" alt=\"piante da vivaio pronte alla spedizione\" title=\"\"><\/p>\n<\/li>\n<li>\n<p>        <img decoding=\"async\" src=\"\/wp-content\/uploads\/2024\/01\/logistica-DJI_0537-scaled.jpg\" alt=\"\" title=\"\"><\/p>\n<div>logistica-DJI_0537<\/div>\n<\/li>\n<li>\n<p>        <img decoding=\"async\" src=\"\/wp-content\/uploads\/2024\/01\/logistica-DSC02301-scaled.jpg\" alt=\"\" title=\"\"><\/p>\n<div>logistica-DSC02301<\/div>\n<\/li>\n<li>\n<p>        <img decoding=\"async\" src=\"\/wp-content\/uploads\/2024\/01\/logistica-191.jpeg\" alt=\"\" title=\"\"><\/p>\n<div>logistica-191<\/div>\n<\/li>\n<li>\n<p>        <img decoding=\"async\" src=\"\/wp-content\/uploads\/2024\/01\/logistica-DJI_0511-scaled.jpg\" alt=\"\" title=\"\"><\/p>\n<div>logistica-DJI_0511<\/div>\n<\/li>\n<li>\n<p>        <img decoding=\"async\" src=\"\/wp-content\/uploads\/2024\/01\/logistica-194.jpeg\" alt=\"\" title=\"\"><\/p>\n<div>logistica-194<\/div>\n<\/li>\n<\/ul>\n<p><!--more--><br \/>\n<!-- {\"name\":\"IT- SERVIZI E LOGISTICA\",\"type\":\"layout\",\"children\":[{\"name\":\"Hero\",\"type\":\"section\",\"props\":{\"header_transparent\":\"dark\",\"header_transparent_noplaceholder\":true,\"height\":\"percent\",\"image\":\"wp-content\\\/uploads\\\/2023\\\/07\\\/DJI_0544-scaled.jpg\",\"image_position\":\"center-center\",\"image_size\":\"cover\",\"image_width\":\"2560\",\"overlap\":false,\"padding\":\"xlarge\",\"style\":\"secondary\",\"title_breakpoint\":\"xl\",\"title_position\":\"top-left\",\"title_rotation\":\"left\",\"vertical_align\":\"middle\",\"video_height\":\"1200\",\"width\":\"\"},\"children\":[{\"type\":\"row\",\"children\":[{\"type\":\"column\",\"props\":{\"image_position\":\"center-center\",\"position_sticky_breakpoint\":\"m\",\"width_medium\":\"1-1\"}}]}]},{\"name\":\"About\",\"type\":\"section\",\"props\":{\"animation\":\"fade\",\"image\":\"wp-content\\\/uploads\\\/2023\\\/07\\\/mappa-del-mondo.png\",\"image_position\":\"top-right\",\"image_size\":\"contain\",\"media_overlay\":\"rgba(250, 249, 241, 0.87)\",\"overlap\":true,\"padding\":\"large\",\"padding_remove_bottom\":false,\"style\":\"default\",\"title_breakpoint\":\"xl\",\"title_position\":\"top-left\",\"title_rotation\":\"left\",\"vertical_align\":\"middle\",\"width\":\"large\"},\"children\":[{\"type\":\"row\",\"props\":{\"column_gap\":\"small\",\"layout\":\"1-2,1-2\",\"row_gap\":\"large\"},\"children\":[{\"type\":\"column\",\"props\":{\"image_position\":\"center-center\",\"position_sticky_breakpoint\":\"m\",\"width_medium\":\"1-2\"},\"children\":[{\"type\":\"headline\",\"props\":{\"content\":\"Pflanzen in die ganze Welt\",\"margin\":\"remove-vertical\",\"title_color\":\"primary\",\"title_element\":\"h1\",\"title_style\":\"heading-medium\"}},{\"type\":\"text\",\"props\":{\"column_breakpoint\":\"m\",\"content\":\"\n\n<p>Wir verfu\\u0308gen u\\u0308ber eine leistungsstarke <strong>Logistik und Dank der w\\u00e4hrend langen Jahren<\\\/strong> erworbenen Erfahrung und Professionalit\\u00e4t, gew\\u00e4hren wir stets schnelle Lieferungen weltweit.<\\\/p>\\n\n\n<p>Bis heute versenden <strong>wir unsere Pflanzen in u\\u0308ber 50 L\\u00e4nder weltweit<\\\/strong>, von Nordeuropa u\\u0308ber Nordafrika bis zum Fernosten.<\\\/p>\",\"margin\":\"large\"}}]},{\"type\":\"column\",\"props\":{\"image_position\":\"center-center\",\"image_size\":\"contain\",\"position_sticky_breakpoint\":\"m\",\"vertical_align\":\"bottom\",\"width_medium\":\"1-2\"}}]}]},{\"name\":\"Benefits\",\"type\":\"section\",\"props\":{\"image_position\":\"center-center\",\"image_size\":\"cover\",\"padding_remove_bottom\":true,\"padding_remove_top\":true,\"style\":\"default\",\"title_breakpoint\":\"xl\",\"title_position\":\"top-left\",\"title_rotation\":\"left\",\"vertical_align\":\"middle\",\"width\":\"\"},\"children\":[{\"type\":\"row\",\"children\":[{\"type\":\"column\",\"props\":{\"image_position\":\"center-center\",\"position_sticky_breakpoint\":\"m\",\"width_medium\":\"1-1\"},\"children\":[{\"type\":\"gallery\",\"props\":{\"filter_align\":\"left\",\"filter_all\":true,\"filter_grid_breakpoint\":\"m\",\"filter_grid_width\":\"auto\",\"filter_position\":\"top\",\"filter_style\":\"tab\",\"grid_column_align\":false,\"grid_column_gap\":\"collapse\",\"grid_default\":\"2\",\"grid_medium\":\"3\",\"grid_row_align\":false,\"grid_row_gap\":\"collapse\",\"image_height\":\"700\",\"image_transition\":\"scale-up\",\"image_width\":\"1000\",\"item_animation\":true,\"lightbox\":true,\"link_style\":\"default\",\"link_text\":\"\",\"margin\":\"default\",\"margin_remove_top\":true,\"meta_align\":\"below-title\",\"meta_element\":\"div\",\"meta_style\":\"text-meta\",\"overlay_hover\":false,\"overlay_link\":true,\"overlay_mode\":\"cover\",\"overlay_padding\":\"none\",\"overlay_position\":\"center\",\"overlay_style\":\"\",\"overlay_transition\":\"scale-up\",\"show_content\":true,\"show_hover_image\":true,\"show_link\":true,\"show_meta\":false,\"show_title\":false,\"text_align\":\"center\",\"text_color\":\"\",\"title_element\":\"div\",\"title_hover_style\":\"reset\"},\"children\":[{\"type\":\"gallery_item\",\"props\":{\"image\":\"wp-content\\\/uploads\\\/2023\\\/07\\\/DSC5928.jpg\",\"image_alt\":\"alberi pronti al trasporto in tutto il mondo\",\"title\":\"\"}},{\"type\":\"gallery_item\",\"props\":{\"image\":\"wp-content\\\/uploads\\\/2023\\\/07\\\/DSC01759.jpg\",\"image_alt\":\"operatori vivaistici spedizione piante da viviao\",\"title\":\"\"}},{\"type\":\"gallery_item\",\"props\":{\"image\":\"wp-content\\\/uploads\\\/2024\\\/01\\\/logistica-iem-vivaio-68.jpeg\",\"title\":\"logistica-iem-vivaio--68\"}},{\"type\":\"gallery_item\",\"props\":{\"image\":\"wp-content\\\/uploads\\\/2024\\\/01\\\/logistica-DSC02348-scaled.jpg\",\"title\":\"logistica-DSC02348\"}},{\"type\":\"gallery_item\",\"props\":{\"image\":\"wp-content\\\/uploads\\\/2024\\\/01\\\/logistica-DSC02292-scaled.jpg\",\"title\":\"logistica-DSC02292\"}},{\"type\":\"gallery_item\",\"props\":{\"image\":\"wp-content\\\/uploads\\\/2024\\\/01\\\/logistica-DSC02465-scaled.jpg\",\"title\":\"logistica-DSC02465\"}},{\"type\":\"gallery_item\",\"props\":{\"image\":\"wp-content\\\/uploads\\\/2023\\\/07\\\/DSC02027-Modifica.jpg\",\"image_alt\":\"piante da vivaio pronte alla spedizione\",\"title\":\"\"}},{\"type\":\"gallery_item\",\"props\":{\"image\":\"wp-content\\\/uploads\\\/2024\\\/01\\\/logistica-DJI_0537-scaled.jpg\",\"title\":\"logistica-DJI_0537\"}},{\"type\":\"gallery_item\",\"props\":{\"image\":\"wp-content\\\/uploads\\\/2024\\\/01\\\/logistica-DSC02301-scaled.jpg\",\"title\":\"logistica-DSC02301\"}},{\"type\":\"gallery_item\",\"props\":{\"image\":\"wp-content\\\/uploads\\\/2024\\\/01\\\/logistica-191.jpeg\",\"title\":\"logistica-191\"}},{\"type\":\"gallery_item\",\"props\":{\"image\":\"wp-content\\\/uploads\\\/2024\\\/01\\\/logistica-DJI_0511-scaled.jpg\",\"title\":\"logistica-DJI_0511\"}},{\"type\":\"gallery_item\",\"props\":{\"image\":\"wp-content\\\/uploads\\\/2024\\\/01\\\/logistica-194.jpeg\",\"title\":\"logistica-194\"}}]}]}]}]}],\"version\":\"4.2.11\",\"yooessentialsVersion\":\"2.1.5\"} --><\/p>\n","protected":false},"excerpt":{"rendered":"<p>Pflanzen in die ganze Welt Wir verfu\u0308gen u\u0308ber eine leistungsstarke Logistik und Dank der w\u00e4hrend langen Jahren erworbenen Erfahrung und Professionalit\u00e4t, gew\u00e4hren wir stets schnelle Lieferungen weltweit. Bis heute versenden wir unsere Pflanzen in u\u0308ber 50 L\u00e4nder weltweit, von Nordeuropa u\u0308ber Nordafrika bis zum Fernosten. logistica-iem-vivaio&#8211;68 logistica-DSC02348 logistica-DSC02292 logistica-DSC02465 logistica-DJI_0537 logistica-DSC02301 logistica-191 logistica-DJI_0511 logistica-194<\/p>\n","protected":false},"author":2,"featured_media":11621,"parent":0,"menu_order":15,"comment_status":"open","ping_status":"closed","template":"","meta":{"_acf_changed":false,"footnotes":""},"class_list":["post-18161","page","type-page","status-publish","has-post-thumbnail","hentry"],"acf":[],"_links":{"self":[{"href":"https:\/\/innocentiemangonipiante.it\/de\/wp-json\/wp\/v2\/pages\/18161","targetHints":{"allow":["GET"]}}],"collection":[{"href":"https:\/\/innocentiemangonipiante.it\/de\/wp-json\/wp\/v2\/pages"}],"about":[{"href":"https:\/\/innocentiemangonipiante.it\/de\/wp-json\/wp\/v2\/types\/page"}],"author":[{"embeddable":true,"href":"https:\/\/innocentiemangonipiante.it\/de\/wp-json\/wp\/v2\/users\/2"}],"replies":[{"embeddable":true,"href":"https:\/\/innocentiemangonipiante.it\/de\/wp-json\/wp\/v2\/comments?post=18161"}],"version-history":[{"count":0,"href":"https:\/\/innocentiemangonipiante.it\/de\/wp-json\/wp\/v2\/pages\/18161\/revisions"}],"wp:featuredmedia":[{"embeddable":true,"href":"https:\/\/innocentiemangonipiante.it\/de\/wp-json\/wp\/v2\/media\/11621"}],"wp:attachment":[{"href":"https:\/\/innocentiemangonipiante.it\/de\/wp-json\/wp\/v2\/media?parent=18161"}],"curies":[{"name":"wp","href":"https:\/\/api.w.org\/{rel}","templated":true}]}}