{"id":7718,"date":"2022-07-26T18:45:46","date_gmt":"2022-07-26T16:45:46","guid":{"rendered":"http:\/\/innocentiemangonipiante.it\/2017\/03\/31\/nachhaltige-produktion\/"},"modified":"2025-10-06T12:32:41","modified_gmt":"2025-10-06T10:32:41","slug":"nachhaltige-produktion-produktionsanlage-kinderzimmer","status":"publish","type":"page","link":"https:\/\/innocentiemangonipiante.it\/de\/nachhaltige-produktion-produktionsanlage-kinderzimmer\/","title":{"rendered":"Nachhaltige Produktion"},"content":{"rendered":"<h1>Wir programmieren die zukunft<\/h1>\n<div>\n<p>In den letzten Jahren sind wir alle angesichts der rasanten Beschleunigung des Klimawandels aufgerufen, die Zukunft der n\u00e4chsten Generationen zu planen.<\/p>\n<p>Besonders ein G\u00e4rtnereibetrieb wie unsere muss sich mit dieser Programmierung ganz vorne anstellen, denn Pflanzen sind lebensnotwendig. Aus diesem Grund legen wir jeden Tag die Grundlagen, um die Idee einer verantwortungsvollen und nachhaltigen Baumschule zu verbessern, zu erg\u00e4nzen und zu st\u00e4rken.<\/p>\n<p>Planung bedeutet auch Aufmerksamkeit fu\u0308r Innovationen. Aus diesem Grund fu\u0308hren wir in unseren G\u00e4rtnereien Technologien ein, die es erm\u00f6glichen, Ressourcen zu sparen, Produktionsprozesse kontinuierlich zu u\u0308berwachen und somit Abfall zu reduzieren.<\/p>\n<p>Unsere \u00f6kologisch nachhaltigen Produktionszyklen sind durch die Umweltzertifizierung MPS (Klasse A) und GLOBAL GAP anerkannt, die international anerkannt sind und die \u00f6kologische Nachhaltigkeit der von unserem Unternehmen produzierten Pflanzen bescheinigen.<\/p>\n<\/div>\n<ul>\n<li>\n<p>        <img decoding=\"async\" src=\"\/wp-content\/uploads\/2025\/10\/mps.png\" alt=\"certificazione mps Innocenti &#038; Mangoni Piante\" title=\"\"><\/p>\n<h3>Umweltzertifizierung MPS<\/h3>\n<p> (klasse A)<\/p>\n<div>\n<p>Die MPS-Umweltzertifizierung garantiert die Qualit\u00e4t und Nachhaltigkeit des Kindergartensektors. Durch die Erfassung unseres Verbrauchs k\u00f6nnen wir das Niveau einer nachhaltigen Produktion \u00fcberwachen und die erforderlichen \u00c4nderungen an der Arbeit vornehmen, indem wir die Umweltbelastung verringern. Diese Art der Zertifizierung garantiert nicht nur \u00f6kologische Nachhaltigkeit, sondern auch die Achtung des Kunden und ethische Arbeitsbedingungen.<\/p>\n<\/div>\n<p><a href=\"\/wp-content\/uploads\/2025\/10\/MPS-fino-al-2.11.25.pdf\">Zertifizierung herunterladen<\/a><\/p>\n<\/li>\n<li>\n<p>        <img decoding=\"async\" src=\"\/wp-content\/uploads\/2025\/10\/globalgap.png\" alt=\"certificazione global gap Innocenti &#038; Mangoni Piante\" title=\"\"><\/p>\n<h3>Global gap certification<\/h3>\n<div>\n<p>Global Gap legt freiwillige Standards f\u00fcr die Zertifizierung landwirtschaftlicher Produkte und Pflanzen auf der ganzen Welt fest, um gute landwirtschaftliche Praktiken zu standardisieren (G.A.P.).<\/p>\n<p>Es ist die Zertifizierung, die unseren Kunden die Qualit\u00e4t, Sicherheit und dokumentierte R\u00fcckverfolgbarkeit unserer Baumschulproduktion garantiert.<\/p>\n<\/div>\n<p><a href=\"\/wp-content\/uploads\/2025\/10\/LoC-GRASP-INNOCENTI-E-MANGONI-PIANTE.pdf\">Zertifizierung herunterladen<\/a><\/p>\n<\/li>\n<\/ul>\n<h2>QUALIT\u00c4T IN EINER NACHHALTIGEN G\u00c4RTNEREI<\/h2>\n<hr>\n<ul>\n<li>\n<p>        <img decoding=\"async\" src=\"\/wp-content\/uploads\/2023\/07\/recupero-delle-acque-h2o-closed-cycle.png\" alt=\"Wasserr\u00fcckgewinnung\" title=\"\"><\/p>\n<h3>Wasserr\u00fcckgewinnung<\/h3>\n<div>\n<p>Wir achten sehr auf die <strong>Wasserbewirtschaftung<\/strong> durch den Einsatz lokaler Bew\u00e4sserungssysteme in allen unseren Baumschulen.<\/p>\n<p>In jeder <strong>Produktionseinheit<\/strong> gibt es ein Ru\u0308ckgewinnungssystem fu\u0308r das Wasser, das nicht von unseren Pflanzen aufgenommen wird.<\/p>\n<\/div>\n<\/li>\n<li>\n<p>        <img decoding=\"async\" src=\"\/wp-content\/uploads\/2023\/07\/impianti-fotovoltaici-energie-rinnovabili.png\" alt=\"Erneuerbare energien\" title=\"\"><\/p>\n<h3>Erneuerbare energien<\/h3>\n<div>\n<p>Bis heute haben wir auf den D\u00e4chern unserer Lager Photovoltaikanlagen mit einer Gesamtleistung von <strong>250 KW<\/strong> fu\u0308r den Bedarf unserer Produktion installiert, mit der Aussicht, in den kommenden Monaten <strong>500 KW<\/strong> zu erreichen.<\/p>\n<\/div>\n<\/li>\n<li>\n<p>        <img decoding=\"async\" src=\"\/wp-content\/uploads\/2023\/07\/pacciamanti-naturali-mulching.png\" alt=\"Pacciamanti naturali\" title=\"\"><\/p>\n<h3>Mulching<\/h3>\n<div>\n<p>Verwendung von <strong>natu\u0308rlichem Mulch<\/strong>, der aus Holzabf\u00e4llen hergestellt wird, um die Entwicklung von \u201cUnkraut\u201d in unseren Containerkulturen nachhaltig zu bek\u00e4mpfen.<\/p>\n<\/div>\n<\/li>\n<li>\n<p>        <img decoding=\"async\" src=\"\/wp-content\/uploads\/2023\/07\/vasi-riciclabili-senza-carbonfossile.png\" alt=\"Verwendung von natu\u0308rlichem Mulch\" title=\"\"><\/p>\n<h3>Verwendung von natu\u0308rlichem Mulch<\/h3>\n<div>\n<p><strong>Verwendung von natu\u0308rlichem Mulch<\/strong>, der aus Holzabf\u00e4llen hergestellt wird, um die Entwicklung von \u201cUnkraut\u201d in unseren Containerkulturen nachhaltig zu bek\u00e4mpfen.<\/p>\n<\/div>\n<\/li>\n<\/ul>\n<h3>WIR VERBESSERN DIE GESUNDHEIT DER PFLANZEN UND SCHONEN DIE UMWELT<\/h3>\n<h3>Wir z\u00fcchten Pflanzen immer verantwortungsbewusster.<\/h3>\n<div>\n<p>Wir haben den Einsatz von Pestiziden drastisch reduziert, indem wir nat\u00fcrliche alternative Techniken wie organisches Mulchen und den Einsatz nat\u00fcrlicher Mikroorganismen eingesetzt haben.<\/p>\n<p>Durch den Anbau von bl\u00fchenden Pflanzen und Zierpflanzen tragen wir dazu bei, Lebensr\u00e4ume und Nahrungsquellen f\u00fcr best\u00e4ubende Insekten zu erhalten, die f\u00fcr das \u00dcberleben der Pflanzen und damit der gesamten menschlichen Gattung so wichtig sind.<\/p>\n<\/div>\n<ul>\n<li>\n<p>        <img decoding=\"async\" src=\"\/wp-content\/uploads\/2023\/07\/1IN8109-scaled.jpg\" alt=\"serra giovani piante\" title=\"\"><\/p>\n<h3>Vivaio 1<\/h3>\n<\/li>\n<li>\n<p>        <img decoding=\"async\" src=\"\/wp-content\/uploads\/2023\/07\/1IN8059-scaled.jpg\" alt=\"\" title=\"\"><\/p>\n<\/li>\n<\/ul>\n<ul>\n<li>\n<p>        <img decoding=\"async\" src=\"\/wp-content\/uploads\/2023\/07\/1IN8057-scaled.jpg\" alt=\"\" title=\"\"><\/p>\n<h3>_1IN8057<\/h3>\n<\/li>\n<li>\n<p>        <img decoding=\"async\" src=\"\/wp-content\/uploads\/2023\/07\/DSC07862-scaled.jpg\" alt=\"\" title=\"\"><\/p>\n<h3>DSC07862<\/h3>\n<\/li>\n<li>\n<p>        <img decoding=\"async\" src=\"\/wp-content\/uploads\/2023\/07\/1IN8384-scaled.jpg\" alt=\"\" title=\"\"><\/p>\n<h3>_1IN8384<\/h3>\n<\/li>\n<\/ul>\n<p><!--more--><br \/>\n<!-- {\"type\":\"layout\",\"children\":[{\"name\":\"Sostenibilit\\u00e0 Testata - 2024\",\"type\":\"section\",\"props\":{\"header_transparent\":\"dark\",\"header_transparent_noplaceholder\":true,\"height\":\"percent\",\"image\":\"wp-content\\\/uploads\\\/2023\\\/07\\\/iem-vivaio-94.jpg\",\"image_focal_point\":\"center-right\",\"image_position\":\"center-right\",\"image_size\":\"cover\",\"image_width\":\"2560\",\"overlap\":false,\"padding\":\"xlarge\",\"style\":\"secondary\",\"title_breakpoint\":\"xl\",\"title_position\":\"top-left\",\"title_rotation\":\"left\",\"vertical_align\":\"middle\",\"video_height\":\"1200\",\"width\":\"\"},\"children\":[{\"type\":\"row\",\"children\":[{\"type\":\"column\",\"props\":{\"image_position\":\"center-center\",\"position_sticky_breakpoint\":\"m\",\"width_medium\":\"1-1\"}}]}]},{\"type\":\"section\",\"props\":{\"image_position\":\"center-center\",\"padding\":\"large\",\"style\":\"default\",\"title_breakpoint\":\"xl\",\"title_position\":\"top-left\",\"title_rotation\":\"left\",\"vertical_align\":\"middle\",\"width\":\"large\"},\"children\":[{\"type\":\"row\",\"children\":[{\"type\":\"column\",\"props\":{\"image_position\":\"center-center\",\"position_sticky_breakpoint\":\"m\",\"width_medium\":\"1-1\"},\"children\":[{\"type\":\"headline\",\"props\":{\"animation\":\"none\",\"content\":\"Wir programmieren die zukunft\",\"margin\":\"small\",\"parallax_breakpoint\":\"m\",\"parallax_easing\":\"0.8\",\"parallax_end\":\"5vh + 5%\",\"parallax_opacity\":\"1,0\",\"parallax_y\":\"0,40\",\"title_color\":\"primary\",\"title_element\":\"h1\",\"title_style\":\"heading-medium\"}},{\"type\":\"text\",\"props\":{\"column_breakpoint\":\"m\",\"content\":\"\n\n<p>In den letzten Jahren sind wir alle angesichts der rasanten Beschleunigung des Klimawandels aufgerufen, die Zukunft der n\\u00e4chsten Generationen zu planen.<\\\/p>\\n\n\n<p>Besonders ein G\\u00e4rtnereibetrieb wie unsere muss sich mit dieser Programmierung ganz vorne anstellen, denn Pflanzen sind lebensnotwendig. Aus diesem Grund legen wir jeden Tag die Grundlagen, um die Idee einer verantwortungsvollen und nachhaltigen Baumschule zu verbessern, zu erg\\u00e4nzen und zu st\\u00e4rken.<\\\/p>\\n\n\n<p>Planung bedeutet auch Aufmerksamkeit fu\\u0308r Innovationen. Aus diesem Grund fu\\u0308hren wir in unseren G\\u00e4rtnereien Technologien ein, die es erm\\u00f6glichen, Ressourcen zu sparen, Produktionsprozesse kontinuierlich zu u\\u0308berwachen und somit Abfall zu reduzieren.<\\\/p>\\n\n\n<p>Unsere \\u00f6kologisch nachhaltigen Produktionszyklen sind durch die Umweltzertifizierung MPS (Klasse A) und GLOBAL GAP anerkannt, die international anerkannt sind und die \\u00f6kologische Nachhaltigkeit der von unserem Unternehmen produzierten Pflanzen bescheinigen.<\\\/p>\",\"margin\":\"default\"}},{\"type\":\"grid\",\"props\":{\"content_column_breakpoint\":\"m\",\"filter_align\":\"left\",\"filter_all\":true,\"filter_grid_breakpoint\":\"m\",\"filter_grid_width\":\"auto\",\"filter_position\":\"top\",\"filter_style\":\"tab\",\"grid_default\":\"1\",\"grid_medium\":\"\",\"grid_small\":\"2\",\"icon_width\":80,\"image_align\":\"left\",\"image_grid_breakpoint\":\"m\",\"image_grid_column_gap\":\"small\",\"image_grid_row_gap\":\"medium\",\"image_grid_width\":\"1-3\",\"image_height\":\"200\",\"image_svg_color\":\"emphasis\",\"item_animation\":true,\"link_style\":\"default\",\"link_target\":true,\"link_text\":\"Zertifizierung herunterladen\",\"margin\":\"default\",\"meta_align\":\"below-title\",\"meta_element\":\"div\",\"meta_margin\":\"remove\",\"meta_style\":\"h5\",\"panel_padding\":\"default\",\"panel_style\":\"card-default\",\"show_content\":true,\"show_image\":true,\"show_link\":true,\"show_meta\":true,\"show_title\":true,\"title_align\":\"top\",\"title_color\":\"primary\",\"title_element\":\"h3\",\"title_grid_breakpoint\":\"m\",\"title_grid_width\":\"1-2\",\"title_hover_style\":\"reset\",\"title_style\":\"h3\"},\"children\":[{\"type\":\"grid_item\",\"props\":{\"content\":\"\n\n<p>Die MPS-Umweltzertifizierung garantiert die Qualit\\u00e4t und Nachhaltigkeit des Kindergartensektors. Durch die Erfassung unseres Verbrauchs k\\u00f6nnen wir das Niveau einer nachhaltigen Produktion \\u00fcberwachen und die erforderlichen \\u00c4nderungen an der Arbeit vornehmen, indem wir die Umweltbelastung verringern. Diese Art der Zertifizierung garantiert nicht nur \\u00f6kologische Nachhaltigkeit, sondern auch die Achtung des Kunden und ethische Arbeitsbedingungen.<\\\/p>\",\"image\":\"wp-content\\\/uploads\\\/2025\\\/10\\\/mps.png\",\"image_alt\":\"certificazione mps Innocenti & Mangoni Piante\",\"link\":\"wp-content\\\/uploads\\\/2025\\\/10\\\/MPS-fino-al-2.11.25.pdf\",\"meta\":\" (klasse A)\",\"title\":\"Umweltzertifizierung MPS\"}},{\"type\":\"grid_item\",\"props\":{\"content\":\"\n\n<p>Global Gap legt freiwillige Standards f\\u00fcr die Zertifizierung landwirtschaftlicher Produkte und Pflanzen auf der ganzen Welt fest, um gute landwirtschaftliche Praktiken zu standardisieren (G.A.P.).<\\\/p>\\n\n\n<p>Es ist die Zertifizierung, die unseren Kunden die Qualit\\u00e4t, Sicherheit und dokumentierte R\\u00fcckverfolgbarkeit unserer Baumschulproduktion garantiert.<\\\/p>\",\"image\":\"wp-content\\\/uploads\\\/2025\\\/10\\\/globalgap.png\",\"image_alt\":\"certificazione global gap Innocenti & Mangoni Piante\",\"link\":\"wp-content\\\/uploads\\\/2025\\\/10\\\/LoC-GRASP-INNOCENTI-E-MANGONI-PIANTE.pdf\",\"title\":\"Global gap certification\"}}],\"name\":\"Sostenibilit\\u00e0 certificati - 2024\"}]}],\"props\":{\"width\":\"default\"}}],\"name\":\"AAA-RIGA-VERDE\"},{\"name\":\"Tagline\",\"type\":\"section\",\"props\":{\"image_position\":\"center-center\",\"image_size\":\"cover\",\"padding\":\"small\",\"padding_remove_bottom\":false,\"style\":\"muted\",\"title_breakpoint\":\"xl\",\"title_position\":\"top-left\",\"title_rotation\":\"left\",\"vertical_align\":\"middle\",\"width\":\"xlarge\"},\"children\":[{\"type\":\"row\",\"children\":[{\"type\":\"column\",\"props\":{\"image_position\":\"center-center\",\"position_sticky_breakpoint\":\"m\",\"width_medium\":\"1-1\"},\"children\":[{\"type\":\"headline\",\"props\":{\"block_align\":\"center\",\"content\":\"QUALIT\\u00c4T IN EINER NACHHALTIGEN G\\u00c4RTNEREI\",\"text_align\":\"center\",\"title_element\":\"h2\",\"title_style\":\"h2\"}},{\"type\":\"divider\",\"props\":{\"divider_element\":\"hr\"}},{\"type\":\"grid\",\"props\":{\"content_column_breakpoint\":\"m\",\"filter_align\":\"left\",\"filter_all\":true,\"filter_grid_breakpoint\":\"m\",\"filter_grid_width\":\"auto\",\"filter_position\":\"top\",\"filter_style\":\"tab\",\"grid_column_gap\":\"large\",\"grid_default\":\"1\",\"grid_large\":\"4\",\"grid_medium\":\"2\",\"grid_row_gap\":\"large\",\"grid_small\":\"2\",\"grid_xlarge\":\"4\",\"icon_width\":80,\"image_align\":\"top\",\"image_grid_breakpoint\":\"m\",\"image_grid_width\":\"1-2\",\"image_svg_color\":\"emphasis\",\"item_animation\":true,\"link_style\":\"default\",\"link_text\":\"Read more\",\"margin\":\"default\",\"meta_align\":\"below-title\",\"meta_element\":\"div\",\"meta_style\":\"text-meta\",\"show_content\":true,\"show_image\":true,\"show_link\":true,\"show_meta\":true,\"show_title\":true,\"title_align\":\"top\",\"title_element\":\"h3\",\"title_grid_breakpoint\":\"m\",\"title_grid_width\":\"1-2\",\"title_hover_style\":\"reset\"},\"children\":[{\"type\":\"grid_item\",\"props\":{\"content\":\"\n\n<p>Wir achten sehr auf die <strong>Wasserbewirtschaftung<\\\/strong> durch den Einsatz lokaler Bew\\u00e4sserungssysteme in allen unseren Baumschulen.<\\\/p>\\n\n\n<p>In jeder <strong>Produktionseinheit<\\\/strong> gibt es ein Ru\\u0308ckgewinnungssystem fu\\u0308r das Wasser, das nicht von unseren Pflanzen aufgenommen wird.<\\\/p>\",\"image\":\"wp-content\\\/uploads\\\/2023\\\/07\\\/recupero-delle-acque-h2o-closed-cycle.png\",\"image_alt\":\"Wasserr\\u00fcckgewinnung\",\"title\":\"Wasserr\\u00fcckgewinnung\"}},{\"type\":\"grid_item\",\"props\":{\"content\":\"\n\n<p>Bis heute haben wir auf den D\\u00e4chern unserer Lager Photovoltaikanlagen mit einer Gesamtleistung von <strong>250 KW<\\\/strong> fu\\u0308r den Bedarf unserer Produktion installiert, mit der Aussicht, in den kommenden Monaten <strong>500 KW<\\\/strong> zu erreichen.<\\\/p>\",\"image\":\"wp-content\\\/uploads\\\/2023\\\/07\\\/impianti-fotovoltaici-energie-rinnovabili.png\",\"image_alt\":\"Erneuerbare energien\",\"title\":\"Erneuerbare energien\"}},{\"type\":\"grid_item\",\"props\":{\"content\":\"\n\n<p>Verwendung von <strong>natu\\u0308rlichem Mulch<\\\/strong>, der aus Holzabf\\u00e4llen hergestellt wird, um die Entwicklung von \\u201cUnkraut\\u201d in unseren Containerkulturen nachhaltig zu bek\\u00e4mpfen.<\\\/p>\",\"image\":\"wp-content\\\/uploads\\\/2023\\\/07\\\/pacciamanti-naturali-mulching.png\",\"image_alt\":\"Pacciamanti naturali\",\"title\":\"Mulching\"}},{\"type\":\"grid_item\",\"props\":{\"content\":\"\n\n<p><strong>Verwendung von natu\\u0308rlichem Mulch<\\\/strong>, der aus Holzabf\\u00e4llen hergestellt wird, um die Entwicklung von \\u201cUnkraut\\u201d in unseren Containerkulturen nachhaltig zu bek\\u00e4mpfen.<\\\/p>\",\"image\":\"wp-content\\\/uploads\\\/2023\\\/07\\\/vasi-riciclabili-senza-carbonfossile.png\",\"image_alt\":\"Verwendung von natu\\u0308rlichem Mulch\",\"title\":\"Verwendung von natu\\u0308rlichem Mulch\"}}]}]}]}]},{\"name\":\"elemento sostenibilit\\u00e0\",\"type\":\"section\",\"props\":{\"height\":\"percent\",\"image\":\"wp-content\\\/uploads\\\/2023\\\/07\\\/1IN8157.jpg\",\"image_effect\":\"parallax\",\"image_parallax_bgy\":\"0,100\",\"image_parallax_easing\":\"1\",\"image_position\":\"center-center\",\"image_size\":\"cover\",\"image_width\":\"2560\",\"padding\":\"xlarge\",\"style\":\"default\",\"text_color\":\"light\",\"title_breakpoint\":\"xl\",\"title_position\":\"center-left\",\"title_rotation\":\"left\",\"vertical_align\":\"bottom\",\"width\":\"xlarge\"},\"children\":[{\"type\":\"row\",\"children\":[{\"type\":\"column\",\"props\":{\"image_position\":\"center-center\",\"position_sticky_breakpoint\":\"m\",\"width_medium\":\"1-1\"},\"children\":[{\"type\":\"headline\",\"props\":{\"content\":\"WIR VERBESSERN DIE GESUNDHEIT DER PFLANZEN UND SCHONEN DIE UMWELT\",\"text_align\":\"center\",\"title_element\":\"h3\",\"title_style\":\"heading-small\"}}]}]}]},{\"name\":\"About\",\"type\":\"section\",\"props\":{\"animation\":\"fade\",\"image_position\":\"center-center\",\"overlap\":true,\"padding\":\"xlarge\",\"style\":\"default\",\"title_breakpoint\":\"xl\",\"title_position\":\"top-left\",\"title_rotation\":\"left\",\"vertical_align\":\"middle\",\"width\":\"large\"},\"children\":[{\"type\":\"row\",\"props\":{\"column_gap\":\"large\",\"layout\":\"1-2,1-2\",\"row_gap\":\"large\"},\"children\":[{\"type\":\"column\",\"props\":{\"image_position\":\"center-center\",\"position_sticky_breakpoint\":\"m\",\"width_medium\":\"1-2\"},\"children\":[{\"type\":\"headline\",\"props\":{\"content\":\"Wir z\\u00fcchten Pflanzen immer verantwortungsbewusster.\",\"margin\":\"remove-vertical\",\"title_color\":\"primary\",\"title_element\":\"h3\",\"title_style\":\"heading-small\"}},{\"type\":\"text\",\"props\":{\"column_breakpoint\":\"m\",\"content\":\"\n\n<p>Wir haben den Einsatz von Pestiziden drastisch reduziert, indem wir nat\\u00fcrliche alternative Techniken wie organisches Mulchen und den Einsatz nat\\u00fcrlicher Mikroorganismen eingesetzt haben.<\\\/p>\\n\n\n<p>Durch den Anbau von bl\\u00fchenden Pflanzen und Zierpflanzen tragen wir dazu bei, Lebensr\\u00e4ume und Nahrungsquellen f\\u00fcr best\\u00e4ubende Insekten zu erhalten, die f\\u00fcr das \\u00dcberleben der Pflanzen und damit der gesamten menschlichen Gattung so wichtig sind.<\\\/p>\",\"margin\":\"large\"}}]},{\"type\":\"column\",\"props\":{\"image_position\":\"center-center\",\"position_sticky_breakpoint\":\"m\",\"width_medium\":\"1-2\"},\"children\":[{\"type\":\"gallery\",\"props\":{\"class\":\"uk-hidden-touch\",\"css\":\".el-element .el-item > :nth-child(2) { z-index: 1; }\",\"filter\":false,\"filter_align\":\"left\",\"filter_all\":true,\"filter_grid_breakpoint\":\"m\",\"filter_grid_width\":\"auto\",\"filter_position\":\"top\",\"filter_style\":\"tab\",\"grid_column_gap\":\"small\",\"grid_default\":\"2\",\"grid_medium\":\"2\",\"grid_row_gap\":\"small\",\"image_height\":\"1000\",\"image_width\":\"610\",\"item_animation\":true,\"lightbox\":true,\"link_style\":\"default\",\"link_text\":\"\",\"margin\":\"default\",\"meta_align\":\"below-title\",\"meta_element\":\"div\",\"meta_style\":\"text-meta\",\"overlay_hover\":false,\"overlay_link\":true,\"overlay_mode\":\"caption\",\"overlay_position\":\"top\",\"overlay_style\":\"overlay-primary\",\"overlay_transition\":\"fade\",\"parallax_easing\":\"1\",\"show_content\":true,\"show_hover_image\":true,\"show_link\":true,\"show_meta\":false,\"show_title\":false,\"text_align\":\"center\",\"text_color\":\"light\",\"title_element\":\"h3\",\"title_hover_style\":\"reset\"},\"children\":[{\"type\":\"gallery_item\",\"props\":{\"hover_image\":\"\",\"image\":\"wp-content\\\/uploads\\\/2023\\\/07\\\/1IN8109-scaled.jpg\",\"image_alt\":\"serra giovani piante\",\"title\":\"Vivaio 1\"}},{\"type\":\"gallery_item\",\"props\":{\"image\":\"wp-content\\\/uploads\\\/2023\\\/07\\\/1IN8059-scaled.jpg\"}}]}]}]}]},{\"type\":\"section\",\"props\":{\"animation\":\"fade\",\"animation_delay\":\"100\",\"image_position\":\"center-center\",\"padding_remove_bottom\":true,\"style\":\"primary\",\"title_breakpoint\":\"xl\",\"title_position\":\"top-left\",\"title_rotation\":\"left\",\"vertical_align\":\"middle\",\"width\":\"\"},\"children\":[{\"type\":\"row\",\"children\":[{\"type\":\"column\",\"props\":{\"image_position\":\"center-center\",\"position_sticky_breakpoint\":\"m\"},\"children\":[{\"type\":\"headline\",\"props\":{\"text_align\":\"center\",\"title_decoration\":\"line\",\"title_element\":\"div\",\"title_style\":\"h2\"},\"source\":{\"query\":{\"name\":\"pages.singlePage\"},\"props\":{\"content\":{\"filters\":{\"search\":\"\"},\"name\":\"title\"}}}},{\"type\":\"gallery\",\"props\":{\"filter_align\":\"left\",\"filter_all\":true,\"filter_grid_breakpoint\":\"m\",\"filter_grid_width\":\"auto\",\"filter_position\":\"top\",\"filter_style\":\"tab\",\"grid_column_gap\":\"collapse\",\"grid_default\":\"2\",\"grid_medium\":\"3\",\"grid_row_gap\":\"collapse\",\"image_height\":\"600\",\"image_width\":\"900\",\"item_animation\":true,\"link_style\":\"default\",\"link_text\":\"Read more\",\"margin\":\"default\",\"meta_align\":\"below-title\",\"meta_element\":\"div\",\"meta_style\":\"text-meta\",\"overlay_hover\":false,\"overlay_mode\":\"cover\",\"overlay_position\":\"center\",\"overlay_style\":\"\",\"overlay_transition\":\"fade\",\"show_content\":false,\"show_hover_image\":true,\"show_link\":true,\"show_meta\":false,\"show_title\":false,\"text_align\":\"center\",\"text_color\":\"light\",\"title_element\":\"h3\",\"title_hover_style\":\"reset\"},\"children\":[{\"type\":\"gallery_item\",\"props\":{\"image\":\"wp-content\\\/uploads\\\/2023\\\/07\\\/1IN8057-scaled.jpg\",\"title\":\"_1IN8057\"}},{\"type\":\"gallery_item\",\"props\":{\"image\":\"wp-content\\\/uploads\\\/2023\\\/07\\\/DSC07862-scaled.jpg\",\"title\":\"DSC07862\"}},{\"type\":\"gallery_item\",\"props\":{\"image\":\"wp-content\\\/uploads\\\/2023\\\/07\\\/1IN8384-scaled.jpg\",\"title\":\"_1IN8384\"}}]}]}]}],\"name\":\"galleria pie di pagina\"}],\"version\":\"4.2.13\",\"yooessentialsVersion\":\"2.1.5\"} --><\/p>\n","protected":false},"excerpt":{"rendered":"\n<div><span>WIR PROGRAMMIEREN DIE ZUKUNFT<\/span><\/div>\n<div>\n<p>In den letzten Jahren sind wir alle angesichts der rasanten Beschleunigung des Klimawandels aufgerufen, die Zukunft der n\u00e4chsten Generationen zu planen.<\/p>\n<p>Besonders ein G\u00e4rtnereibetrieb wie unsere muss sich mit dieser Programmierung ganz vorne anstellen, denn Pflanzen sind lebensnotwendig. Aus diesem Grund legen wir jeden Tag die Grundlagen, um die Idee einer verantwortungsvollen und nachhaltigen Baumschule zu verbessern, zu erg\u00e4nzen und zu st\u00e4rken.<\/p>\n<p>Planung bedeutet auch Aufmerksamkeit fu\u0308r Innovationen. Aus diesem Grund fu\u0308hren wir in unseren G\u00e4rtnereien Technologien ein, die es erm\u00f6glichen, Ressourcen zu sparen, Produktionsprozesse kontinuierlich zu u\u0308berwachen und somit Abfall zu reduzieren.<\/p>\n<p>Unsere \u00f6kologisch nachhaltigen Produktionszyklen sind durch die Umweltzertifizierung MPS (Klasse A) und GLOBAL GAP anerkannt, die international anerkannt sind und die \u00f6kologische Nachhaltigkeit der von unserem Unternehmen produzierten Pflanzen bescheinigen.<\/p>\n<\/div>\n<ul>\n<li>\n<p>        <img decoding=\"async\" src=\"http:\/\/innocentiemangonipiante.it\/wp-content\/uploads\/2017\/03\/CERTIFICAZIONE-AMBIENTALE-MPS.png\" alt=\"\"><\/p>\n<\/li>\n<li>\n<p>        <img decoding=\"async\" src=\"http:\/\/innocentiemangonipiante.it\/wp-content\/uploads\/2017\/03\/logo-global-gap.jpg\" alt=\"\"><\/p>\n<\/li>\n<\/ul>\n<h1>Qualit\u00e4t in einer nachhaltigen G\u00e4rtnerei<\/h1>\n<hr>\n<p><img decoding=\"async\" src=\"http:\/\/innocentiemangonipiante.it\/wp-content\/uploads\/2017\/03\/H2O-CLOSED-CYRCLE.jpg\" alt=\"\"><\/p>\n<h2>Wasserr\u00fcckgewinnung<\/h2>\n<div>\n<p>Wir achten sehr auf die Wasserbewirtschaftung durch den Einsatz lokaler Bew\u00e4sserungssysteme in allen unseren Baumschulen.<\/p>\n<p><strong>In jeder Produktionseinheit gibt es ein Ru\u0308ckgewinnungssystem fu\u0308r das Wasser, das nicht von unseren Pflanzen aufgenommen wird.<\/strong><\/p>\n<\/div>\n<p><img decoding=\"async\" src=\"http:\/\/innocentiemangonipiante.it\/wp-content\/uploads\/2017\/03\/RENOWABLE-ENERGIES.jpg\" alt=\"\"><\/p>\n<h2>erneuerbare Energien<\/h2>\n<div>\n<p>Bis heute haben wir auf den D\u00e4chern unserer Lager <strong>Photovoltaikanlagen mit einer Gesamtleistung von 250 KW<\/strong> fu\u0308r den Bedarf unserer Produktion installiert, mit der Aussicht, in den kommenden Monaten 500 KW zu erreichen.<\/p>\n<\/div>\n<p><img decoding=\"async\" src=\"http:\/\/innocentiemangonipiante.it\/wp-content\/uploads\/2017\/03\/MULCHING.jpg\" alt=\"\"><\/p>\n<h2>Verwendung von natu\u0308rlichem Mulch<\/h2>\n<div>\n<p><strong>Verwendung von natu\u0308rlichem Mulch<\/strong>, der aus Holzabf\u00e4llen hergestellt wird, um die Entwicklung von \u201cUnkraut\u201d in unseren Containerkulturen nachhaltig zu bek\u00e4mpfen.<\/p>\n<\/div>\n<p><img decoding=\"async\" src=\"http:\/\/innocentiemangonipiante.it\/wp-content\/uploads\/2017\/03\/CARBON-FREE.jpg\" alt=\"\"><\/p>\n<h2>Zu 100 % recycelbare<\/h2>\n<div>\n<p><strong>Zu 100 % recycelbare und umweltfreundliche T\u00f6pfe<\/strong>, d. h. frei von Moleku\u0308len aus fossiler Kohle, werden seit einigen Jahren fu\u0308r die Produktion von Jungpflanzen und fu\u0308r das gesamte Sortiment fu\u0308r Gartencenter verwendet.<\/p>\n<\/div>\n<hr>\n<p><img decoding=\"async\" src=\"http:\/\/innocentiemangonipiante.it\/wp-content\/uploads\/2011\/05\/alto.png\" alt=\"\"><\/p>\n","protected":false},"author":2,"featured_media":10832,"parent":0,"menu_order":5,"comment_status":"open","ping_status":"closed","template":"","meta":{"_acf_changed":false,"footnotes":""},"class_list":["post-7718","page","type-page","status-publish","has-post-thumbnail","hentry"],"acf":[],"_links":{"self":[{"href":"https:\/\/innocentiemangonipiante.it\/de\/wp-json\/wp\/v2\/pages\/7718","targetHints":{"allow":["GET"]}}],"collection":[{"href":"https:\/\/innocentiemangonipiante.it\/de\/wp-json\/wp\/v2\/pages"}],"about":[{"href":"https:\/\/innocentiemangonipiante.it\/de\/wp-json\/wp\/v2\/types\/page"}],"author":[{"embeddable":true,"href":"https:\/\/innocentiemangonipiante.it\/de\/wp-json\/wp\/v2\/users\/2"}],"replies":[{"embeddable":true,"href":"https:\/\/innocentiemangonipiante.it\/de\/wp-json\/wp\/v2\/comments?post=7718"}],"version-history":[{"count":0,"href":"https:\/\/innocentiemangonipiante.it\/de\/wp-json\/wp\/v2\/pages\/7718\/revisions"}],"wp:featuredmedia":[{"embeddable":true,"href":"https:\/\/innocentiemangonipiante.it\/de\/wp-json\/wp\/v2\/media\/10832"}],"wp:attachment":[{"href":"https:\/\/innocentiemangonipiante.it\/de\/wp-json\/wp\/v2\/media?parent=7718"}],"curies":[{"name":"wp","href":"https:\/\/api.w.org\/{rel}","templated":true}]}}