{"id":7721,"date":"2016-11-24T10:56:00","date_gmt":"2016-11-24T09:56:00","guid":{"rendered":"http:\/\/innocentiemangonipiante.it\/2016\/11\/24\/kundendienst-und-logistik-pflanzen-packaging-etiketten\/"},"modified":"2024-01-16T11:52:49","modified_gmt":"2024-01-16T10:52:49","slug":"kundendienst-fuer-kunden-fuer-kindergarten","status":"publish","type":"page","link":"https:\/\/innocentiemangonipiante.it\/de\/kundendienst-fuer-kunden-fuer-kindergarten\/","title":{"rendered":"Kundendienst"},"content":{"rendered":"<h1>Personalisierte Kundendienst<\/h1>\n<div>\n<p><strong>Jede Pflanze<\/strong>, die unsere Baumschule verl\u00e4sst, wird vor der Verpackung einer sorgf\u00e4ltigen Kontrolle durch unsere Qualit\u00e4tsverantwortlichen unterzogen.<\/p>\n<p><strong>So wird vermieden<\/strong>, dass die Artikel w\u00e4hrend des Verladens und beim Transport verderben. Auf speziellen Kundenwunsch verpacken und verschicken wir die Ware auch in <strong>Box-Paletten<\/strong> oder <strong>CC-Wagen<\/strong>, sofern die bestellte Pflanzenart dies zul\u00e4sst.<\/p>\n<p>Unser<strong> hochspezialisiertes Personal u\u0308bernimmt<\/strong> die Verladung und achtet darauf, dass die Integrit\u00e4t jeder Pflanze erhalten bleibt.<\/p>\n<p>Anhand dieser sorgf\u00e4ltigen und erprobten Verfahren gew\u00e4hrleisten wir, dass die <strong>Qualit\u00e4t der Pflanzen<\/strong> w\u00e4hrend des gesamten Transports erhalten bleibt. Daru\u0308ber hinaus k\u00f6nnen wir unseren Kunden einen kostenlosen Etikettierservice anbieten, der Barcodes, alle Eigenschaften eines jeden Artikels und ihren Verkaufspreis beinhaltet.<\/p>\n<p>Zus\u00e4tzlich haben wir eine Reihe von Fotoetiketten erstellt, bei der jede Art mit einem sch\u00f6nen Bild und einer Reihe von Eigenschaften und nu\u0308tzlichen Informationen fu\u0308r den Endverbraucher pr\u00e4sentiert wird.<\/p>\n<\/div>\n<ul>\n<li>\n<p>        <img decoding=\"async\" src=\"\/wp-content\/uploads\/2023\/08\/foglia-2-chiara.svg\" alt=\"Elemento foglia 2 chiara\" title=\"\"><\/p>\n<div>\n<p>PERSONALISIERTE ANGEBOTE<\/p>\n<\/div>\n<\/li>\n<li>\n<p>        <img decoding=\"async\" src=\"\/wp-content\/uploads\/2023\/08\/foglia-2-scura.svg\" alt=\"segnaposto foglia\" title=\"\"><\/p>\n<div>\n<p>PALETTEN<\/p>\n<\/div>\n<\/li>\n<li>\n<p>        <img decoding=\"async\" src=\"\/wp-content\/uploads\/2023\/08\/foglia-1-scura.svg\" alt=\"segnaposto foglia\" title=\"\"><\/p>\n<div>\n<p>CC-WAGEN<\/p>\n<\/div>\n<\/li>\n<li>\n<p>        <img decoding=\"async\" src=\"\/wp-content\/uploads\/2023\/08\/foglia-1-chiara.svg\" alt=\"Segnaposto foglia\" title=\"\"><\/p>\n<div>\n<p>ETIKETTEN MIT VERKAUFSPREIS<\/p>\n<\/div>\n<\/li>\n<li>\n<p>        <img decoding=\"async\" src=\"\/wp-content\/uploads\/2023\/08\/foglia-1-chiara.svg\" alt=\"segnaposto foglia\" title=\"\"><\/p>\n<div>\n<p>FOTOETIKETTEN<\/p>\n<\/div>\n<\/li>\n<li>\n<p>        <img decoding=\"async\" src=\"\/wp-content\/uploads\/2023\/08\/foglia-1-scura.svg\" alt=\"segnaposto foglia\" title=\"\"><\/p>\n<div>\n<p>PERSONALISIERTE ETIKETTEN<\/p>\n<\/div>\n<\/li>\n<\/ul>\n<p><img decoding=\"async\" src=\"\/wp-content\/uploads\/2023\/07\/iem-vivaio-67.jpg\" alt=\"logistica piante nel mondo\" title=\"\"><\/p>\n<h3>Pflanzenlogistik<\/h3>\n<div>Wir verfu\u0308gen u\u0308ber eine leistungsstarke Logistik und Dank der w\u00e4hrend langen Jahren erworbenen Erfahrung und Professionalit\u00e4t, gew\u00e4hren wir stets schnelle Lieferungen weltweit.<\/div>\n<p>\n    <a href=\"\/de\/pflanzenlogistik\/\">Unsere pflanzenlogistik<\/a>\n<\/p>\n<h3>Webshop<\/h3>\n<div><strong>Betreten Sie die virtuelle Baumschule von Innocenti &#038; Mangoni Piante.<\/strong><br \/>\n<br \/>\nEin Service f\u00fcr gr\u00fcne Fachleute: Gartencenter, G\u00e4rtnereien, Landschaftsarchitekten. Registrierte Kunden haben folgende M\u00f6glichkeiten:<\/div>\n<ul>\n<li>\n<p>        <img decoding=\"async\" src=\"\/wp-content\/uploads\/2023\/08\/foglia-2-chiara.svg\" alt=\"Elemento foglia 2 chiara\" title=\"\"><\/p>\n<div>\n<p>Konsultieren Sie unser Sortenangebot<\/p>\n<\/div>\n<\/li>\n<li>\n<p>        <img decoding=\"async\" src=\"\/wp-content\/uploads\/2023\/08\/foglia-2-scura.svg\" alt=\"Elemento foglia 2 chiara\" title=\"\"><\/p>\n<div>\n<p>Produktfotos anschauen<\/p>\n<\/div>\n<\/li>\n<li>\n<p>        <img decoding=\"async\" src=\"\/wp-content\/uploads\/2023\/08\/foglia-2-chiara.svg\" alt=\"Elemento foglia 2 chiara\" title=\"\"><\/p>\n<div>\n<p>Bestellungen erstellen<\/p>\n<\/div>\n<\/li>\n<li>\n<p>        <img decoding=\"async\" src=\"\/wp-content\/uploads\/2023\/08\/foglia-2-scura.svg\" alt=\"\" title=\"\"><\/p>\n<div>\n<p>Lassen Sie sich vom aktuellen Angebot inspirieren.<\/p>\n<\/div>\n<\/li>\n<\/ul>\n<div>Erh\u00e4ltlich als Desktop-Version f\u00fcr die ideale Nutzung von Ihrem B\u00fcro aus oder als mobile Version durch Herunterladen der App in den Stores (App Store und Google Play).<\/div>\n<p>\n    <a href=\"\/de\/webshop-pflanzen\">Unser Online Shop f\u00fcr Pflanzen<\/a>\n<\/p>\n<p><img decoding=\"async\" src=\"\/wp-content\/uploads\/2023\/07\/accesso-webshop-corretto.png\" alt=\"accesso allo webshop innocenti e mangoni da desktop\" title=\"\"><br \/>\n<img decoding=\"async\" src=\"\/wp-content\/uploads\/2024\/01\/sales-department-DJI_0142.jpg\" alt=\"Sales department\" title=\"\"><\/p>\n<h3>Sales department<\/h3>\n<p><!--more--><br \/>\n<!-- {\"name\":\"IT- SERVIZI E LOGISTICA\",\"type\":\"layout\",\"children\":[{\"name\":\"Hero\",\"type\":\"section\",\"props\":{\"header_transparent\":\"dark\",\"header_transparent_noplaceholder\":true,\"height\":\"percent\",\"image\":\"wp-content\\\/uploads\\\/2023\\\/07\\\/DJI_0495.jpg\",\"image_position\":\"center-center\",\"image_size\":\"cover\",\"image_width\":\"2560\",\"overlap\":false,\"padding\":\"xlarge\",\"style\":\"secondary\",\"title_breakpoint\":\"xl\",\"title_position\":\"top-left\",\"title_rotation\":\"left\",\"vertical_align\":\"middle\",\"video_height\":\"1200\",\"width\":\"\"},\"children\":[{\"type\":\"row\",\"children\":[{\"type\":\"column\",\"props\":{\"image_position\":\"center-center\",\"position_sticky_breakpoint\":\"m\",\"width_medium\":\"1-1\"}}]}]},{\"type\":\"section\",\"props\":{\"image_position\":\"center-center\",\"padding\":\"large\",\"style\":\"default\",\"title_breakpoint\":\"xl\",\"title_position\":\"top-left\",\"title_rotation\":\"left\",\"vertical_align\":\"middle\",\"width\":\"large\"},\"children\":[{\"type\":\"row\",\"children\":[{\"type\":\"column\",\"props\":{\"image_position\":\"center-center\",\"position_sticky_breakpoint\":\"m\",\"width_medium\":\"1-1\"},\"children\":[{\"type\":\"headline\",\"props\":{\"content\":\"Personalisierte Kundendienst\",\"title_color\":\"primary\",\"title_element\":\"h1\",\"title_style\":\"heading-medium\"}},{\"type\":\"text\",\"props\":{\"column_breakpoint\":\"m\",\"content\":\"\n\n<p><strong>Jede Pflanze<\\\/strong>, die unsere Baumschule verl\\u00e4sst, wird vor der Verpackung einer sorgf\\u00e4ltigen Kontrolle durch unsere Qualit\\u00e4tsverantwortlichen unterzogen.<\\\/p>\\n\n\n<p><strong>So wird vermieden<\\\/strong>, dass die Artikel w\\u00e4hrend des Verladens und beim Transport verderben. Auf speziellen Kundenwunsch verpacken und verschicken wir die Ware auch in <strong>Box-Paletten<\\\/strong> oder <strong>CC-Wagen<\\\/strong>, sofern die bestellte Pflanzenart dies zul\\u00e4sst.<\\\/p>\\n\n\n<p>Unser<strong> hochspezialisiertes Personal u\\u0308bernimmt<\\\/strong> die Verladung und achtet darauf, dass die Integrit\\u00e4t jeder Pflanze erhalten bleibt.<\\\/p>\\n\n\n<p>Anhand dieser sorgf\\u00e4ltigen und erprobten Verfahren gew\\u00e4hrleisten wir, dass die <strong>Qualit\\u00e4t der Pflanzen<\\\/strong> w\\u00e4hrend des gesamten Transports erhalten bleibt. Daru\\u0308ber hinaus k\\u00f6nnen wir unseren Kunden einen kostenlosen Etikettierservice anbieten, der Barcodes, alle Eigenschaften eines jeden Artikels und ihren Verkaufspreis beinhaltet.<\\\/p>\\n\n\n<p>Zus\\u00e4tzlich haben wir eine Reihe von Fotoetiketten erstellt, bei der jede Art mit einem sch\\u00f6nen Bild und einer Reihe von Eigenschaften und nu\\u0308tzlichen Informationen fu\\u0308r den Endverbraucher pr\\u00e4sentiert wird.<\\\/p>\",\"margin\":\"default\"}},{\"type\":\"list\",\"props\":{\"block_align\":\"center\",\"column\":\"1-3\",\"column_breakpoint\":\"s\",\"icon_color\":\"primary\",\"image_align\":\"left\",\"image_svg_color\":\"emphasis\",\"image_vertical_align\":true,\"list_element\":\"ul\",\"list_horizontal_separator\":\", \",\"list_size\":\"large\",\"list_type\":\"vertical\",\"margin\":\"medium\",\"margin_remove_bottom\":false,\"show_image\":true,\"show_link\":true},\"children\":[{\"type\":\"list_item\",\"props\":{\"content\":\"\n\n<p>PERSONALISIERTE ANGEBOTE<\\\/p>\",\"icon\":\"\",\"image\":\"wp-content\\\/uploads\\\/2023\\\/08\\\/foglia-2-chiara.svg\",\"image_alt\":\"Elemento foglia 2 chiara\"}},{\"type\":\"list_item\",\"props\":{\"content\":\"\n\n<p>PALETTEN<\\\/p>\",\"icon\":\"\",\"image\":\"wp-content\\\/uploads\\\/2023\\\/08\\\/foglia-2-scura.svg\",\"image_alt\":\"segnaposto foglia\"}},{\"type\":\"list_item\",\"props\":{\"content\":\"\n\n<p>CC-WAGEN<\\\/p>\",\"icon\":\"\",\"image\":\"wp-content\\\/uploads\\\/2023\\\/08\\\/foglia-1-scura.svg\",\"image_alt\":\"segnaposto foglia\"}},{\"type\":\"list_item\",\"props\":{\"content\":\"\n\n<p>ETIKETTEN MIT VERKAUFSPREIS<\\\/p>\",\"icon\":\"\",\"image\":\"wp-content\\\/uploads\\\/2023\\\/08\\\/foglia-1-chiara.svg\",\"image_alt\":\"Segnaposto foglia\"}},{\"type\":\"list_item\",\"props\":{\"content\":\"\n\n<p>FOTOETIKETTEN<\\\/p>\",\"icon\":\"\",\"image\":\"wp-content\\\/uploads\\\/2023\\\/08\\\/foglia-1-chiara.svg\",\"image_alt\":\"segnaposto foglia\"}},{\"type\":\"list_item\",\"props\":{\"content\":\"\n\n<p>PERSONALISIERTE ETIKETTEN<\\\/p>\",\"icon\":\"\",\"image\":\"wp-content\\\/uploads\\\/2023\\\/08\\\/foglia-1-scura.svg\",\"image_alt\":\"segnaposto foglia\"}}],\"name\":\"Servizi elenco - 2024\"}]}]}]},{\"type\":\"section\",\"props\":{\"image_position\":\"center-center\",\"padding\":\"none\",\"padding_remove_bottom\":false,\"padding_remove_top\":false,\"style\":\"muted\",\"title_breakpoint\":\"xl\",\"title_position\":\"top-left\",\"title_rotation\":\"left\",\"vertical_align\":\"middle\",\"width\":\"large\",\"width_expand\":\"left\"},\"children\":[{\"type\":\"row\",\"props\":{\"column_gap\":\"large\",\"layout\":\"2-3,1-3\",\"row_gap\":\"large\"},\"children\":[{\"type\":\"column\",\"props\":{\"image_position\":\"center-center\",\"position_sticky_breakpoint\":\"m\",\"vertical_align\":\"middle\",\"width_large\":\"2-3\"},\"children\":[{\"type\":\"image\",\"props\":{\"animation\":\"none\",\"container_padding_remove\":true,\"image\":\"wp-content\\\/uploads\\\/2023\\\/07\\\/iem-vivaio-67.jpg\",\"image_alt\":\"logistica piante nel mondo\",\"image_loading\":true,\"image_svg_color\":\"emphasis\",\"image_width\":\"1300\",\"margin\":\"\",\"parallax_easing\":\"0.3\",\"parallax_end\":\"20vh + 20%\",\"parallax_x\":\"-50,0\"}}]},{\"type\":\"column\",\"props\":{\"image_position\":\"center-center\",\"position_sticky_breakpoint\":\"m\",\"vertical_align\":\"middle\",\"width_large\":\"1-3\"},\"children\":[{\"type\":\"divider\",\"props\":{\"animation\":\"none\",\"divider_align\":\"left\",\"divider_align_breakpoint\":\"l\",\"divider_align_fallback\":\"center\",\"divider_element\":\"div\",\"divider_style\":\"small\",\"parallax_x\":\"150,0\"}},{\"type\":\"headline\",\"props\":{\"animation\":\"none\",\"content\":\"Pflanzenlogistik\",\"margin_remove_top\":true,\"parallax_end\":\"60vh + 60%\",\"parallax_y\":\"0,-50\",\"text_align\":\"left\",\"text_align_breakpoint\":\"l\",\"text_align_fallback\":\"center\",\"title_element\":\"h3\",\"title_style\":\"h1\"}},{\"type\":\"text\",\"props\":{\"animation\":\"none\",\"block_align_breakpoint\":\"l\",\"block_align_fallback\":\"center\",\"column_breakpoint\":\"m\",\"content\":\"Wir verfu\\u0308gen u\\u0308ber eine leistungsstarke Logistik und Dank der w\\u00e4hrend langen Jahren erworbenen Erfahrung und Professionalit\\u00e4t, gew\\u00e4hren wir stets schnelle Lieferungen weltweit.\",\"margin\":\"medium\",\"margin_remove_top\":false,\"maxwidth\":\"xlarge\",\"maxwidth_breakpoint\":\"m\",\"parallax_easing\":\"0.3\",\"parallax_x\":\"150,0\",\"text_align\":\"left\",\"text_align_breakpoint\":\"l\",\"text_align_fallback\":\"center\"}},{\"type\":\"button\",\"props\":{\"animation\":\"none\",\"grid_column_gap\":\"small\",\"grid_row_gap\":\"small\",\"margin\":\"\",\"parallax_easing\":\"0.3\",\"parallax_x\":\"150,0\",\"text_align\":\"left\",\"text_align_breakpoint\":\"l\",\"text_align_fallback\":\"center\"},\"children\":[{\"type\":\"button_item\",\"props\":{\"button_style\":\"text\",\"content\":\"Unsere pflanzenlogistik\",\"icon_align\":\"left\",\"link\":\"de\\\/pflanzenlogistik\\\/\"}}]}]}]}],\"name\":\"Portfolio 01\"},{\"type\":\"section\",\"props\":{\"image_position\":\"center-center\",\"padding\":\"large\",\"padding_remove_bottom\":false,\"padding_remove_top\":false,\"style\":\"default\",\"title_breakpoint\":\"xl\",\"title_position\":\"top-left\",\"title_rotation\":\"left\",\"vertical_align\":\"middle\",\"width\":\"large\",\"width_expand\":\"right\"},\"children\":[{\"type\":\"row\",\"props\":{\"column_gap\":\"large\",\"layout\":\"1-3,2-3\",\"row_gap\":\"large\"},\"children\":[{\"type\":\"column\",\"props\":{\"image_position\":\"center-center\",\"order_first\":\"l\",\"position_sticky_breakpoint\":\"m\",\"vertical_align\":\"middle\",\"width_large\":\"1-3\"},\"children\":[{\"type\":\"divider\",\"props\":{\"animation\":\"none\",\"divider_align\":\"left\",\"divider_align_breakpoint\":\"l\",\"divider_align_fallback\":\"center\",\"divider_element\":\"div\",\"divider_style\":\"small\",\"parallax_x\":\"150,0\"}},{\"type\":\"headline\",\"props\":{\"animation\":\"parallax\",\"content\":\"Webshop\",\"margin_remove_top\":true,\"parallax_breakpoint\":\"m\",\"parallax_easing\":\"1\",\"parallax_end\":\"60vh + 60%\",\"parallax_opacity\":\"0.3,1\",\"parallax_y\":\"30,0\",\"text_align\":\"left\",\"text_align_breakpoint\":\"l\",\"text_align_fallback\":\"center\",\"title_element\":\"h3\",\"title_style\":\"h1\"}},{\"type\":\"text\",\"props\":{\"animation\":\"none\",\"block_align_breakpoint\":\"l\",\"block_align_fallback\":\"center\",\"column_breakpoint\":\"m\",\"content\":\"<strong>Betreten Sie die virtuelle Baumschule von Innocenti & Mangoni Piante.<\\\/strong>\\n<br\\\/>\\nEin Service f\\u00fcr gr\\u00fcne Fachleute: Gartencenter, G\\u00e4rtnereien, Landschaftsarchitekten. Registrierte Kunden haben folgende M\\u00f6glichkeiten:\",\"margin\":\"medium\",\"margin_remove_top\":false,\"maxwidth\":\"xlarge\",\"maxwidth_breakpoint\":\"m\",\"parallax_breakpoint\":\"m\",\"parallax_easing\":\"0.3\",\"parallax_end\":\"50vh + 50%\",\"parallax_opacity\":\"0.7,1\",\"parallax_x\":\"-150,0\",\"text_align\":\"left\",\"text_align_breakpoint\":\"l\",\"text_align_fallback\":\"center\"}},{\"type\":\"list\",\"props\":{\"block_align\":\"center\",\"column_breakpoint\":\"s\",\"icon_color\":\"primary\",\"image_align\":\"left\",\"image_svg_color\":\"emphasis\",\"image_vertical_align\":false,\"list_element\":\"ul\",\"list_horizontal_separator\":\", \",\"list_type\":\"vertical\",\"margin\":\"medium\",\"margin_remove_bottom\":false,\"maxwidth\":\"2xlarge\",\"show_image\":true,\"show_link\":true},\"children\":[{\"type\":\"list_item\",\"props\":{\"content\":\"\n\n<p>Konsultieren Sie unser Sortenangebot<\\\/p>\",\"icon\":\"\",\"image\":\"wp-content\\\/uploads\\\/2023\\\/08\\\/foglia-2-chiara.svg\",\"image_alt\":\"Elemento foglia 2 chiara\"}},{\"type\":\"list_item\",\"props\":{\"content\":\"\n\n<p>Produktfotos anschauen<\\\/p>\",\"icon\":\"\",\"image\":\"wp-content\\\/uploads\\\/2023\\\/08\\\/foglia-2-scura.svg\",\"image_alt\":\"Elemento foglia 2 chiara\"}},{\"type\":\"list_item\",\"props\":{\"content\":\"\n\n<p>Bestellungen erstellen<\\\/p>\",\"icon\":\"\",\"image\":\"wp-content\\\/uploads\\\/2023\\\/08\\\/foglia-2-chiara.svg\",\"image_alt\":\"Elemento foglia 2 chiara\"}},{\"type\":\"list_item\",\"props\":{\"content\":\"\n\n<p>Lassen Sie sich vom aktuellen Angebot inspirieren.<\\\/p>\",\"icon\":\"\",\"image\":\"wp-content\\\/uploads\\\/2023\\\/08\\\/foglia-2-scura.svg\"}}]},{\"type\":\"text\",\"props\":{\"animation\":\"none\",\"block_align_breakpoint\":\"l\",\"block_align_fallback\":\"center\",\"column_breakpoint\":\"m\",\"content\":\"Erh\\u00e4ltlich als Desktop-Version f\\u00fcr die ideale Nutzung von Ihrem B\\u00fcro aus oder als mobile Version durch Herunterladen der App in den Stores (App Store und Google Play).\",\"margin\":\"medium\",\"margin_remove_top\":false,\"maxwidth\":\"xlarge\",\"maxwidth_breakpoint\":\"m\",\"parallax_breakpoint\":\"m\",\"parallax_easing\":\"0.3\",\"parallax_end\":\"50vh + 50%\",\"parallax_opacity\":\"0.7,1\",\"parallax_x\":\"-150,0\",\"text_align\":\"left\",\"text_align_breakpoint\":\"l\",\"text_align_fallback\":\"center\"}},{\"type\":\"button\",\"props\":{\"animation\":\"none\",\"grid_column_gap\":\"small\",\"grid_row_gap\":\"small\",\"margin\":\"\",\"parallax_breakpoint\":\"m\",\"parallax_easing\":\"0.3\",\"parallax_end\":\"50vh + 50%\",\"parallax_opacity\":\"0.7,1\",\"parallax_x\":\"-150,0\",\"text_align\":\"left\",\"text_align_breakpoint\":\"l\",\"text_align_fallback\":\"center\"},\"children\":[{\"type\":\"button_item\",\"props\":{\"button_style\":\"text\",\"content\":\"Unser Online Shop f\\u00fcr Pflanzen\",\"icon_align\":\"left\",\"link\":\"de\\\/webshop-pflanzen\"}}]}]},{\"type\":\"column\",\"props\":{\"image_position\":\"center-center\",\"order_first\":\"xs\",\"position_sticky_breakpoint\":\"m\",\"vertical_align\":\"middle\",\"width_large\":\"2-3\"},\"children\":[{\"type\":\"image\",\"props\":{\"animation\":\"none\",\"container_padding_remove\":true,\"image\":\"wp-content\\\/uploads\\\/2023\\\/07\\\/accesso-webshop-corretto.png\",\"image_alt\":\"accesso allo webshop innocenti e mangoni da desktop\",\"image_svg_color\":\"emphasis\",\"image_width\":\"700\",\"margin\":\"\",\"parallax_easing\":\"0.3\",\"parallax_end\":\"20vh + 20%\",\"parallax_x\":\"-50,0\",\"text_align\":\"center\"}}]}]}],\"name\":\"servizi webshop - 2024\"},{\"type\":\"section\",\"props\":{\"image_position\":\"center-center\",\"padding\":\"large\",\"padding_remove_bottom\":true,\"padding_remove_top\":true,\"style\":\"muted\",\"title_breakpoint\":\"xl\",\"title_position\":\"top-left\",\"title_rotation\":\"left\",\"vertical_align\":\"middle\",\"width\":\"large\",\"width_expand\":\"left\"},\"children\":[{\"type\":\"row\",\"props\":{\"column_gap\":\"large\",\"layout\":\"2-3,1-3\",\"row_gap\":\"large\"},\"children\":[{\"type\":\"column\",\"props\":{\"image_position\":\"center-center\",\"position_sticky_breakpoint\":\"m\",\"vertical_align\":\"middle\",\"width_large\":\"2-3\"},\"children\":[{\"type\":\"image\",\"props\":{\"animation\":\"none\",\"container_padding_remove\":true,\"image\":\"wp-content\\\/uploads\\\/2024\\\/01\\\/sales-department-DJI_0142.jpg\",\"image_alt\":\"Sales department\",\"image_svg_color\":\"emphasis\",\"image_width\":\"1300\",\"margin\":\"\",\"parallax_easing\":\"0.3\",\"parallax_end\":\"20vh + 20%\",\"parallax_x\":\"-50,0\",\"text_align\":\"center\"}}]},{\"type\":\"column\",\"props\":{\"image_position\":\"center-center\",\"position_sticky_breakpoint\":\"m\",\"vertical_align\":\"middle\",\"width_large\":\"1-3\"},\"children\":[{\"type\":\"divider\",\"props\":{\"animation\":\"none\",\"divider_align\":\"left\",\"divider_align_breakpoint\":\"l\",\"divider_align_fallback\":\"center\",\"divider_element\":\"div\",\"divider_style\":\"small\",\"parallax_x\":\"150,0\"}},{\"type\":\"headline\",\"props\":{\"animation\":\"parallax\",\"content\":\"Sales department\",\"margin_remove_top\":true,\"parallax_breakpoint\":\"m\",\"parallax_easing\":\"1\",\"parallax_end\":\"60vh + 60%\",\"parallax_opacity\":\"0.3,1\",\"parallax_y\":\"30,0\",\"text_align\":\"left\",\"text_align_breakpoint\":\"l\",\"text_align_fallback\":\"center\",\"title_element\":\"h3\",\"title_style\":\"h1\"}}]}]}],\"name\":\"servizi sales department - 2024\"}],\"version\":\"4.2.11\",\"yooessentialsVersion\":\"2.1.5\"} --><\/p>\n","protected":false},"excerpt":{"rendered":"<p><!-- Builder #page --><\/p>\n<div>KUNDENDIENST und Logistik<\/div>\n<h1>KUNDENDIENST<\/h1>\n<div>\n<p><strong>Jede Pflanze<\/strong>, die unsere Baumschule verl\u00e4sst, wird vor der Verpackung einer sorgf\u00e4ltigen Kontrolle durch unsere Qualit\u00e4tsverantwortlichen unterzogen.<\/p>\n<p><strong>So wird vermieden<\/strong>, dass die Artikel w\u00e4hrend des Verladens und beim Transport verderben. Auf speziellen Kundenwunsch verpacken und verschicken wir die Ware auch in <strong>Box-Paletten<\/strong> oder <strong>CC-Wagen<\/strong>, sofern die bestellte Pflanzenart dies zul\u00e4sst.<\/p>\n<\/div>\n<div>\n<p>Unser<strong> hochspezialisiertes Personal u\u0308bernimmt<\/strong> die Verladung und achtet darauf, dass die Integrit\u00e4t jeder Pflanze erhalten bleibt.<\/p>\n<p>Anhand dieser sorgf\u00e4ltigen und erprobten Verfahren gew\u00e4hrleisten wir, dass die <strong>Qualit\u00e4t der Pflanzen<\/strong> w\u00e4hrend des gesamten Transports erhalten bleibt. Daru\u0308ber hinaus k\u00f6nnen wir unseren Kunden einen kostenlosen Etikettierservice anbieten, der Barcodes, alle Eigenschaften eines jeden Artikels und ihren Verkaufspreis beinhaltet.<\/p>\n<p>Zus\u00e4tzlich haben wir eine Reihe von Fotoetiketten erstellt, bei der jede Art mit einem sch\u00f6nen Bild und einer Reihe von Eigenschaften und nu\u0308tzlichen Informationen fu\u0308r den Endverbraucher pr\u00e4sentiert wird.<\/p>\n<\/div>\n<p><img decoding=\"async\" src=\"http:\/\/innocentiemangonipiante.it\/wp-content\/uploads\/2016\/11\/iem-vivaio-58.jpg\" alt=\"\"><br \/>\n<img decoding=\"async\" src=\"http:\/\/innocentiemangonipiante.it\/wp-content\/uploads\/2016\/11\/iem-vivaio-66.jpg\" alt=\"\"><\/p>\n<div>\n<ul>\n<li>\n<h5>PERSONALISIERTE ETIKETTEN<\/h5>\n<\/li>\n<li>\n<h5>FOTOETIKETTEN<\/h5>\n<\/li>\n<li>\n<h5>ETIKETTEN\u00a0MIT VERKAUFSPREIS<\/h5>\n<\/li>\n<li>\n<h5>CC-WAGEN<\/h5>\n<\/li>\n<li>\n<h5><strong>PERSONALISIERTE ANGEBOTE<\/strong><\/h5>\n<\/li>\n<li>\n<h5><strong>PALETTEN<\/strong><\/h5>\n<\/li>\n<\/ul>\n<\/div>\n<p><img decoding=\"async\" src=\"http:\/\/innocentiemangonipiante.it\/wp-content\/uploads\/2014\/11\/elemento-1.png\" alt=\"\"><\/p>\n<h2>LOGISTIK<\/h2>\n<h2>Pflanzen in die ganze Welt<\/h2>\n<div>\n<p>Wir verfu\u0308gen u\u0308ber eine leistungsstarke <strong>Logistik und Dank der w\u00e4hrend langen Jahren<\/strong> erworbenen Erfahrung und Professionalit\u00e4t, gew\u00e4hren wir stets schnelle Lieferungen weltweit.<\/p>\n<p>Bis heute versenden <strong>wir unsere Pflanzen in u\u0308ber 50 L\u00e4nder weltwei<\/strong>t, von Nordeuropa u\u0308ber Nordafrika bis zum Fernosten.<\/p>\n<\/div>\n<p>\n    <a href=\"index.php?option=com_content&#038;view=article&#038;id=392&#038;catid=111&#038;lang=de-DE\">kontaktiere uns<\/a>\n<\/p>\n<p><img decoding=\"async\" src=\"http:\/\/innocentiemangonipiante.it\/wp-content\/uploads\/2016\/11\/iem-vivaio-68.jpg\" alt=\"\"><br \/>\n<img decoding=\"async\" src=\"http:\/\/innocentiemangonipiante.it\/wp-content\/uploads\/2016\/11\/iem-vivaio-37.jpg\" alt=\"\"><br \/>\n<img decoding=\"async\" src=\"http:\/\/innocentiemangonipiante.it\/wp-content\/uploads\/2014\/11\/elemento-1.png\" alt=\"\"><\/p>\n","protected":false},"author":2,"featured_media":11650,"parent":0,"menu_order":2,"comment_status":"open","ping_status":"open","template":"","meta":{"_acf_changed":false,"footnotes":""},"class_list":["post-7721","page","type-page","status-publish","has-post-thumbnail","hentry"],"acf":[],"_links":{"self":[{"href":"https:\/\/innocentiemangonipiante.it\/de\/wp-json\/wp\/v2\/pages\/7721","targetHints":{"allow":["GET"]}}],"collection":[{"href":"https:\/\/innocentiemangonipiante.it\/de\/wp-json\/wp\/v2\/pages"}],"about":[{"href":"https:\/\/innocentiemangonipiante.it\/de\/wp-json\/wp\/v2\/types\/page"}],"author":[{"embeddable":true,"href":"https:\/\/innocentiemangonipiante.it\/de\/wp-json\/wp\/v2\/users\/2"}],"replies":[{"embeddable":true,"href":"https:\/\/innocentiemangonipiante.it\/de\/wp-json\/wp\/v2\/comments?post=7721"}],"version-history":[{"count":0,"href":"https:\/\/innocentiemangonipiante.it\/de\/wp-json\/wp\/v2\/pages\/7721\/revisions"}],"wp:featuredmedia":[{"embeddable":true,"href":"https:\/\/innocentiemangonipiante.it\/de\/wp-json\/wp\/v2\/media\/11650"}],"wp:attachment":[{"href":"https:\/\/innocentiemangonipiante.it\/de\/wp-json\/wp\/v2\/media?parent=7721"}],"curies":[{"name":"wp","href":"https:\/\/api.w.org\/{rel}","templated":true}]}}