{"id":8599,"date":"2020-12-18T15:56:07","date_gmt":"2020-12-18T14:56:07","guid":{"rendered":"http:\/\/innocentiemangonipiante.it\/2021\/01\/11\/oeffentliche-einrichtungen-oder-ein-generalunternehmer\/"},"modified":"2024-01-16T17:46:35","modified_gmt":"2024-01-16T16:46:35","slug":"oeffentliche-einrichtungen-oder-ein-generalunternehmer","status":"publish","type":"page","link":"https:\/\/innocentiemangonipiante.it\/de\/oeffentliche-einrichtungen-oder-ein-generalunternehmer\/","title":{"rendered":"\u00d6ffentliche Einrichtungen oder ein Generalunternehmer"},"content":{"rendered":"<h1>\u00d6ffentliche Einrichtungen oder ein Generalunternehmer<\/h1>\n<div>\n<p>Seit vielen Jahren besch\u00e4ftigen wir uns mit der <strong>Lieferung von Pflanzen f\u00fcr \u00f6ffentliche Parks<\/strong>.<\/p>\n<p>Wir arbeiten mit Auftragnehmern in ganz <strong>Europa und der Welt zusammen<\/strong> und stellen unsere Werke in den Dienst von Projekten, die dazu beitragen, die Landschaft der St\u00e4dte gr\u00fcner zu gestalten.<\/p>\n<p>Wir f\u00fchren jeden Tag einen Dialog mit erfahrenen Auftragnehmern mit gro\u00dfem Wissen \u00fcber Anlagen wie uns und stellen uns gemeinsam den Herausforderungen, denen wir bei der Realisierung ehrgeiziger Arbeiten von Zeit zu Zeit begegnen.<\/p>\n<\/div>\n<div>\n<p>Der<strong> Pflanzenkatalog von Innocenti und Mangoni<\/strong> enth\u00e4lt die besten Zierg\u00e4rten, von kleinen Pflanzen bis zu gro\u00dfen B\u00e4umen.<\/p>\n<p>Eine gro\u00dfe Auswahl an Arten und Sorten, um jeden Wunsch zu erf\u00fcllen und \u00f6ffentliche und private Orte zu schaffen, an denen Natur und Gr\u00fcn die wirklichen Protagonisten sind.<\/p>\n<\/div>\n<p><img decoding=\"async\" src=\"\/wp-content\/uploads\/2023\/07\/etichette-piante.jpg\" alt=\"etichetta su pianta\" title=\"\"><br \/>\n<img decoding=\"async\" src=\"\/wp-content\/uploads\/2016\/11\/iem-vivaio-66.jpg\" alt=\"shipping plants all over the world\" title=\"\"><\/p>\n<div>\n<ul>\n<li>\n<h5>B\u00c4UME<\/h5>\n<\/li>\n<li>\n<h5>SHRUBS<\/h5>\n<\/li>\n<li>\n<h5>Nadelb\u00e4ume<\/h5>\n<\/li>\n<li>\n<h5>ST\u00c4NDIG<\/h5>\n<\/li>\n<li>\n<h5><strong>FARN<\/strong><\/h5>\n<\/li>\n<li>\n<h5>OBSTB\u00c4UME<\/h5>\n<\/li>\n<li>\n<h5>GR\u00c4SER<\/h5>\n<\/li>\n<li>\n<h5>KLETTERN<\/h5>\n<\/li>\n<li>\n<h5>TOPIARY<\/h5>\n<\/li>\n<li>\n<h5>ZITRUSFR\u00dcCHTE<\/h5>\n<\/li>\n<\/ul>\n<\/div>\n<p><!--more--><br \/>\n<!-- {\"name\":\"IT - FORNITURA PIANTE PER IL VERDE PUBBLICO\",\"type\":\"layout\",\"children\":[{\"name\":\"Hero\",\"type\":\"section\",\"props\":{\"header_transparent\":\"dark\",\"header_transparent_noplaceholder\":true,\"height\":\"percent\",\"image\":\"wp-content\\\/uploads\\\/2023\\\/07\\\/iem-vivaio-101.jpg\",\"image_position\":\"bottom-center\",\"image_size\":\"width-1-1\",\"image_width\":\"2560\",\"overlap\":false,\"padding\":\"xlarge\",\"style\":\"secondary\",\"title_breakpoint\":\"xl\",\"title_position\":\"top-left\",\"title_rotation\":\"left\",\"vertical_align\":\"middle\",\"video_height\":\"1200\",\"width\":\"\"},\"children\":[{\"type\":\"row\",\"children\":[{\"type\":\"column\",\"props\":{\"image_position\":\"center-center\",\"position_sticky_breakpoint\":\"m\",\"width_medium\":\"1-1\"}}]}]},{\"name\":\"testo\",\"type\":\"section\",\"props\":{\"image_position\":\"center-center\",\"padding\":\"large\",\"padding_remove_bottom\":true,\"style\":\"default\",\"title_breakpoint\":\"xl\",\"title_position\":\"top-left\",\"title_rotation\":\"left\",\"vertical_align\":\"middle\",\"width\":\"default\"},\"children\":[{\"type\":\"row\",\"children\":[{\"type\":\"column\",\"props\":{\"image_position\":\"center-center\",\"position_sticky_breakpoint\":\"m\"},\"children\":[{\"type\":\"headline\",\"props\":{\"content\":\"\\u00d6ffentliche Einrichtungen oder ein Generalunternehmer\",\"text_align\":\"center\",\"title_color\":\"primary\",\"title_element\":\"h1\",\"title_style\":\"heading-medium\"}},{\"type\":\"text\",\"props\":{\"column_breakpoint\":\"m\",\"content\":\"\n\n<p>Seit vielen Jahren besch\\u00e4ftigen wir uns mit der <strong>Lieferung von Pflanzen f\\u00fcr \\u00f6ffentliche Parks<\\\/strong>.<\\\/p>\\n\n\n<p>Wir arbeiten mit Auftragnehmern in ganz <strong>Europa und der Welt zusammen<\\\/strong> und stellen unsere Werke in den Dienst von Projekten, die dazu beitragen, die Landschaft der St\\u00e4dte gr\\u00fcner zu gestalten.<\\\/p>\\n\n\n<p>Wir f\\u00fchren jeden Tag einen Dialog mit erfahrenen Auftragnehmern mit gro\\u00dfem Wissen \\u00fcber Anlagen wie uns und stellen uns gemeinsam den Herausforderungen, denen wir bei der Realisierung ehrgeiziger Arbeiten von Zeit zu Zeit begegnen.<\\\/p>\",\"margin\":\"default\",\"text_align\":\"center\"}}]}]}]},{\"name\":\"About\",\"type\":\"section\",\"props\":{\"image_position\":\"center-center\",\"padding_remove_top\":false,\"style\":\"default\",\"title_breakpoint\":\"xl\",\"title_position\":\"center-right\",\"title_rotation\":\"left\",\"vertical_align\":\"middle\",\"width\":\"xlarge\"},\"children\":[{\"type\":\"row\",\"props\":{\"column_gap\":\"large\",\"layout\":\"1-2,1-2\",\"row_gap\":\"large\",\"vertical_align\":false},\"children\":[{\"type\":\"column\",\"props\":{\"image_position\":\"center-center\",\"position_sticky_breakpoint\":\"m\",\"width_medium\":\"1-2\",\"width_small\":\"1-2\"},\"children\":[{\"type\":\"divider\",\"props\":{\"divider_align\":\"left\",\"divider_align_breakpoint\":\"s\",\"divider_align_fallback\":\"center\",\"divider_element\":\"div\",\"divider_style\":\"small\"}},{\"type\":\"text\",\"props\":{\"column_breakpoint\":\"m\",\"content\":\"\n\n<p>Der<strong> Pflanzenkatalog von Innocenti und Mangoni<\\\/strong> enth\\u00e4lt die besten Zierg\\u00e4rten, von kleinen Pflanzen bis zu gro\\u00dfen B\\u00e4umen.<\\\/p>\\n\n\n<p>Eine gro\\u00dfe Auswahl an Arten und Sorten, um jeden Wunsch zu erf\\u00fcllen und \\u00f6ffentliche und private Orte zu schaffen, an denen Natur und Gr\\u00fcn die wirklichen Protagonisten sind.<\\\/p>\",\"margin\":\"large\",\"margin_remove_top\":true,\"maxwidth\":\"xlarge\",\"maxwidth_breakpoint\":\"m\",\"text_align\":\"left\",\"text_align_breakpoint\":\"s\",\"text_align_fallback\":\"center\"}},{\"type\":\"image\",\"props\":{\"image\":\"wp-content\\\/uploads\\\/2023\\\/07\\\/etichette-piante.jpg\",\"image_alt\":\"etichetta su pianta\",\"image_svg_color\":\"emphasis\",\"image_width\":\"650\",\"margin\":\"default\"}}]},{\"type\":\"column\",\"props\":{\"image_position\":\"center-center\",\"order_first\":\"s\",\"position_sticky_breakpoint\":\"m\",\"width_medium\":\"1-2\",\"width_small\":\"1-2\"},\"children\":[{\"type\":\"image\",\"props\":{\"image\":\"wp-content\\\/uploads\\\/2016\\\/11\\\/iem-vivaio-66.jpg\",\"image_alt\":\"shipping plants all over the world\",\"image_svg_color\":\"emphasis\",\"image_width\":\"650\",\"margin\":\"large\"}},{\"type\":\"text\",\"props\":{\"column\":\"1-2\",\"column_breakpoint\":\"m\",\"content\":\"\n\n<ul>\\n\n\n<li>\\n\n\n<h5>B\\u00c4UME<\\\/h5>\\n<\\\/li>\\n\n\n<li>\\n\n\n<h5>SHRUBS<\\\/h5>\\n<\\\/li>\\n\n\n<li>\\n\n\n<h5>Nadelb\\u00e4ume<\\\/h5>\\n<\\\/li>\\n\n\n<li>\\n\n\n<h5>ST\\u00c4NDIG<\\\/h5>\\n<\\\/li>\\n\n\n<li>\\n\n\n<h5><strong>FARN<\\\/strong><\\\/h5>\\n<\\\/li>\\n\n\n<li>\\n\n\n<h5>OBSTB\\u00c4UME<\\\/h5>\\n<\\\/li>\\n\n\n<li>\\n\n\n<h5>GR\\u00c4SER<\\\/h5>\\n<\\\/li>\\n\n\n<li>\\n\n\n<h5>KLETTERN<\\\/h5>\\n<\\\/li>\\n\n\n<li>\\n\n\n<h5>TOPIARY<\\\/h5>\\n<\\\/li>\\n\n\n<li>\\n\n\n<h5>ZITRUSFR\\u00dcCHTE<\\\/h5>\\n<\\\/li>\\n<\\\/ul>\",\"margin\":\"default\"}}]}]}]}],\"version\":\"4.2.11\",\"yooessentialsVersion\":\"2.1.5\"} --><\/p>\n","protected":false},"excerpt":{"rendered":"<p><!-- Builder #page --><\/p>\n<div>\u00f6ffentliche Einrichtungen oder ein Generalunternehmer<\/div>\n<h1>\u00f6ffentliche Einrichtungen oder ein Generalunternehmer<\/h1>\n<div>\n<p>\u00a0<\/p>\n<p>Seit vielen Jahren besch\u00e4ftigen wir uns mit der <strong>Lieferung von Pflanzen f\u00fcr \u00f6ffentliche Parks<\/strong>.<\/p>\n<p>Wir arbeiten mit Auftragnehmern in ganz <strong>Europa und der Welt zusammen<\/strong> und stellen unsere Werke in den Dienst von Projekten, die dazu beitragen, die Landschaft der St\u00e4dte gr\u00fcner zu gestalten.<\/p>\n<p>\u00a0<\/p>\n<\/div>\n<div>\n<p>Wir f\u00fchren jeden Tag einen Dialog mit erfahrenen Auftragnehmern mit gro\u00dfem Wissen \u00fcber Anlagen wie uns und stellen uns gemeinsam den Herausforderungen, denen wir bei der Realisierung ehrgeiziger Arbeiten von Zeit zu Zeit begegnen.<\/p>\n<p>Der<strong> Pflanzenkatalog von Innocenti und Mangoni<\/strong> enth\u00e4lt die besten Zierg\u00e4rten, von kleinen Pflanzen bis zu gro\u00dfen B\u00e4umen.<\/p>\n<p>Eine gro\u00dfe Auswahl an Arten und Sorten, um jeden Wunsch zu erf\u00fcllen und \u00f6ffentliche und private Orte zu schaffen, an denen Natur und Gr\u00fcn die wirklichen Protagonisten sind.<\/p>\n<\/div>\n<p><img decoding=\"async\" src=\"http:\/\/innocentiemangonipiante.it\/wp-content\/uploads\/2020\/04\/iem-vivaio-58.jpg\" alt=\"\"><br \/>\n<img decoding=\"async\" src=\"http:\/\/innocentiemangonipiante.it\/wp-content\/uploads\/2017\/05\/iem-vivaio-66.jpg\" alt=\"\"><\/p>\n<div>\n<ul>\n<li>\n<h5>B\u00c4UME<\/h5>\n<\/li>\n<li>\n<h5>SHRUBS<\/h5>\n<\/li>\n<li>\n<h5>Nadelb\u00e4ume<\/h5>\n<\/li>\n<li>\n<h5>ST\u00c4NDIG<\/h5>\n<\/li>\n<li>\n<h5><strong>FARN<\/strong><\/h5>\n<\/li>\n<li>\n<h5>OBSTB\u00c4UME<\/h5>\n<\/li>\n<li>\n<h5>GR\u00c4SER<\/h5>\n<\/li>\n<li>\n<h5>KLETTERN<\/h5>\n<\/li>\n<li>\n<h5>TOPIARY<\/h5>\n<\/li>\n<li>\n<h5>ZITRUSFR\u00dcCHTE<\/h5>\n<\/li>\n<\/ul>\n<\/div>\n<p><img decoding=\"async\" src=\"http:\/\/innocentiemangonipiante.it\/wp-content\/uploads\/2014\/11\/elemento-1.png\" alt=\"\"><\/p>\n","protected":false},"author":2,"featured_media":17564,"parent":0,"menu_order":8,"comment_status":"open","ping_status":"closed","template":"","meta":{"_acf_changed":false,"footnotes":""},"class_list":["post-8599","page","type-page","status-publish","has-post-thumbnail","hentry"],"acf":[],"_links":{"self":[{"href":"https:\/\/innocentiemangonipiante.it\/de\/wp-json\/wp\/v2\/pages\/8599","targetHints":{"allow":["GET"]}}],"collection":[{"href":"https:\/\/innocentiemangonipiante.it\/de\/wp-json\/wp\/v2\/pages"}],"about":[{"href":"https:\/\/innocentiemangonipiante.it\/de\/wp-json\/wp\/v2\/types\/page"}],"author":[{"embeddable":true,"href":"https:\/\/innocentiemangonipiante.it\/de\/wp-json\/wp\/v2\/users\/2"}],"replies":[{"embeddable":true,"href":"https:\/\/innocentiemangonipiante.it\/de\/wp-json\/wp\/v2\/comments?post=8599"}],"version-history":[{"count":0,"href":"https:\/\/innocentiemangonipiante.it\/de\/wp-json\/wp\/v2\/pages\/8599\/revisions"}],"wp:featuredmedia":[{"embeddable":true,"href":"https:\/\/innocentiemangonipiante.it\/de\/wp-json\/wp\/v2\/media\/17564"}],"wp:attachment":[{"href":"https:\/\/innocentiemangonipiante.it\/de\/wp-json\/wp\/v2\/media?parent=8599"}],"curies":[{"name":"wp","href":"https:\/\/api.w.org\/{rel}","templated":true}]}}