{"id":8642,"date":"2021-02-02T10:57:00","date_gmt":"2021-02-02T09:57:00","guid":{"rendered":"http:\/\/innocentiemangonipiante.it\/2021\/02\/02\/laden-sie-innocenti-mangoni-plant-app\/"},"modified":"2025-10-09T11:39:53","modified_gmt":"2025-10-09T09:39:53","slug":"laden-sie-i-m-plant-app","status":"publish","type":"page","link":"https:\/\/innocentiemangonipiante.it\/de\/laden-sie-i-m-plant-app\/","title":{"rendered":"Laden Sie I&#038;M plant App"},"content":{"rendered":"<p><a href=\"https:\/\/apps.apple.com\/it\/app\/i-m-plant\/id1553071465\" rel=\"nofollow noopener\" target=\"_blank\"><img decoding=\"async\" src=\"\/wp-content\/uploads\/2023\/07\/appstore.jpg\" alt=\"scarica app innocenti e mangoni su app store\" title=\"\"><\/a><br \/>\n<a href=\"https:\/\/play.google.com\/store\/apps\/details?id=it.innocentiemangonipiante.clienti&#038;hl=it\" rel=\"nofollow noopener\" target=\"_blank\"><img decoding=\"async\" src=\"\/wp-content\/uploads\/2023\/07\/googleplay-1.jpg\" alt=\"scarica app innocenti e mangoni su google play\" title=\"\"><\/a><\/p>\n<h1>Laden Sie unsere App herunter<\/h1>\n<div>\n<p><strong>I&amp;M PLANT.APP<\/strong> ist der digitale Baumschule von <strong>Innocenti &amp; Mangoni Piante<\/strong>.<\/p>\n<p>Lassen Sie die Entfernung verschwinden, durch die Benutzung von der Technologie. Eine App f\u00fcr alles: Kommunizieren Sie mit Ihrem engagierten Vertriebsleiter, erhalten Sie personalisierte Angebote, pr\u00fcfen Sie die Verf\u00fcgbarkeit unserer Pflanzen und betreten Sie unsere Baumschulen \u00fcber die neue virtuelle 360\u00b0-Besichtigung.<\/p>\n<p>Wir m\u00f6chten, hinsichtlich unserer stetigen Verbesserung der Pflanzen-Versorgung und Beratung, die Digitalisierung unserer Baumschule allen unseren Kunden zur Verf\u00fcgung stellen.<\/p>\n<p>Mit <strong>I&amp;M PLANT.APP<\/strong> kann jeder unserer Kunden, seien es <strong>Gartencenter<\/strong>, eine <strong>Gartenbaufirma<\/strong>, eine <strong>Baumschule<\/strong>, eine \u00f6ffentliche Einrichtungen oder ein<strong> Generalunternehmer<\/strong>, virtuell in unseren Baumschulen eintreten, alle von uns angebauten Pflanzensorten entdecken, bevorzugte Mengen und Gr\u00f6\u00dfen ausw\u00e4hlen und platzieren eine Bestellung.<\/p>\n<p>Wir betrachten unsere Pflanzen gerne als Bestandteil unserer Familie und unseres Landes.<\/p>\n<p>Auf \u00fcber 320 Hektar in der fruchtbaren Ebene von Pistoia betreuen wir mit Best\u00e4ndigkeit und Liebe mehr als 1500 Sorten von Zierpflanzen aller Formen und Gr\u00f6\u00dfen, B\u00e4umen und Nadelb\u00e4umen, mediterranen Arten, Obstb\u00e4umen, Rosen und k\u00fcnstlich gef\u00f6rmten Pflanzen mit nat\u00fcrlichen oder geometrischen und gar exzentrischen Formen.<\/p>\n<p>Die Hauptproduktionssektoren sind:<\/p>\n<p><strong>JUNGPFLANZEN<\/strong><\/p>\n<p><strong>FREILAND-BAUMSCHULE<\/strong><\/p>\n<p><strong>CONTAINER-BAUMSCHULE<\/strong><\/p>\n<p><strong>GEFORMTE PFLANZEN<\/strong><\/p>\n<p>\u00a0<\/p>\n<p>Laden Sie <strong>I&amp;M PLANT.APP<\/strong> herunter bleiben Sie mit uns Verbunden.<\/p>\n<p>\u00a0<\/p>\n<\/div>\n<hr>\n<p><a href=\"https:\/\/apps.apple.com\/it\/app\/i-m-plant\/id1553071465\" rel=\"nofollow noopener\" target=\"_blank\"><img decoding=\"async\" src=\"\/wp-content\/uploads\/2023\/07\/appstore.jpg\" alt=\"scarica app innocenti e mangoni su app store\" title=\"\"><\/a><br \/>\n<a href=\"https:\/\/play.google.com\/store\/apps\/details?id=it.innocentiemangonipiante.clienti&#038;hl=it\" rel=\"nofollow noopener\" target=\"_blank\"><img decoding=\"async\" src=\"\/wp-content\/uploads\/2023\/07\/googleplay-1.jpg\" alt=\"scarica app innocenti e mangoni su google play\" title=\"\"><\/a><\/p>\n<ul>\n<li>\n<p>        <img decoding=\"async\" src=\"\/wp-content\/uploads\/2025\/01\/Plant-app-2025-1-1.jpg\" alt=\"app innocenti e mangoni su smartphone\" title=\"\"><\/p>\n<p><a href=\"https:\/\/apps.innocentiemangonipiante.it\/\">Read more<\/a><\/p>\n<\/li>\n<li>\n<p>        <img decoding=\"async\" src=\"\/wp-content\/uploads\/2025\/01\/Plant-app-2025-2-deu.jpg\" alt=\"dashboard app innocenti e mangoni su smartphone\" title=\"\"><\/p>\n<p><a href=\"https:\/\/apps.innocentiemangonipiante.it\/\">Read more<\/a><\/p>\n<\/li>\n<li>\n<p>        <img decoding=\"async\" src=\"\/wp-content\/uploads\/2025\/01\/Plant-app-2025-3-deu.jpg\" alt=\"cerca pianta su app innocenti e mangoni su smartphone\" title=\"\"><\/p>\n<p><a href=\"https:\/\/apps.innocentiemangonipiante.it\/\">Read more<\/a><\/p>\n<\/li>\n<li>\n<p>        <img decoding=\"async\" src=\"\/wp-content\/uploads\/2025\/01\/Plant-app-2025-4-deu.jpg\" alt=\"offerte personalizzate su app innocenti e mangoni su smartphone\" title=\"\"><\/p>\n<p><a href=\"https:\/\/apps.innocentiemangonipiante.it\/\">Read more<\/a><\/p>\n<\/li>\n<li>\n<p>        <img decoding=\"async\" src=\"\/wp-content\/uploads\/2025\/01\/Plant-app-2025-5-deu.jpg\" alt=\"elenco ordini su app innocenti e mangoni su smartphone\" title=\"\"><\/p>\n<p><a href=\"https:\/\/apps.innocentiemangonipiante.it\/\">Read more<\/a><\/p>\n<\/li>\n<li>\n<p>        <img decoding=\"async\" src=\"\/wp-content\/uploads\/2025\/01\/Plant-app-2025-6-deu.jpg\" alt=\"carrello dell&#039;app innocenti e mangoni su smartphone\" title=\"\"><\/p>\n<p><a href=\"https:\/\/apps.innocentiemangonipiante.it\/\">Read more<\/a><\/p>\n<\/li>\n<li>\n<p>        <img decoding=\"async\" src=\"\/wp-content\/uploads\/2025\/01\/Plant-app-2025-7-deu.jpg\" alt=\"nursery virtual tour su app innocenti e mangoni su smartphone\" title=\"\"><\/p>\n<p><a href=\"https:\/\/apps.innocentiemangonipiante.it\/\">Read more<\/a><\/p>\n<\/li>\n<\/ul>\n<p><a href=\"https:\/\/apps.apple.com\/it\/app\/i-m-plant\/id1553071465\" rel=\"nofollow noopener\" target=\"_blank\"><img decoding=\"async\" src=\"\/wp-content\/uploads\/2023\/07\/appstore.jpg\" alt=\"scarica app innocenti e mangoni su app store\" title=\"\"><\/a><br \/>\n<a href=\"https:\/\/play.google.com\/store\/apps\/details?id=it.innocentiemangonipiante.clienti&#038;hl=it\" rel=\"nofollow noopener\" target=\"_blank\"><img decoding=\"async\" src=\"\/wp-content\/uploads\/2023\/07\/googleplay-1.jpg\" alt=\"scarica app innocenti e mangoni su google play\" title=\"\"><\/a><\/p>\n<p><!--more--><br \/>\n<!-- {\"name\":\"PAGINA SCARICA APP\",\"type\":\"layout\",\"children\":[{\"type\":\"section\",\"props\":{\"class\":\"videoapp\",\"css\":\".el-section {aspect-ratio: 16\\\/9;}\",\"header_transparent\":\"dark\",\"header_transparent_noplaceholder\":true,\"image_position\":\"center-center\",\"padding\":\"xlarge\",\"style\":\"default\",\"title_breakpoint\":\"xl\",\"title_position\":\"top-left\",\"title_rotation\":\"left\",\"vertical_align\":\"middle\",\"video\":\"wp-content\\\/uploads\\\/2025\\\/09\\\/Video-presentazione-APP.mp4\",\"video_height\":\"800\",\"width\":\"\"},\"children\":[{\"type\":\"row\",\"children\":[{\"type\":\"column\",\"props\":{\"image_position\":\"center-center\",\"position_sticky_breakpoint\":\"m\",\"width_medium\":\"1-1\"}}]}],\"name\":\"AAA-RIGA-VERDE\"},{\"type\":\"section\",\"props\":{\"class\":\"tastiscaricoapp\",\"image_position\":\"center-center\",\"style\":\"default\",\"title_breakpoint\":\"xl\",\"title_position\":\"top-left\",\"title_rotation\":\"left\",\"vertical_align\":\"middle\",\"width\":\"xlarge\"},\"children\":[{\"type\":\"row\",\"props\":{\"layout\":\"1-2,1-2\"},\"children\":[{\"type\":\"column\",\"props\":{\"image_position\":\"center-center\",\"position_sticky_breakpoint\":\"m\",\"width_medium\":\"1-2\"},\"children\":[{\"type\":\"image\",\"props\":{\"image\":\"wp-content\\\/uploads\\\/2023\\\/07\\\/appstore.jpg\",\"image_alt\":\"scarica app innocenti e mangoni su app store\",\"image_svg_color\":\"emphasis\",\"link\":\"https:\\\/\\\/apps.apple.com\\\/it\\\/app\\\/i-m-plant\\\/id1553071465\",\"margin\":\"default\",\"text_align\":\"right\"}}]},{\"type\":\"column\",\"props\":{\"image_position\":\"center-center\",\"position_sticky_breakpoint\":\"m\",\"width_medium\":\"1-2\"},\"children\":[{\"type\":\"image\",\"props\":{\"image\":\"wp-content\\\/uploads\\\/2023\\\/07\\\/googleplay-1.jpg\",\"image_alt\":\"scarica app innocenti e mangoni su google play\",\"image_svg_color\":\"emphasis\",\"link\":\"https:\\\/\\\/play.google.com\\\/store\\\/apps\\\/details?id=it.innocentiemangonipiante.clienti&hl=it\",\"margin\":\"default\"}}]}]}]},{\"type\":\"section\",\"props\":{\"image\":\"images\\\/2021\\\/icone\\\/iem-vivaio--109.jpg\",\"image_position\":\"bottom-right\",\"style\":\"default\",\"title_breakpoint\":\"xl\",\"title_position\":\"top-left\",\"title_rotation\":\"left\",\"vertical_align\":\"middle\",\"width\":\"xlarge\"},\"children\":[{\"type\":\"row\",\"children\":[{\"type\":\"column\",\"props\":{\"image_position\":\"center-center\",\"position_sticky_breakpoint\":\"m\"},\"children\":[{\"type\":\"headline\",\"props\":{\"content\":\"Laden Sie unsere App herunter\",\"title_color\":\"primary\",\"title_element\":\"h1\",\"title_style\":\"heading-medium\"}}]}]},{\"type\":\"row\",\"children\":[{\"type\":\"column\",\"props\":{\"image_position\":\"center-center\",\"position_sticky_breakpoint\":\"m\"},\"children\":[{\"type\":\"text\",\"props\":{\"column_breakpoint\":\"m\",\"content\":\"\n\n<p><strong>I&amp;M PLANT.APP<\\\/strong> ist der digitale Baumschule von <strong>Innocenti &amp; Mangoni Piante<\\\/strong>.<\\\/p>\\n\n\n<p>Lassen Sie die Entfernung verschwinden, durch die Benutzung von der Technologie. Eine App f\\u00fcr alles: Kommunizieren Sie mit Ihrem engagierten Vertriebsleiter, erhalten Sie personalisierte Angebote, pr\\u00fcfen Sie die Verf\\u00fcgbarkeit unserer Pflanzen und betreten Sie unsere Baumschulen \\u00fcber die neue virtuelle 360\\u00b0-Besichtigung.<\\\/p>\\n\n\n<p>Wir m\\u00f6chten, hinsichtlich unserer stetigen Verbesserung der Pflanzen-Versorgung und Beratung, die Digitalisierung unserer Baumschule allen unseren Kunden zur Verf\\u00fcgung stellen.<\\\/p>\\n\n\n<p>Mit <strong>I&amp;M PLANT.APP<\\\/strong> kann jeder unserer Kunden, seien es <strong>Gartencenter<\\\/strong>, eine <strong>Gartenbaufirma<\\\/strong>, eine <strong>Baumschule<\\\/strong>, eine \\u00f6ffentliche Einrichtungen oder ein<strong> Generalunternehmer<\\\/strong>, virtuell in unseren Baumschulen eintreten, alle von uns angebauten Pflanzensorten entdecken, bevorzugte Mengen und Gr\\u00f6\\u00dfen ausw\\u00e4hlen und platzieren eine Bestellung.<\\\/p>\\n\n\n<p>Wir betrachten unsere Pflanzen gerne als Bestandteil unserer Familie und unseres Landes.<\\\/p>\\n\n\n<p>Auf \\u00fcber 320 Hektar in der fruchtbaren Ebene von Pistoia betreuen wir mit Best\\u00e4ndigkeit und Liebe mehr als 1500 Sorten von Zierpflanzen aller Formen und Gr\\u00f6\\u00dfen, B\\u00e4umen und Nadelb\\u00e4umen, mediterranen Arten, Obstb\\u00e4umen, Rosen und k\\u00fcnstlich gef\\u00f6rmten Pflanzen mit nat\\u00fcrlichen oder geometrischen und gar exzentrischen Formen.<\\\/p>\\n\n\n<p>Die Hauptproduktionssektoren sind:<\\\/p>\\n\n\n<p><strong>JUNGPFLANZEN<\\\/strong><\\\/p>\\n\n\n<p><strong>FREILAND-BAUMSCHULE<\\\/strong><\\\/p>\\n\n\n<p><strong>CONTAINER-BAUMSCHULE<\\\/strong><\\\/p>\\n\n\n<p><strong>GEFORMTE PFLANZEN<\\\/strong><\\\/p>\\n\n\n<p>\\u00a0<\\\/p>\\n\n\n<p>Laden Sie <strong>I&amp;M PLANT.APP<\\\/strong> herunter bleiben Sie mit uns Verbunden.<\\\/p>\\n\n\n<p>\\u00a0<\\\/p>\",\"margin\":\"default\"}},{\"type\":\"divider\",\"props\":{\"divider_element\":\"hr\"}}]}]}]},{\"type\":\"section\",\"props\":{\"class\":\"tastiscaricoapp\",\"image_position\":\"center-center\",\"style\":\"default\",\"title_breakpoint\":\"xl\",\"title_position\":\"top-left\",\"title_rotation\":\"left\",\"vertical_align\":\"middle\",\"width\":\"xlarge\"},\"children\":[{\"type\":\"row\",\"props\":{\"layout\":\"1-2,1-2\"},\"children\":[{\"type\":\"column\",\"props\":{\"image_position\":\"center-center\",\"position_sticky_breakpoint\":\"m\",\"width_medium\":\"1-2\"},\"children\":[{\"type\":\"image\",\"props\":{\"image\":\"wp-content\\\/uploads\\\/2023\\\/07\\\/appstore.jpg\",\"image_alt\":\"scarica app innocenti e mangoni su app store\",\"image_svg_color\":\"emphasis\",\"link\":\"https:\\\/\\\/apps.apple.com\\\/it\\\/app\\\/i-m-plant\\\/id1553071465\",\"margin\":\"default\",\"text_align\":\"right\"}}]},{\"type\":\"column\",\"props\":{\"image_position\":\"center-center\",\"position_sticky_breakpoint\":\"m\",\"width_medium\":\"1-2\"},\"children\":[{\"type\":\"image\",\"props\":{\"image\":\"wp-content\\\/uploads\\\/2023\\\/07\\\/googleplay-1.jpg\",\"image_alt\":\"scarica app innocenti e mangoni su google play\",\"image_svg_color\":\"emphasis\",\"link\":\"https:\\\/\\\/play.google.com\\\/store\\\/apps\\\/details?id=it.innocentiemangonipiante.clienti&hl=it\",\"margin\":\"default\"}}]}]}]},{\"type\":\"section\",\"props\":{\"image\":\"wp-content\\\/uploads\\\/2023\\\/08\\\/piedino-1.svg\",\"image_position\":\"center-center\",\"media_overlay\":\"#F5F5F3\",\"padding\":\"none\",\"style\":\"default\",\"title_breakpoint\":\"xl\",\"title_position\":\"top-left\",\"title_rotation\":\"left\",\"vertical_align\":\"middle\",\"width\":\"\"},\"children\":[{\"type\":\"row\",\"children\":[{\"type\":\"column\",\"props\":{\"image_position\":\"center-center\",\"position_sticky_breakpoint\":\"m\"},\"children\":[{\"type\":\"overlay-slider\",\"props\":{\"image_transition\":\"scale-up\",\"image_width\":\"400\",\"link_style\":\"default\",\"link_text\":\"Read more\",\"margin\":\"default\",\"meta_align\":\"below-title\",\"meta_element\":\"div\",\"meta_style\":\"text-meta\",\"nav\":\"\",\"nav_align\":\"center\",\"nav_breakpoint\":\"s\",\"overlay_hover\":true,\"overlay_mode\":\"caption\",\"overlay_padding\":\"large\",\"overlay_position\":\"bottom-center\",\"overlay_style\":\"overlay-primary\",\"overlay_transition\":\"fade\",\"show_content\":false,\"show_hover_image\":true,\"show_link\":false,\"show_meta\":true,\"show_title\":false,\"slidenav\":\"outside\",\"slidenav_breakpoint\":\"s\",\"slidenav_margin\":\"medium\",\"slidenav_outside_breakpoint\":\"xl\",\"slider_autoplay\":true,\"slider_autoplay_pause\":true,\"slider_center\":true,\"slider_gap\":\"default\",\"slider_width\":\"fixed\",\"slider_width_default\":\"1-1\",\"slider_width_medium\":\"1-4\",\"text_align\":\"center\",\"title_element\":\"h3\",\"title_hover_style\":\"reset\"},\"children\":[{\"type\":\"overlay-slider_item\",\"props\":{\"content\":\"\",\"image\":\"wp-content\\\/uploads\\\/2025\\\/01\\\/Plant-app-2025-1-1.jpg\",\"image_alt\":\"app innocenti e mangoni su smartphone\",\"link\":\"https:\\\/\\\/apps.innocentiemangonipiante.it\\\/\",\"title\":\"\"}},{\"type\":\"overlay-slider_item\",\"props\":{\"content\":\"\",\"image\":\"wp-content\\\/uploads\\\/2025\\\/01\\\/Plant-app-2025-2-deu.jpg\",\"image_alt\":\"dashboard app innocenti e mangoni su smartphone\",\"link\":\"https:\\\/\\\/apps.innocentiemangonipiante.it\\\/\",\"title\":\"\"}},{\"type\":\"overlay-slider_item\",\"props\":{\"content\":\"\",\"image\":\"wp-content\\\/uploads\\\/2025\\\/01\\\/Plant-app-2025-3-deu.jpg\",\"image_alt\":\"cerca pianta su app innocenti e mangoni su smartphone\",\"link\":\"https:\\\/\\\/apps.innocentiemangonipiante.it\\\/\"}},{\"type\":\"overlay-slider_item\",\"props\":{\"content\":\"\",\"image\":\"wp-content\\\/uploads\\\/2025\\\/01\\\/Plant-app-2025-4-deu.jpg\",\"image_alt\":\"offerte personalizzate su app innocenti e mangoni su smartphone\",\"link\":\"https:\\\/\\\/apps.innocentiemangonipiante.it\\\/\"}},{\"type\":\"overlay-slider_item\",\"props\":{\"content\":\"\",\"image\":\"wp-content\\\/uploads\\\/2025\\\/01\\\/Plant-app-2025-5-deu.jpg\",\"image_alt\":\"elenco ordini su app innocenti e mangoni su smartphone\",\"link\":\"https:\\\/\\\/apps.innocentiemangonipiante.it\\\/\"}},{\"type\":\"overlay-slider_item\",\"props\":{\"content\":\"\",\"image\":\"wp-content\\\/uploads\\\/2025\\\/01\\\/Plant-app-2025-6-deu.jpg\",\"image_alt\":\"carrello dell'app innocenti e mangoni su smartphone\",\"link\":\"https:\\\/\\\/apps.innocentiemangonipiante.it\\\/\"}},{\"type\":\"overlay-slider_item\",\"props\":{\"content\":\"\",\"image\":\"wp-content\\\/uploads\\\/2025\\\/01\\\/Plant-app-2025-7-deu.jpg\",\"image_alt\":\"nursery virtual tour su app innocenti e mangoni su smartphone\",\"link\":\"https:\\\/\\\/apps.innocentiemangonipiante.it\\\/\"}}]}]}]}]},{\"type\":\"section\",\"props\":{\"class\":\"tastiscaricoapp\",\"image_position\":\"center-center\",\"style\":\"default\",\"title_breakpoint\":\"xl\",\"title_position\":\"top-left\",\"title_rotation\":\"left\",\"vertical_align\":\"middle\",\"width\":\"xlarge\"},\"children\":[{\"type\":\"row\",\"props\":{\"layout\":\"1-2,1-2\"},\"children\":[{\"type\":\"column\",\"props\":{\"image_position\":\"center-center\",\"position_sticky_breakpoint\":\"m\",\"width_medium\":\"1-2\"},\"children\":[{\"type\":\"image\",\"props\":{\"image\":\"wp-content\\\/uploads\\\/2023\\\/07\\\/appstore.jpg\",\"image_alt\":\"scarica app innocenti e mangoni su app store\",\"image_svg_color\":\"emphasis\",\"link\":\"https:\\\/\\\/apps.apple.com\\\/it\\\/app\\\/i-m-plant\\\/id1553071465\",\"margin\":\"default\",\"text_align\":\"right\"}}]},{\"type\":\"column\",\"props\":{\"image_position\":\"center-center\",\"position_sticky_breakpoint\":\"m\",\"width_medium\":\"1-2\"},\"children\":[{\"type\":\"image\",\"props\":{\"image\":\"wp-content\\\/uploads\\\/2023\\\/07\\\/googleplay-1.jpg\",\"image_alt\":\"scarica app innocenti e mangoni su google play\",\"image_svg_color\":\"emphasis\",\"link\":\"https:\\\/\\\/play.google.com\\\/store\\\/apps\\\/details?id=it.innocentiemangonipiante.clienti&hl=it\",\"margin\":\"default\"}}]}]}]}],\"version\":\"4.2.13\",\"yooessentialsVersion\":\"2.1.5\"} --><\/p>\n","protected":false},"excerpt":{"rendered":"<div>\n<p>\u00a0<\/p>\n<p>\u00a0<\/p>\n<p>\u00a0<\/p>\n<p>\u00a0<\/p>\n<p>\u00a0<\/p>\n<p>\u00a0<\/p>\n<p>\u00a0<\/p>\n<p>\u00a0<\/p>\n<p>\u00a0<\/p>\n<p>\u00a0<\/p>\n<p>\u00a0<\/p>\n<\/div>\n<h1>Laden Sie unsere App herunter<\/h1>\n<div>\n<p><strong>I&amp;M PLANT.APP<\/strong> ist der digitale Baumschule von <strong>Innocenti &amp; Mangoni Piante<\/strong>.<\/p>\n<p>Lassen Sie die Entfernung verschwinden, durch die Benutzung von der Technologie. Eine App f\u00fcr alles: Kommunizieren Sie mit Ihrem engagierten Vertriebsleiter, erhalten Sie personalisierte Angebote, pr\u00fcfen Sie die Verf\u00fcgbarkeit unserer Pflanzen und betreten Sie unsere Baumschulen \u00fcber die neue virtuelle 360\u00b0-Besichtigung.<\/p>\n<p>Wir m\u00f6chten, hinsichtlich unserer stetigen Verbesserung der Pflanzen-Versorgung und Beratung, die Digitalisierung unserer Baumschule allen unseren Kunden zur Verf\u00fcgung stellen.<\/p>\n<p>Mit <strong>I&amp;M PLANT.APP<\/strong> kann jeder unserer Kunden, seien es <strong>Gartencenter<\/strong>, eine <strong>Gartenbaufirma<\/strong>, eine <strong>Baumschule<\/strong>, eine \u00f6ffentliche Einrichtungen oder ein<strong> Generalunternehmer<\/strong>, virtuell in unseren Baumschulen eintreten, alle von uns angebauten Pflanzensorten entdecken, bevorzugte Mengen und Gr\u00f6\u00dfen ausw\u00e4hlen und platzieren eine Bestellung.<\/p>\n<p>Wir betrachten unsere Pflanzen gerne als Bestandteil unserer Familie und unseres Landes.<\/p>\n<p>Auf \u00fcber 320 Hektar in der fruchtbaren Ebene von Pistoia betreuen wir mit Best\u00e4ndigkeit und Liebe mehr als 1500 Sorten von Zierpflanzen aller Formen und Gr\u00f6\u00dfen, B\u00e4umen und Nadelb\u00e4umen, mediterranen Arten, Obstb\u00e4umen, Rosen und k\u00fcnstlich gef\u00f6rmten Pflanzen mit nat\u00fcrlichen oder geometrischen und gar exzentrischen Formen.<\/p>\n<p>Die Hauptproduktionssektoren sind:<\/p>\n<p><strong>JUNGPFLANZEN<\/strong><\/p>\n<p><strong>FREILAND-BAUMSCHULE<\/strong><\/p>\n<p><strong>CONTAINER-BAUMSCHULE<\/strong><\/p>\n<p><strong>GEFORMTE PFLANZEN<\/strong><\/p>\n<p>\u00a0<\/p>\n<p>Laden Sie <strong>I&amp;M PLANT.APP<\/strong> herunter bleiben Sie mit uns Verbunden.<\/p>\n<p>\u00a0<\/p>\n<\/div>\n<hr>\n<p><video src=\"\/images\/video\/ad%20app%20TEDESCO.mp4\" poster=\"\"><\/video><br \/>\n<a href=\"https:\/\/apps.apple.com\/de\/app\/i-m-plant\/id1553071465\"><img decoding=\"async\" src=\"http:\/\/innocentiemangonipiante.it\/wp-content\/uploads\/2011\/05\/appstore.jpg\" alt=\"\"><\/a><br \/>\n<a href=\"https:\/\/play.google.com\/store\/apps\/details?id=it.innocentiemangonipiante.clienti&#038;hl=de\"><img decoding=\"async\" src=\"http:\/\/innocentiemangonipiante.it\/wp-content\/uploads\/2011\/05\/googleplay.jpg\" alt=\"\"><\/a><\/p>\n<hr>\n<ul>\n<li>\n<p>        <img decoding=\"async\" src=\"http:\/\/innocentiemangonipiante.it\/wp-content\/uploads\/2021\/02\/screenshot_iphone_11_amm_APP-scaled.jpg\" alt=\"\"><\/p>\n<div>\n<p>Testo funzionalit\u00e0 di nquesta pagina\u00a0Testo funzionalit\u00e0 di nquesta paginaTesto funzionalit\u00e0 di nquesta paginaTesto funzionalit\u00e0 di nquesta paginaTesto funzionalit\u00e0 di nquesta paginaTesto funzionalit\u00e0 di nquesta paginaTesto funzionalit\u00e0 di <strong>nquesta<\/strong> paginaTesto funzionalit\u00e0 di nquesta pagina<\/p>\n<p>\u00a0<\/p>\n<p><strong><a href=\"INSTALLA ADESSO\">INSTALLA ADESSO<\/a><\/strong><\/p>\n<\/div>\n<p><a href=\"#\">Read more<\/a><\/p>\n<\/li>\n<li>\n<p>        <img decoding=\"async\" src=\"http:\/\/innocentiemangonipiante.it\/wp-content\/uploads\/2021\/02\/screenshot_iphone_11_amm_DASHBOARD-scaled.jpg\" alt=\"\"><\/p>\n<div>\n<p>Testo funzionalit\u00e0 di nquesta pagina\u00a0Testo funzionalit\u00e0 di nquesta paginaTesto funzionalit\u00e0 di nquesta paginaTesto funzionalit\u00e0 di nquesta paginaTesto funzionalit\u00e0 di nquesta paginaTesto funzionalit\u00e0 di nquesta paginaTesto funzionalit\u00e0 di\u00a0<strong>nquesta<\/strong>\u00a0paginaTesto funzionalit\u00e0 di nquesta pagina<\/p>\n<p>\u00a0<\/p>\n<p><strong><a href=\"INSTALLA ADESSO\">INSTALLA ADESSO<\/a><\/strong><\/p>\n<\/div>\n<\/li>\n<li>\n<p>        <img decoding=\"async\" src=\"http:\/\/innocentiemangonipiante.it\/wp-content\/uploads\/2021\/02\/screenshot_iphone_11_amm_CERCA_PIANTA-scaled.jpg\" alt=\"\"><\/p>\n<div>\n<p>Testo funzionalit\u00e0 di nquesta pagina\u00a0Testo funzionalit\u00e0 di nquesta paginaTesto funzionalit\u00e0 di nquesta paginaTesto funzionalit\u00e0 di nquesta paginaTesto funzionalit\u00e0 di nquesta paginaTesto funzionalit\u00e0 di nquesta paginaTesto funzionalit\u00e0 di\u00a0<strong>nquesta<\/strong>\u00a0paginaTesto funzionalit\u00e0 di nquesta pagina<\/p>\n<p>\u00a0<\/p>\n<p><strong><a href=\"INSTALLA ADESSO\">INSTALLA ADESSO<\/a><\/strong><\/p>\n<\/div>\n<\/li>\n<li>\n<p>        <img decoding=\"async\" src=\"http:\/\/innocentiemangonipiante.it\/wp-content\/uploads\/2021\/02\/screenshot_iphone_11_amm_OFFERTE_PERSONALIZZATE-scaled.jpg\" alt=\"\"><\/p>\n<div>\n<p>Testo funzionalit\u00e0 di nquesta pagina\u00a0Testo funzionalit\u00e0 di nquesta paginaTesto funzionalit\u00e0 di nquesta paginaTesto funzionalit\u00e0 di nquesta paginaTesto funzionalit\u00e0 di nquesta paginaTesto funzionalit\u00e0 di nquesta paginaTesto funzionalit\u00e0 di\u00a0<strong>nquesta<\/strong>\u00a0paginaTesto funzionalit\u00e0 di nquesta pagina<\/p>\n<p>\u00a0<\/p>\n<p><strong><a href=\"INSTALLA ADESSO\">INSTALLA ADESSO<\/a><\/strong><\/p>\n<\/div>\n<\/li>\n<li>\n<p>        <img decoding=\"async\" src=\"http:\/\/innocentiemangonipiante.it\/wp-content\/uploads\/2021\/02\/screenshot_iphone_11_amm_ELENCO_ORDINI.jpg\" alt=\"\"><\/p>\n<div>\n<p>Testo funzionalit\u00e0 di nquesta pagina\u00a0Testo funzionalit\u00e0 di nquesta paginaTesto funzionalit\u00e0 di nquesta paginaTesto funzionalit\u00e0 di nquesta paginaTesto funzionalit\u00e0 di nquesta paginaTesto funzionalit\u00e0 di nquesta paginaTesto funzionalit\u00e0 di\u00a0<strong>nquesta<\/strong>\u00a0paginaTesto funzionalit\u00e0 di nquesta pagina<\/p>\n<p>\u00a0<\/p>\n<p><strong><a href=\"INSTALLA ADESSO\">INSTALLA ADESSO<\/a><\/strong><\/p>\n<\/div>\n<\/li>\n<li>\n<p>        <img decoding=\"async\" src=\"http:\/\/innocentiemangonipiante.it\/wp-content\/uploads\/2021\/02\/screenshot_iphone_11_amm_METTI_NEL_CARRELLO-scaled.jpg\" alt=\"\"><\/p>\n<div>\n<p>Testo funzionalit\u00e0 di nquesta pagina\u00a0Testo funzionalit\u00e0 di nquesta paginaTesto funzionalit\u00e0 di nquesta paginaTesto funzionalit\u00e0 di nquesta paginaTesto funzionalit\u00e0 di nquesta paginaTesto funzionalit\u00e0 di nquesta paginaTesto funzionalit\u00e0 di\u00a0<strong>nquesta<\/strong>\u00a0paginaTesto funzionalit\u00e0 di nquesta pagina<\/p>\n<p>\u00a0<\/p>\n<p><strong><a href=\"INSTALLA ADESSO\">INSTALLA ADESSO<\/a><\/strong><\/p>\n<\/div>\n<\/li>\n<li>\n<p>        <img decoding=\"async\" src=\"http:\/\/innocentiemangonipiante.it\/wp-content\/uploads\/2021\/02\/screenshot_iphone_11_amm_VIRTUAL_TOUR-scaled.jpg\" alt=\"\"><\/p>\n<div>\n<p>Testo funzionalit\u00e0 di nquesta pagina\u00a0Testo funzionalit\u00e0 di nquesta paginaTesto funzionalit\u00e0 di nquesta paginaTesto funzionalit\u00e0 di nquesta paginaTesto funzionalit\u00e0 di nquesta paginaTesto funzionalit\u00e0 di nquesta paginaTesto funzionalit\u00e0 di\u00a0<strong>nquesta<\/strong>\u00a0paginaTesto funzionalit\u00e0 di nquesta pagina<\/p>\n<p>\u00a0<\/p>\n<p><strong><a href=\"INSTALLA ADESSO\">INSTALLA ADESSO<\/a><\/strong><\/p>\n<\/div>\n<\/li>\n<\/ul>\n<p><a href=\"https:\/\/apps.apple.com\/de\/app\/i-m-plant\/id1553071465\"><img decoding=\"async\" src=\"http:\/\/innocentiemangonipiante.it\/wp-content\/uploads\/2011\/05\/appstore.jpg\" alt=\"\"><\/a><br \/>\n<a href=\"https:\/\/play.google.com\/store\/apps\/details?id=it.innocentiemangonipiante.clienti&#038;hl=de\"><img decoding=\"async\" src=\"http:\/\/innocentiemangonipiante.it\/wp-content\/uploads\/2011\/05\/googleplay.jpg\" alt=\"\"><\/a><\/p>\n","protected":false},"author":2,"featured_media":17317,"parent":0,"menu_order":6,"comment_status":"open","ping_status":"closed","template":"","meta":{"_acf_changed":false,"footnotes":""},"class_list":["post-8642","page","type-page","status-publish","has-post-thumbnail","hentry"],"acf":[],"_links":{"self":[{"href":"https:\/\/innocentiemangonipiante.it\/de\/wp-json\/wp\/v2\/pages\/8642","targetHints":{"allow":["GET"]}}],"collection":[{"href":"https:\/\/innocentiemangonipiante.it\/de\/wp-json\/wp\/v2\/pages"}],"about":[{"href":"https:\/\/innocentiemangonipiante.it\/de\/wp-json\/wp\/v2\/types\/page"}],"author":[{"embeddable":true,"href":"https:\/\/innocentiemangonipiante.it\/de\/wp-json\/wp\/v2\/users\/2"}],"replies":[{"embeddable":true,"href":"https:\/\/innocentiemangonipiante.it\/de\/wp-json\/wp\/v2\/comments?post=8642"}],"version-history":[{"count":0,"href":"https:\/\/innocentiemangonipiante.it\/de\/wp-json\/wp\/v2\/pages\/8642\/revisions"}],"wp:featuredmedia":[{"embeddable":true,"href":"https:\/\/innocentiemangonipiante.it\/de\/wp-json\/wp\/v2\/media\/17317"}],"wp:attachment":[{"href":"https:\/\/innocentiemangonipiante.it\/de\/wp-json\/wp\/v2\/media?parent=8642"}],"curies":[{"name":"wp","href":"https:\/\/api.w.org\/{rel}","templated":true}]}}