{"id":8643,"date":"2020-04-27T19:34:02","date_gmt":"2020-04-27T17:34:02","guid":{"rendered":"http:\/\/innocentiemangonipiante.it\/2020\/04\/27\/zertifizierungen\/"},"modified":"2024-01-16T17:41:38","modified_gmt":"2024-01-16T16:41:38","slug":"zertifizierungen","status":"publish","type":"page","link":"https:\/\/innocentiemangonipiante.it\/de\/zertifizierungen\/","title":{"rendered":"Zertifizierungen"},"content":{"rendered":"<h1>Qualit\u00e4tszertifizierungen<\/h1>\n<div>\n<p><strong>Inspiriert von Dankbarkeit und Respekt vor der Natur. T\u00e4glich.<\/strong><\/p>\n<p>Es ist die t\u00e4gliche Pflege unserer Pflanzen, die Wahl technologisch fortschrittlicher und \u00f6kologisch nachhaltiger Anbautechniken, die unsere Arbeit bewegen.<\/p>\n<p>Wir verwenden unseren Verstand und unsere H\u00e4nde, um unsere Pflanzen auszuw\u00e4hlen, zu kultivieren und zu z\u00fcchten, um jeden Landschaftsbedarf mit Innovation, Transparenz und vor allem Nachhaltigkeit zu gestalten.<\/p>\n<p>Wir setzen all unser Wissen und K\u00f6nnen, das wir in jahrzehntelanger Arbeit erworben haben, in jede Pflanze ein, die wir anbauen, damit die n\u00e4chste Pflanzengeneration f\u00fcr die n\u00e4chste Generation von Menschen st\u00e4rker und \u00fcppiger wird.<\/p>\n<\/div>\n<div>\n<p>    <img decoding=\"async\" src=\"\/wp-content\/uploads\/2023\/07\/iem-vivaio-58.jpg\" alt=\"apporre certificazione piante\" title=\"\"><\/p>\n<h3>Vivaio 1<\/h3>\n<\/div>\n<div>\n<p>        <img decoding=\"async\" src=\"\/wp-content\/uploads\/2023\/07\/CERTIFICAZIONE-AMBIENTALE-MPS.png\" alt=\"LOGO CERTIFICAZIONE AMBIENTALE MPS\" title=\"\"><\/p>\n<h3>Umweltzertifizierung MPS (klasse A)<\/h3>\n<div>\n<p>Die MPS-Umweltzertifizierung garantiert die Qualit\u00e4t und Nachhaltigkeit des Kindergartensektors. Durch die Erfassung unseres Verbrauchs k\u00f6nnen wir das Niveau einer nachhaltigen Produktion \u00fcberwachen und die erforderlichen \u00c4nderungen an der Arbeit vornehmen, indem wir die Umweltbelastung verringern. Diese Art der Zertifizierung garantiert nicht nur \u00f6kologische Nachhaltigkeit, sondern auch die Achtung des Kunden und ethische Arbeitsbedingungen.<\/p>\n<\/div>\n<\/div>\n<div>\n<p>        <img decoding=\"async\" src=\"\/wp-content\/uploads\/2023\/07\/global-gap-logo-w500x461.png\" alt=\"logo global gap\" title=\"\"><\/p>\n<h3>Global gap certification<\/h3>\n<div>\n<p>Global Gap legt freiwillige Standards f\u00fcr die Zertifizierung landwirtschaftlicher Produkte und Pflanzen auf der ganzen Welt fest, um gute landwirtschaftliche Praktiken zu standardisieren (G.A.P.). Es ist die Zertifizierung, die unseren Kunden die Qualit\u00e4t, Sicherheit und dokumentierte R\u00fcckverfolgbarkeit unserer Baumschulproduktion garantiert.<\/p>\n<\/div>\n<\/div>\n<p><!--more--><br \/>\n<!-- {\"name\":\"pagina sezioni menu principale\",\"type\":\"layout\",\"children\":[{\"name\":\"Hero\",\"type\":\"section\",\"props\":{\"header_transparent\":\"dark\",\"header_transparent_noplaceholder\":true,\"height\":\"percent\",\"image\":\"wp-content\\\/uploads\\\/2023\\\/07\\\/iem-vivaio-167.jpg\",\"image_position\":\"center-center\",\"image_size\":\"cover\",\"image_width\":\"2560\",\"overlap\":false,\"padding\":\"xlarge\",\"style\":\"secondary\",\"title_breakpoint\":\"xl\",\"title_position\":\"top-left\",\"title_rotation\":\"left\",\"vertical_align\":\"middle\",\"video_height\":\"1200\",\"width\":\"\"},\"children\":[{\"type\":\"row\",\"children\":[{\"type\":\"column\",\"props\":{\"image_position\":\"center-center\",\"position_sticky_breakpoint\":\"m\",\"width_medium\":\"1-1\"}}]}]},{\"name\":\"About\",\"type\":\"section\",\"props\":{\"animation\":\"fade\",\"image_position\":\"center-center\",\"overlap\":true,\"padding\":\"large\",\"padding_remove_bottom\":false,\"style\":\"default\",\"title_breakpoint\":\"xl\",\"title_position\":\"top-left\",\"title_rotation\":\"left\",\"vertical_align\":\"middle\",\"width\":\"large\"},\"children\":[{\"type\":\"row\",\"props\":{\"column_gap\":\"large\",\"layout\":\"1-2,1-2\",\"row_gap\":\"large\"},\"children\":[{\"type\":\"column\",\"props\":{\"image_position\":\"center-center\",\"position_sticky_breakpoint\":\"m\",\"width_medium\":\"1-2\"},\"children\":[{\"type\":\"headline\",\"props\":{\"content\":\"Qualit\\u00e4tszertifizierungen\",\"margin\":\"remove-vertical\",\"title_color\":\"primary\",\"title_element\":\"h1\",\"title_style\":\"heading-small\"}},{\"type\":\"text\",\"props\":{\"column_breakpoint\":\"m\",\"content\":\"\n\n<p><strong>Inspiriert von Dankbarkeit und Respekt vor der Natur. T\\u00e4glich.<\\\/strong><\\\/p>\\n\n\n<p>Es ist die t\\u00e4gliche Pflege unserer Pflanzen, die Wahl technologisch fortschrittlicher und \\u00f6kologisch nachhaltiger Anbautechniken, die unsere Arbeit bewegen.<\\\/p>\\n\n\n<p>Wir verwenden unseren Verstand und unsere H\\u00e4nde, um unsere Pflanzen auszuw\\u00e4hlen, zu kultivieren und zu z\\u00fcchten, um jeden Landschaftsbedarf mit Innovation, Transparenz und vor allem Nachhaltigkeit zu gestalten.<\\\/p>\\n\n\n<p>Wir setzen all unser Wissen und K\\u00f6nnen, das wir in jahrzehntelanger Arbeit erworben haben, in jede Pflanze ein, die wir anbauen, damit die n\\u00e4chste Pflanzengeneration f\\u00fcr die n\\u00e4chste Generation von Menschen st\\u00e4rker und \\u00fcppiger wird.<\\\/p>\",\"margin\":\"medium\",\"margin_remove_top\":false}}]},{\"type\":\"column\",\"props\":{\"image_position\":\"center-center\",\"position_sticky_breakpoint\":\"m\",\"vertical_align\":\"bottom\",\"width_medium\":\"1-2\"},\"children\":[{\"type\":\"gallery\",\"props\":{\"class\":\"uk-hidden-touch\",\"css\":\".el-element .el-item > :nth-child(2) { z-index: 1; }\",\"filter\":false,\"filter_align\":\"left\",\"filter_all\":true,\"filter_grid_breakpoint\":\"m\",\"filter_grid_width\":\"auto\",\"filter_position\":\"top\",\"filter_style\":\"tab\",\"grid_column_gap\":\"small\",\"grid_default\":\"1\",\"grid_medium\":\"\",\"grid_row_gap\":\"small\",\"item_animation\":true,\"lightbox\":false,\"link_style\":\"default\",\"link_text\":\"\",\"margin\":\"\",\"meta_align\":\"below-title\",\"meta_element\":\"div\",\"meta_style\":\"text-meta\",\"overlay_hover\":false,\"overlay_link\":false,\"overlay_mode\":\"caption\",\"overlay_position\":\"top\",\"overlay_style\":\"overlay-primary\",\"overlay_transition\":\"fade\",\"parallax_easing\":\"1\",\"position_bottom\":\"-150\",\"show_content\":true,\"show_hover_image\":true,\"show_link\":true,\"show_meta\":false,\"show_title\":false,\"text_align\":\"center\",\"text_color\":\"light\",\"title_element\":\"h3\",\"title_hover_style\":\"reset\"},\"children\":[{\"type\":\"gallery_item\",\"props\":{\"hover_image\":\"\",\"image\":\"wp-content\\\/uploads\\\/2023\\\/07\\\/iem-vivaio-58.jpg\",\"image_alt\":\"apporre certificazione piante\",\"title\":\"Vivaio 1\"}}]}]}]}]},{\"type\":\"section\",\"props\":{\"image_position\":\"center-center\",\"padding_remove_top\":false,\"style\":\"muted\",\"title_breakpoint\":\"xl\",\"title_position\":\"top-left\",\"title_rotation\":\"left\",\"vertical_align\":\"middle\",\"width\":\"xlarge\"},\"children\":[{\"type\":\"row\",\"props\":{\"column_gap\":\"large\",\"divider\":true,\"layout\":\"1-2,1-2\",\"row_gap\":\"large\"},\"children\":[{\"type\":\"column\",\"props\":{\"image_position\":\"center-center\",\"position_sticky_breakpoint\":\"m\",\"width_medium\":\"1-2\"},\"children\":[{\"type\":\"panel\",\"props\":{\"content\":\"\n\n<p>Die MPS-Umweltzertifizierung garantiert die Qualit\\u00e4t und Nachhaltigkeit des Kindergartensektors. Durch die Erfassung unseres Verbrauchs k\\u00f6nnen wir das Niveau einer nachhaltigen Produktion \\u00fcberwachen und die erforderlichen \\u00c4nderungen an der Arbeit vornehmen, indem wir die Umweltbelastung verringern. Diese Art der Zertifizierung garantiert nicht nur \\u00f6kologische Nachhaltigkeit, sondern auch die Achtung des Kunden und ethische Arbeitsbedingungen.<\\\/p>\",\"content_column_breakpoint\":\"m\",\"icon_width\":80,\"image\":\"wp-content\\\/uploads\\\/2023\\\/07\\\/CERTIFICAZIONE-AMBIENTALE-MPS.png\",\"image_align\":\"left\",\"image_alt\":\"LOGO CERTIFICAZIONE AMBIENTALE MPS\",\"image_grid_breakpoint\":\"m\",\"image_grid_width\":\"2-5\",\"image_height\":\"220\",\"image_svg_color\":\"emphasis\",\"image_vertical_align\":false,\"link_style\":\"default\",\"link_text\":\"Read more\",\"margin\":\"default\",\"meta_align\":\"below-title\",\"meta_element\":\"div\",\"meta_style\":\"text-meta\",\"text_align\":\"justify\",\"title\":\"Umweltzertifizierung MPS (klasse A)\",\"title_align\":\"top\",\"title_element\":\"h3\",\"title_grid_breakpoint\":\"m\",\"title_grid_width\":\"1-2\",\"title_hover_style\":\"reset\"}}]},{\"type\":\"column\",\"props\":{\"image_position\":\"center-center\",\"position_sticky_breakpoint\":\"m\",\"width_medium\":\"1-2\"},\"children\":[{\"type\":\"panel\",\"props\":{\"content\":\"\n\n<p>Global Gap legt freiwillige Standards f\\u00fcr die Zertifizierung landwirtschaftlicher Produkte und Pflanzen auf der ganzen Welt fest, um gute landwirtschaftliche Praktiken zu standardisieren (G.A.P.). Es ist die Zertifizierung, die unseren Kunden die Qualit\\u00e4t, Sicherheit und dokumentierte R\\u00fcckverfolgbarkeit unserer Baumschulproduktion garantiert.<\\\/p>\",\"content_column_breakpoint\":\"m\",\"icon_width\":80,\"image\":\"wp-content\\\/uploads\\\/2023\\\/07\\\/global-gap-logo-w500x461.png\",\"image_align\":\"left\",\"image_alt\":\"logo global gap\",\"image_grid_breakpoint\":\"m\",\"image_grid_width\":\"2-5\",\"image_height\":\"220\",\"image_svg_color\":\"emphasis\",\"image_vertical_align\":false,\"link_style\":\"default\",\"link_text\":\"Read more\",\"margin\":\"default\",\"meta_align\":\"below-title\",\"meta_element\":\"div\",\"meta_style\":\"text-meta\",\"text_align\":\"justify\",\"title\":\"Global gap certification\",\"title_align\":\"top\",\"title_element\":\"h3\",\"title_grid_breakpoint\":\"m\",\"title_grid_width\":\"1-2\",\"title_hover_style\":\"reset\"}}]}]}]},{\"type\":\"section\",\"props\":{\"image_position\":\"center-center\",\"style\":\"default\",\"title_breakpoint\":\"xl\",\"title_position\":\"top-left\",\"title_rotation\":\"left\",\"vertical_align\":\"middle\",\"width\":\"default\"},\"children\":[{\"type\":\"row\",\"children\":[{\"type\":\"column\",\"props\":{\"image_position\":\"center-center\",\"position_sticky_breakpoint\":\"m\"}}]}]}],\"version\":\"4.2.11\",\"yooessentialsVersion\":\"2.1.5\"} --><\/p>\n","protected":false},"excerpt":{"rendered":"<p>\t<!-- Builder #page --><\/p>\n<div>\n<p class=\"uk-h1 uk-text-truncate\">Zertifizierungen<\/p>\n<\/div>\n<h1>QUALIT\u00c4TSZERTIFIZIERUNGEN<\/h1>\n<div>\n<p><strong>Inspiriert von Dankbarkeit und Respekt vor der Natur. T\u00e4glich.<\/strong><\/p>\n<p>Es ist die t\u00e4gliche Pflege unserer Pflanzen, die Wahl technologisch fortschrittlicher und \u00f6kologisch nachhaltiger Anbautechniken, die unsere Arbeit bewegen.<\/p>\n<p>\u00a0<\/p>\n<\/div>\n<div>\n<p>Wir verwenden unseren Verstand und unsere H\u00e4nde, um unsere Pflanzen auszuw\u00e4hlen, zu kultivieren und zu z\u00fcchten, um jeden Landschaftsbedarf mit Innovation, Transparenz und vor allem Nachhaltigkeit zu gestalten.<\/p>\n<p>Wir setzen all unser Wissen und K\u00f6nnen, das wir in jahrzehntelanger Arbeit erworben haben, in jede Pflanze ein, die wir anbauen, damit die n\u00e4chste Pflanzengeneration f\u00fcr die n\u00e4chste Generation von Menschen st\u00e4rker und \u00fcppiger wird.<\/p>\n<\/div>\n<div>\n<p><img loading=\"lazy\" decoding=\"async\" class=\" size-full wp-image-7545\" src=\"http:\/\/innocentiemangonipiante.it\/wp-content\/uploads\/2017\/03\/CERTIFICAZIONE-AMBIENTALE-MPS.png\" alt=\"\" width=\"146\" height=\"146\" srcset=\"https:\/\/innocentiemangonipiante.it\/wp-content\/uploads\/2017\/03\/CERTIFICAZIONE-AMBIENTALE-MPS.png 500w, https:\/\/innocentiemangonipiante.it\/wp-content\/uploads\/2017\/03\/CERTIFICAZIONE-AMBIENTALE-MPS-300x300.png 300w, https:\/\/innocentiemangonipiante.it\/wp-content\/uploads\/2017\/03\/CERTIFICAZIONE-AMBIENTALE-MPS-100x100.png 100w, https:\/\/innocentiemangonipiante.it\/wp-content\/uploads\/2017\/03\/CERTIFICAZIONE-AMBIENTALE-MPS-150x150.png 150w\" sizes=\"auto, (max-width: 146px) 100vw, 146px\" \/><img loading=\"lazy\" decoding=\"async\" class=\" size-full wp-image-7550\" src=\"http:\/\/innocentiemangonipiante.it\/wp-content\/uploads\/2017\/03\/logo-global-gap.jpg\" alt=\"\" width=\"166\" height=\"166\" srcset=\"https:\/\/innocentiemangonipiante.it\/wp-content\/uploads\/2017\/03\/logo-global-gap.jpg 500w, https:\/\/innocentiemangonipiante.it\/wp-content\/uploads\/2017\/03\/logo-global-gap-300x300.jpg 300w, https:\/\/innocentiemangonipiante.it\/wp-content\/uploads\/2017\/03\/logo-global-gap-100x100.jpg 100w, https:\/\/innocentiemangonipiante.it\/wp-content\/uploads\/2017\/03\/logo-global-gap-150x150.jpg 150w\" sizes=\"auto, (max-width: 166px) 100vw, 166px\" \/><\/p>\n<\/div>\n<p><img decoding=\"async\" src=\"http:\/\/innocentiemangonipiante.it\/wp-content\/uploads\/2020\/04\/iem-vivaio-58.jpg\" alt=\"\"><\/p>\n<div>\n<h3>UMWELTZERTIFIZIERUNG MPS (KLASSE A)<\/h3>\n<p>Die MPS-Umweltzertifizierung garantiert die Qualit\u00e4t und Nachhaltigkeit des Kindergartensektors.<br \/>Durch die Erfassung unseres Verbrauchs k\u00f6nnen wir das Niveau einer nachhaltigen Produktion \u00fcberwachen und die erforderlichen \u00c4nderungen an der Arbeit vornehmen, indem wir die Umweltbelastung verringern.<br \/>Diese Art der Zertifizierung garantiert nicht nur \u00f6kologische Nachhaltigkeit, sondern auch die Achtung des Kunden und ethische Arbeitsbedingungen.<\/p>\n<p>\u00a0\u00a0<\/p>\n<p>\u00a0<\/p>\n<\/div>\n<div>\n<h3>GLOBAL GAP CERTIFICATION<\/h3>\n<p>Global Gap legt freiwillige Standards f\u00fcr die Zertifizierung landwirtschaftlicher Produkte und Pflanzen auf der ganzen Welt fest, um gute landwirtschaftliche Praktiken zu standardisieren (G.A.P.).<br \/>Es ist die Zertifizierung, die unseren Kunden die Qualit\u00e4t, Sicherheit und dokumentierte R\u00fcckverfolgbarkeit unserer Baumschulproduktion garantiert.<br \/>Ulteriori informazioni su questo testo di originePer avere ulteriori informazioni sulla traduzione \u00e8 necessario il testo di origine<\/p>\n<\/div>\n<p><img decoding=\"async\" src=\"http:\/\/innocentiemangonipiante.it\/wp-content\/uploads\/2014\/11\/elemento-1.png\" alt=\"\"><\/p>\n","protected":false},"author":2,"featured_media":8555,"parent":0,"menu_order":1,"comment_status":"open","ping_status":"open","template":"","meta":{"_acf_changed":false,"footnotes":""},"class_list":["post-8643","page","type-page","status-publish","has-post-thumbnail","hentry"],"acf":[],"_links":{"self":[{"href":"https:\/\/innocentiemangonipiante.it\/de\/wp-json\/wp\/v2\/pages\/8643","targetHints":{"allow":["GET"]}}],"collection":[{"href":"https:\/\/innocentiemangonipiante.it\/de\/wp-json\/wp\/v2\/pages"}],"about":[{"href":"https:\/\/innocentiemangonipiante.it\/de\/wp-json\/wp\/v2\/types\/page"}],"author":[{"embeddable":true,"href":"https:\/\/innocentiemangonipiante.it\/de\/wp-json\/wp\/v2\/users\/2"}],"replies":[{"embeddable":true,"href":"https:\/\/innocentiemangonipiante.it\/de\/wp-json\/wp\/v2\/comments?post=8643"}],"version-history":[{"count":0,"href":"https:\/\/innocentiemangonipiante.it\/de\/wp-json\/wp\/v2\/pages\/8643\/revisions"}],"wp:featuredmedia":[{"embeddable":true,"href":"https:\/\/innocentiemangonipiante.it\/de\/wp-json\/wp\/v2\/media\/8555"}],"wp:attachment":[{"href":"https:\/\/innocentiemangonipiante.it\/de\/wp-json\/wp\/v2\/media?parent=8643"}],"curies":[{"name":"wp","href":"https:\/\/api.w.org\/{rel}","templated":true}]}}