{"id":14571,"date":"2023-11-03T23:02:13","date_gmt":"2023-11-03T22:02:13","guid":{"rendered":"http:\/\/innocentiemangonipiante.it\/abelia-x-grandiflora-sparkling-silver\/"},"modified":"2023-11-06T17:02:43","modified_gmt":"2023-11-06T16:02:43","slug":"abelia-x-grandiflora-sparkling-silver","status":"publish","type":"product","link":"https:\/\/innocentiemangonipiante.it\/de\/abelia-x-grandiflora-sparkling-silver\/","title":{"rendered":"ABELIA x grandiflora &#8218;Sparkling Silver&#8216; \u00ae"},"content":{"rendered":"<p>Wei\u00dfe Bl\u00fcten, bunte Bl\u00e4tter gr\u00fcn und wei\u00df.<\/p>\n","protected":false},"excerpt":{"rendered":"<p>Wei\u00dfe Bl\u00fcten, bunte Bl\u00e4tter gr\u00fcn und wei\u00df.<\/p>\n","protected":false},"featured_media":50,"template":"","meta":{"_acf_changed":false},"product_brand":[],"product_cat":[8816],"product_tag":[10898],"class_list":{"0":"post-14571","1":"product","2":"type-product","3":"status-publish","4":"has-post-thumbnail","6":"product_cat-hartnaeckige-baeume-und-straeucher","7":"product_tag-naturlichen","8":"pa_altezza-massima-0_50-meter","9":"pa_altezza-massima-100-de","10":"pa_colore-fioritura-weis","11":"pa_condizionamento-clt-de","12":"pa_condizionamento-jungplanzen","13":"pa_famiglia-caprifoliaceae-de","14":"pa_genere-abelia-de","15":"pa_origine-mitteleuropa","16":"pa_periodo-fioritura-august-de","17":"pa_periodo-fioritura-juli","18":"pa_periodo-fioritura-oktober","19":"pa_periodo-fioritura-september-de","20":"pa_portamento-arrotondato-de","21":"pa_resistenza-climatica-mittel-hoch","22":"pa_salinita-bestaendigkeit-in-meeresluft","23":"pa_utilizzo-balkone","24":"pa_utilizzo-bordueren","25":"pa_utilizzo-kleine-gaerten","27":"first","28":"instock","29":"purchasable","30":"product-type-simple"},"acf":[],"_links":{"self":[{"href":"https:\/\/innocentiemangonipiante.it\/de\/wp-json\/wp\/v2\/product\/14571","targetHints":{"allow":["GET"]}}],"collection":[{"href":"https:\/\/innocentiemangonipiante.it\/de\/wp-json\/wp\/v2\/product"}],"about":[{"href":"https:\/\/innocentiemangonipiante.it\/de\/wp-json\/wp\/v2\/types\/product"}],"wp:featuredmedia":[{"embeddable":true,"href":"https:\/\/innocentiemangonipiante.it\/de\/wp-json\/wp\/v2\/media\/50"}],"wp:attachment":[{"href":"https:\/\/innocentiemangonipiante.it\/de\/wp-json\/wp\/v2\/media?parent=14571"}],"wp:term":[{"taxonomy":"product_brand","embeddable":true,"href":"https:\/\/innocentiemangonipiante.it\/de\/wp-json\/wp\/v2\/product_brand?post=14571"},{"taxonomy":"product_cat","embeddable":true,"href":"https:\/\/innocentiemangonipiante.it\/de\/wp-json\/wp\/v2\/product_cat?post=14571"},{"taxonomy":"product_tag","embeddable":true,"href":"https:\/\/innocentiemangonipiante.it\/de\/wp-json\/wp\/v2\/product_tag?post=14571"}],"curies":[{"name":"wp","href":"https:\/\/api.w.org\/{rel}","templated":true}]}}