{"id":14572,"date":"2023-11-03T23:01:24","date_gmt":"2023-11-03T22:01:24","guid":{"rendered":"http:\/\/innocentiemangonipiante.it\/abelia-x-grandiflora\/"},"modified":"2023-11-06T17:01:45","modified_gmt":"2023-11-06T16:01:45","slug":"abelia-x-grandiflora","status":"publish","type":"product","link":"https:\/\/innocentiemangonipiante.it\/de\/abelia-x-grandiflora\/","title":{"rendered":"ABELIA x grandiflora"},"content":{"rendered":"<p>Immergr\u00fcn. Dunkelgr\u00fcnes leuchtendes Laubwerk. Wei\u00dfe Bl\u00fcte vom Anfang Sommer bis Herbst. Braucht B\u00f6den mittlerer G\u00fcte und eine halbschattige Lage.<\/p>\n","protected":false},"excerpt":{"rendered":"<p>Immergr\u00fcn. Dunkelgr\u00fcnes leuchtendes Laubwerk. Wei\u00dfe Bl\u00fcte vom Anfang Sommer bis Herbst. Braucht B\u00f6den mittlerer G\u00fcte und eine halbschattige Lage.<\/p>\n","protected":false},"featured_media":9825,"template":"","meta":{"_acf_changed":false},"product_brand":[],"product_cat":[8816],"product_tag":[10898,8536,8751],"class_list":{"0":"post-14572","1":"product","2":"type-product","3":"status-publish","4":"has-post-thumbnail","6":"product_cat-hartnaeckige-baeume-und-straeucher","7":"product_tag-naturlichen","8":"product_tag-kegel","9":"product_tag-spalier","10":"pa_altezza-massima-150-de","11":"pa_altezza-massima-350-de","12":"pa_colore-fioritura-weis","13":"pa_condizionamento-clt-de","14":"pa_condizionamento-jungplanzen","15":"pa_condizionamento-viereckigertops","16":"pa_famiglia-caprifoliaceae-de","17":"pa_genere-abelia-de","18":"pa_origine-china-de","19":"pa_periodo-fioritura-april-de","20":"pa_periodo-fioritura-august-de","21":"pa_periodo-fioritura-juli","22":"pa_periodo-fioritura-juni","23":"pa_periodo-fioritura-mai-de","24":"pa_periodo-fioritura-september-de","25":"pa_portamento-cespuglioso-de","26":"pa_profumo-intensiv","27":"pa_resistenza-climatica-mittel","28":"pa_salinita-bestaendigkeit-in-meeresluft","29":"pa_utilizzo-balkone","30":"pa_utilizzo-hecken","31":"pa_utilizzo-kleine-gaerten","33":"first","34":"instock","35":"purchasable","36":"product-type-simple"},"acf":[],"_links":{"self":[{"href":"https:\/\/innocentiemangonipiante.it\/de\/wp-json\/wp\/v2\/product\/14572","targetHints":{"allow":["GET"]}}],"collection":[{"href":"https:\/\/innocentiemangonipiante.it\/de\/wp-json\/wp\/v2\/product"}],"about":[{"href":"https:\/\/innocentiemangonipiante.it\/de\/wp-json\/wp\/v2\/types\/product"}],"wp:featuredmedia":[{"embeddable":true,"href":"https:\/\/innocentiemangonipiante.it\/de\/wp-json\/wp\/v2\/media\/9825"}],"wp:attachment":[{"href":"https:\/\/innocentiemangonipiante.it\/de\/wp-json\/wp\/v2\/media?parent=14572"}],"wp:term":[{"taxonomy":"product_brand","embeddable":true,"href":"https:\/\/innocentiemangonipiante.it\/de\/wp-json\/wp\/v2\/product_brand?post=14572"},{"taxonomy":"product_cat","embeddable":true,"href":"https:\/\/innocentiemangonipiante.it\/de\/wp-json\/wp\/v2\/product_cat?post=14572"},{"taxonomy":"product_tag","embeddable":true,"href":"https:\/\/innocentiemangonipiante.it\/de\/wp-json\/wp\/v2\/product_tag?post=14572"}],"curies":[{"name":"wp","href":"https:\/\/api.w.org\/{rel}","templated":true}]}}