{"id":14573,"date":"2023-11-03T23:01:58","date_gmt":"2023-11-03T22:01:58","guid":{"rendered":"http:\/\/innocentiemangonipiante.it\/abelia-x-grandiflora-kaleidoscope\/"},"modified":"2023-11-06T17:02:28","modified_gmt":"2023-11-06T16:02:28","slug":"abelia-x-grandiflora-kaleidoscope","status":"publish","type":"product","link":"https:\/\/innocentiemangonipiante.it\/de\/abelia-x-grandiflora-kaleidoscope\/","title":{"rendered":"ABELIA x grandiflora &#8218;Kaleidoscope&#8216; \u00ae"},"content":{"rendered":"<p>Immergr\u00fcner Strauch mit wechselnden, spektakul\u00e4ren Blattfarben. Im Fr\u00fchling Hellgelb und Mittelgr\u00fcn, im Sommer Goldgelb, w\u00e4hrend im Herbst einen Farben-Ausbruch.<\/p>\n","protected":false},"excerpt":{"rendered":"<p>Immergr\u00fcner Strauch mit wechselnden, spektakul\u00e4ren Blattfarben. Im Fr\u00fchling Hellgelb und Mittelgr\u00fcn, im Sommer Goldgelb, w\u00e4hrend im Herbst einen Farben-Ausbruch.<\/p>\n","protected":false},"featured_media":44,"template":"","meta":{"_acf_changed":false},"product_brand":[],"product_cat":[8816],"product_tag":[10898,8751],"class_list":{"0":"post-14573","1":"product","2":"type-product","3":"status-publish","4":"has-post-thumbnail","6":"product_cat-hartnaeckige-baeume-und-straeucher","7":"product_tag-naturlichen","8":"product_tag-spalier","9":"pa_altezza-massima-0_50-meter","10":"pa_altezza-massima-100-de","11":"pa_colore-fioritura-weis","12":"pa_condizionamento-clt-de","13":"pa_condizionamento-jungplanzen","14":"pa_condizionamento-viereckigertops","15":"pa_famiglia-caprifoliaceae-de","16":"pa_genere-abelia-de","17":"pa_origine-u-s-a","18":"pa_periodo-fioritura-august-de","19":"pa_periodo-fioritura-juli","20":"pa_periodo-fioritura-september-de","21":"pa_portamento-arrotondato-de","22":"pa_profumo-zart","23":"pa_resistenza-climatica-sehr-hoch","24":"pa_salinita-bestaendigkeit-in-meeresluft","25":"pa_utilizzo-balkone","26":"pa_utilizzo-hecken","27":"pa_utilizzo-kleine-gaerten","29":"first","30":"instock","31":"purchasable","32":"product-type-simple"},"acf":[],"_links":{"self":[{"href":"https:\/\/innocentiemangonipiante.it\/de\/wp-json\/wp\/v2\/product\/14573","targetHints":{"allow":["GET"]}}],"collection":[{"href":"https:\/\/innocentiemangonipiante.it\/de\/wp-json\/wp\/v2\/product"}],"about":[{"href":"https:\/\/innocentiemangonipiante.it\/de\/wp-json\/wp\/v2\/types\/product"}],"wp:featuredmedia":[{"embeddable":true,"href":"https:\/\/innocentiemangonipiante.it\/de\/wp-json\/wp\/v2\/media\/44"}],"wp:attachment":[{"href":"https:\/\/innocentiemangonipiante.it\/de\/wp-json\/wp\/v2\/media?parent=14573"}],"wp:term":[{"taxonomy":"product_brand","embeddable":true,"href":"https:\/\/innocentiemangonipiante.it\/de\/wp-json\/wp\/v2\/product_brand?post=14573"},{"taxonomy":"product_cat","embeddable":true,"href":"https:\/\/innocentiemangonipiante.it\/de\/wp-json\/wp\/v2\/product_cat?post=14573"},{"taxonomy":"product_tag","embeddable":true,"href":"https:\/\/innocentiemangonipiante.it\/de\/wp-json\/wp\/v2\/product_tag?post=14573"}],"curies":[{"name":"wp","href":"https:\/\/api.w.org\/{rel}","templated":true}]}}