{"id":14574,"date":"2023-11-03T23:01:40","date_gmt":"2023-11-03T22:01:40","guid":{"rendered":"http:\/\/innocentiemangonipiante.it\/abelia-x-grandiflora-confetti\/"},"modified":"2023-11-06T17:02:07","modified_gmt":"2023-11-06T16:02:07","slug":"abelia-x-grandiflora-confetti","status":"publish","type":"product","link":"https:\/\/innocentiemangonipiante.it\/de\/abelia-x-grandiflora-confetti\/","title":{"rendered":"ABELIA x grandiflora &#8218;Confetti&#8216;"},"content":{"rendered":"<p>Die Bl\u00e4tter sind dunkelgr\u00fcn in der Mitte und Cremenweiss an den R\u00e4ndern, sie wechseln zu rosa im Herbst. Weisse Bl\u00fcte.<\/p>\n","protected":false},"excerpt":{"rendered":"<p>Die Bl\u00e4tter sind dunkelgr\u00fcn in der Mitte und Cremenweiss an den R\u00e4ndern, sie wechseln zu rosa im Herbst. Weisse Bl\u00fcte.<\/p>\n","protected":false},"featured_media":56,"template":"","meta":{"_acf_changed":false},"product_brand":[],"product_cat":[8816],"product_tag":[10898],"class_list":{"0":"post-14574","1":"product","2":"type-product","3":"status-publish","4":"has-post-thumbnail","6":"product_cat-hartnaeckige-baeume-und-straeucher","7":"product_tag-naturlichen","8":"pa_altezza-massima-0_50-meter","9":"pa_altezza-massima-100-de","10":"pa_colore-delle-foglie-vielfaeltigen","11":"pa_colore-fioritura-weis","12":"pa_condizionamento-clt-de","13":"pa_famiglia-caprifoliaceae-de","14":"pa_genere-abelia-de","15":"pa_origine-schottland-de","16":"pa_periodo-fioritura-august-de","17":"pa_periodo-fioritura-juli","18":"pa_periodo-fioritura-september-de","19":"pa_portamento-cespuglioso-de","20":"pa_profumo-intensiv","21":"pa_resistenza-climatica-pflanzen-mit-geringem-klimawiderstand","22":"pa_salinita-bestaendigkeit-in-meeresluft","23":"pa_utilizzo-balkone","24":"pa_utilizzo-hecken","25":"pa_utilizzo-kleine-gaerten","27":"first","28":"instock","29":"purchasable","30":"product-type-simple"},"acf":[],"_links":{"self":[{"href":"https:\/\/innocentiemangonipiante.it\/de\/wp-json\/wp\/v2\/product\/14574","targetHints":{"allow":["GET"]}}],"collection":[{"href":"https:\/\/innocentiemangonipiante.it\/de\/wp-json\/wp\/v2\/product"}],"about":[{"href":"https:\/\/innocentiemangonipiante.it\/de\/wp-json\/wp\/v2\/types\/product"}],"wp:featuredmedia":[{"embeddable":true,"href":"https:\/\/innocentiemangonipiante.it\/de\/wp-json\/wp\/v2\/media\/56"}],"wp:attachment":[{"href":"https:\/\/innocentiemangonipiante.it\/de\/wp-json\/wp\/v2\/media?parent=14574"}],"wp:term":[{"taxonomy":"product_brand","embeddable":true,"href":"https:\/\/innocentiemangonipiante.it\/de\/wp-json\/wp\/v2\/product_brand?post=14574"},{"taxonomy":"product_cat","embeddable":true,"href":"https:\/\/innocentiemangonipiante.it\/de\/wp-json\/wp\/v2\/product_cat?post=14574"},{"taxonomy":"product_tag","embeddable":true,"href":"https:\/\/innocentiemangonipiante.it\/de\/wp-json\/wp\/v2\/product_tag?post=14574"}],"curies":[{"name":"wp","href":"https:\/\/api.w.org\/{rel}","templated":true}]}}