{"id":14575,"date":"2023-11-03T23:01:51","date_gmt":"2023-11-03T22:01:51","guid":{"rendered":"http:\/\/innocentiemangonipiante.it\/abelia-x-grandiflora-edward-goucher\/"},"modified":"2023-11-06T17:02:21","modified_gmt":"2023-11-06T16:02:21","slug":"abelia-x-grandiflora-edward-goucher","status":"publish","type":"product","link":"https:\/\/innocentiemangonipiante.it\/de\/abelia-x-grandiflora-edward-goucher\/","title":{"rendered":"ABELIA x grandiflora &#8218;Edward Goucher&#8216;"},"content":{"rendered":"<p>Halbimmergr\u00fcn. Dunkelgr\u00fcnes Laubwerk mit rosa-lila, Trompetenf\u00f6rmigen Bl\u00fcten von Juni bis September. Zieht leichte B\u00f6den und eine sonnige Lage vor.<\/p>\n","protected":false},"excerpt":{"rendered":"<p>Halbimmergr\u00fcn. Dunkelgr\u00fcnes Laubwerk mit rosa-lila, Trompetenf\u00f6rmigen Bl\u00fcten von Juni bis September. Zieht leichte B\u00f6den und eine sonnige Lage vor.<\/p>\n","protected":false},"featured_media":38,"template":"","meta":{"_acf_changed":false},"product_brand":[],"product_cat":[8816],"product_tag":[10898,8536,8751],"class_list":{"0":"post-14575","1":"product","2":"type-product","3":"status-publish","4":"has-post-thumbnail","6":"product_cat-hartnaeckige-baeume-und-straeucher","7":"product_tag-naturlichen","8":"product_tag-kegel","9":"product_tag-spalier","10":"pa_altezza-massima-150-de","11":"pa_altezza-massima-200-de","12":"pa_colore-fioritura-rose-de","13":"pa_condizionamento-clt-de","14":"pa_condizionamento-jungplanzen","15":"pa_condizionamento-viereckigertops","16":"pa_famiglia-caprifoliaceae-de","17":"pa_genere-abelia-de","18":"pa_origine-china-de","19":"pa_periodo-fioritura-august-de","20":"pa_periodo-fioritura-juli","21":"pa_periodo-fioritura-juni","22":"pa_periodo-fioritura-september-de","23":"pa_portamento-cespuglioso-de","24":"pa_profumo-zart","25":"pa_resistenza-climatica-mittel","26":"pa_salinita-bestaendigkeit-in-meeresluft","27":"pa_utilizzo-balkone","28":"pa_utilizzo-hecken","29":"pa_utilizzo-kleine-gaerten","31":"first","32":"instock","33":"purchasable","34":"product-type-simple"},"acf":[],"_links":{"self":[{"href":"https:\/\/innocentiemangonipiante.it\/de\/wp-json\/wp\/v2\/product\/14575","targetHints":{"allow":["GET"]}}],"collection":[{"href":"https:\/\/innocentiemangonipiante.it\/de\/wp-json\/wp\/v2\/product"}],"about":[{"href":"https:\/\/innocentiemangonipiante.it\/de\/wp-json\/wp\/v2\/types\/product"}],"wp:featuredmedia":[{"embeddable":true,"href":"https:\/\/innocentiemangonipiante.it\/de\/wp-json\/wp\/v2\/media\/38"}],"wp:attachment":[{"href":"https:\/\/innocentiemangonipiante.it\/de\/wp-json\/wp\/v2\/media?parent=14575"}],"wp:term":[{"taxonomy":"product_brand","embeddable":true,"href":"https:\/\/innocentiemangonipiante.it\/de\/wp-json\/wp\/v2\/product_brand?post=14575"},{"taxonomy":"product_cat","embeddable":true,"href":"https:\/\/innocentiemangonipiante.it\/de\/wp-json\/wp\/v2\/product_cat?post=14575"},{"taxonomy":"product_tag","embeddable":true,"href":"https:\/\/innocentiemangonipiante.it\/de\/wp-json\/wp\/v2\/product_tag?post=14575"}],"curies":[{"name":"wp","href":"https:\/\/api.w.org\/{rel}","templated":true}]}}