{"id":14576,"date":"2023-11-03T23:01:30","date_gmt":"2023-11-03T22:01:30","guid":{"rendered":"http:\/\/innocentiemangonipiante.it\/abelia-x-grandiflora-compacta\/"},"modified":"2023-11-06T17:01:51","modified_gmt":"2023-11-06T16:01:51","slug":"abelia-x-grandiflora-compacta","status":"publish","type":"product","link":"https:\/\/innocentiemangonipiante.it\/de\/abelia-x-grandiflora-compacta\/","title":{"rendered":"ABELIA x grandiflora &#8218;Compacta&#8216;"},"content":{"rendered":"<p>Immergr\u00fcner Busch mit kompaktem und rundlichem Wuchs. Reiche Produktion an wei\u00dfen Bl\u00fcten.<\/p>\n","protected":false},"excerpt":{"rendered":"<p>Immergr\u00fcner Busch mit kompaktem und rundlichem Wuchs. Reiche Produktion an wei\u00dfen Bl\u00fcten.<\/p>\n","protected":false},"featured_media":32,"template":"","meta":{"_acf_changed":false},"product_brand":[],"product_cat":[8816],"product_tag":[10898,8536,8751],"class_list":{"0":"post-14576","1":"product","2":"type-product","3":"status-publish","4":"has-post-thumbnail","6":"product_cat-hartnaeckige-baeume-und-straeucher","7":"product_tag-naturlichen","8":"product_tag-kegel","9":"product_tag-spalier","10":"pa_altezza-massima-100-de","11":"pa_altezza-massima-150-de","12":"pa_colore-fioritura-weis","13":"pa_condizionamento-clt-de","14":"pa_condizionamento-jungplanzen","15":"pa_condizionamento-viereckigertops","16":"pa_famiglia-caprifoliaceae-de","17":"pa_genere-abelia-de","18":"pa_origine-china-de","19":"pa_periodo-fioritura-august-de","20":"pa_periodo-fioritura-juli","21":"pa_periodo-fioritura-september-de","22":"pa_portamento-arrotondato-de","23":"pa_profumo-intensiv","24":"pa_resistenza-climatica-mittel","25":"pa_salinita-bestaendigkeit-in-meeresluft","26":"pa_utilizzo-balkone","27":"pa_utilizzo-bordueren","28":"pa_utilizzo-kleine-gaerten","30":"first","31":"instock","32":"purchasable","33":"product-type-simple"},"acf":[],"_links":{"self":[{"href":"https:\/\/innocentiemangonipiante.it\/de\/wp-json\/wp\/v2\/product\/14576","targetHints":{"allow":["GET"]}}],"collection":[{"href":"https:\/\/innocentiemangonipiante.it\/de\/wp-json\/wp\/v2\/product"}],"about":[{"href":"https:\/\/innocentiemangonipiante.it\/de\/wp-json\/wp\/v2\/types\/product"}],"wp:featuredmedia":[{"embeddable":true,"href":"https:\/\/innocentiemangonipiante.it\/de\/wp-json\/wp\/v2\/media\/32"}],"wp:attachment":[{"href":"https:\/\/innocentiemangonipiante.it\/de\/wp-json\/wp\/v2\/media?parent=14576"}],"wp:term":[{"taxonomy":"product_brand","embeddable":true,"href":"https:\/\/innocentiemangonipiante.it\/de\/wp-json\/wp\/v2\/product_brand?post=14576"},{"taxonomy":"product_cat","embeddable":true,"href":"https:\/\/innocentiemangonipiante.it\/de\/wp-json\/wp\/v2\/product_cat?post=14576"},{"taxonomy":"product_tag","embeddable":true,"href":"https:\/\/innocentiemangonipiante.it\/de\/wp-json\/wp\/v2\/product_tag?post=14576"}],"curies":[{"name":"wp","href":"https:\/\/api.w.org\/{rel}","templated":true}]}}