{"id":14577,"date":"2023-11-03T23:04:46","date_gmt":"2023-11-03T22:04:46","guid":{"rendered":"http:\/\/innocentiemangonipiante.it\/abies-nordmanniana\/"},"modified":"2023-11-06T17:03:12","modified_gmt":"2023-11-06T16:03:12","slug":"abies-nordmanniana","status":"publish","type":"product","link":"https:\/\/innocentiemangonipiante.it\/de\/abies-nordmanniana\/","title":{"rendered":"ABIES nordmanniana"},"content":{"rendered":"<p>\u201cKaukasus-Tanne\u201d. Kegelf\u00f6rmiger Wuchs dichtes, gl\u00e4nzendes Laub, sattes gr\u00fcn auf der oberen und mattes wei\u00df auf der unteren Blattseite. Nadeln 2-3 cm lang. L\u00e4\u00dft sich sehr gut verpflanzen. Ertr\u00e4gt sehr gut die Trockenheit, kann auf Bergh\u00f6he gepflanzt werden. Langsames Wachstum.<\/p>\n","protected":false},"excerpt":{"rendered":"<p>\u201cKaukasus-Tanne\u201d. Kegelf\u00f6rmiger Wuchs dichtes, gl\u00e4nzendes Laub, sattes gr\u00fcn auf der oberen und mattes wei\u00df auf der unteren Blattseite. Nadeln 2-3 cm lang. L\u00e4\u00dft sich sehr gut verpflanzen. Ertr\u00e4gt sehr gut die Trockenheit, kann auf Bergh\u00f6he gepflanzt werden. Langsames Wachstum.<\/p>\n","protected":false},"featured_media":69,"template":"","meta":{"_acf_changed":false},"product_brand":[],"product_cat":[8825],"product_tag":[10898],"class_list":{"0":"post-14577","1":"product","2":"type-product","3":"status-publish","4":"has-post-thumbnail","6":"product_cat-koniferen","7":"product_tag-naturlichen","8":"pa_altezza-massima-20-meter","9":"pa_altezza-massima-30-meter","10":"pa_condizionamento-clt-de","11":"pa_condizionamento-jungplanzen","12":"pa_condizionamento-m-de","13":"pa_famiglia-pinaceae-de","14":"pa_genere-abies-de","15":"pa_origine-kaukasus","16":"pa_portamento-conico-de","17":"pa_resistenza-climatica-sehr-hoch","18":"pa_resistenza-del-suolo-bestandig-gegen-trockene-boden","19":"pa_resistenza-del-suolo-bestandigkeit-auf-feuchten-boden","20":"pa_utilizzo-parks-de","22":"first","23":"instock","24":"purchasable","25":"product-type-simple"},"acf":[],"_links":{"self":[{"href":"https:\/\/innocentiemangonipiante.it\/de\/wp-json\/wp\/v2\/product\/14577","targetHints":{"allow":["GET"]}}],"collection":[{"href":"https:\/\/innocentiemangonipiante.it\/de\/wp-json\/wp\/v2\/product"}],"about":[{"href":"https:\/\/innocentiemangonipiante.it\/de\/wp-json\/wp\/v2\/types\/product"}],"wp:featuredmedia":[{"embeddable":true,"href":"https:\/\/innocentiemangonipiante.it\/de\/wp-json\/wp\/v2\/media\/69"}],"wp:attachment":[{"href":"https:\/\/innocentiemangonipiante.it\/de\/wp-json\/wp\/v2\/media?parent=14577"}],"wp:term":[{"taxonomy":"product_brand","embeddable":true,"href":"https:\/\/innocentiemangonipiante.it\/de\/wp-json\/wp\/v2\/product_brand?post=14577"},{"taxonomy":"product_cat","embeddable":true,"href":"https:\/\/innocentiemangonipiante.it\/de\/wp-json\/wp\/v2\/product_cat?post=14577"},{"taxonomy":"product_tag","embeddable":true,"href":"https:\/\/innocentiemangonipiante.it\/de\/wp-json\/wp\/v2\/product_tag?post=14577"}],"curies":[{"name":"wp","href":"https:\/\/api.w.org\/{rel}","templated":true}]}}