{"id":14579,"date":"2023-11-03T23:04:29","date_gmt":"2023-11-03T22:04:29","guid":{"rendered":"http:\/\/innocentiemangonipiante.it\/abies-koreana\/"},"modified":"2023-11-06T17:03:04","modified_gmt":"2023-11-06T16:03:04","slug":"abies-koreana","status":"publish","type":"product","link":"https:\/\/innocentiemangonipiante.it\/de\/abies-koreana\/","title":{"rendered":"ABIES koreana"},"content":{"rendered":"<p>Kegelf\u00f6rmige Konifere, mit gl\u00e4nzenden, dunkelgr\u00fcnen Bl\u00e4ttern, auf der Unterseite silberfarbig. Im jungen Alter produziert es blau-lilafarbene bis 7 cm langen Zapfen.<\/p>\n","protected":false},"excerpt":{"rendered":"<p>Kegelf\u00f6rmige Konifere, mit gl\u00e4nzenden, dunkelgr\u00fcnen Bl\u00e4ttern, auf der Unterseite silberfarbig. Im jungen Alter produziert es blau-lilafarbene bis 7 cm langen Zapfen.<\/p>\n","protected":false},"featured_media":9832,"template":"","meta":{"_acf_changed":false},"product_brand":[],"product_cat":[8825],"product_tag":[10898],"class_list":{"0":"post-14579","1":"product","2":"type-product","3":"status-publish","4":"has-post-thumbnail","6":"product_cat-koniferen","7":"product_tag-naturlichen","8":"pa_altezza-massima-500-de","9":"pa_altezza-massima-1000-de-2","10":"pa_famiglia-pinaceae-de","11":"pa_genere-abies-de","12":"pa_inquinamento-bestaendigkeit-gegen-smog","13":"pa_origine-ostasien","14":"pa_portamento-conico-de","15":"pa_resistenza-climatica-sehr-hoch","16":"pa_resistenza-del-suolo-bestandigkeit-auf-feuchten-boden","17":"pa_utilizzo-parks-de","19":"first","20":"instock","21":"purchasable","22":"product-type-simple"},"acf":[],"_links":{"self":[{"href":"https:\/\/innocentiemangonipiante.it\/de\/wp-json\/wp\/v2\/product\/14579","targetHints":{"allow":["GET"]}}],"collection":[{"href":"https:\/\/innocentiemangonipiante.it\/de\/wp-json\/wp\/v2\/product"}],"about":[{"href":"https:\/\/innocentiemangonipiante.it\/de\/wp-json\/wp\/v2\/types\/product"}],"wp:featuredmedia":[{"embeddable":true,"href":"https:\/\/innocentiemangonipiante.it\/de\/wp-json\/wp\/v2\/media\/9832"}],"wp:attachment":[{"href":"https:\/\/innocentiemangonipiante.it\/de\/wp-json\/wp\/v2\/media?parent=14579"}],"wp:term":[{"taxonomy":"product_brand","embeddable":true,"href":"https:\/\/innocentiemangonipiante.it\/de\/wp-json\/wp\/v2\/product_brand?post=14579"},{"taxonomy":"product_cat","embeddable":true,"href":"https:\/\/innocentiemangonipiante.it\/de\/wp-json\/wp\/v2\/product_cat?post=14579"},{"taxonomy":"product_tag","embeddable":true,"href":"https:\/\/innocentiemangonipiante.it\/de\/wp-json\/wp\/v2\/product_tag?post=14579"}],"curies":[{"name":"wp","href":"https:\/\/api.w.org\/{rel}","templated":true}]}}