{"id":14582,"date":"2023-11-03T23:05:11","date_gmt":"2023-11-03T22:05:11","guid":{"rendered":"http:\/\/innocentiemangonipiante.it\/abies-numidica\/"},"modified":"2023-11-06T17:03:37","modified_gmt":"2023-11-06T16:03:37","slug":"abies-numidica","status":"publish","type":"product","link":"https:\/\/innocentiemangonipiante.it\/de\/abies-numidica\/","title":{"rendered":"ABIES numidica"},"content":{"rendered":"<p>Gro\u00dfer s\u00e4ulenf\u00f6rmiger Nadelbaum. Radial abstehend, etwas nach unten gekr\u00fcmmte Bl\u00e4tter, von 1 bis 2 cm L\u00e4nge, dunkelgr\u00fcn auf der oberen und silbrig auf der unteren Blattseite.<\/p>\n","protected":false},"excerpt":{"rendered":"<p>Gro\u00dfer s\u00e4ulenf\u00f6rmiger Nadelbaum. Radial abstehend, etwas nach unten gekr\u00fcmmte Bl\u00e4tter, von 1 bis 2 cm L\u00e4nge, dunkelgr\u00fcn auf der oberen und silbrig auf der unteren Blattseite.<\/p>\n","protected":false},"featured_media":87,"template":"","meta":{"_acf_changed":false},"product_brand":[],"product_cat":[8825],"product_tag":[10898],"class_list":{"0":"post-14582","1":"product","2":"type-product","3":"status-publish","4":"has-post-thumbnail","6":"product_cat-koniferen","7":"product_tag-naturlichen","8":"pa_altezza-massima-400-de","9":"pa_altezza-massima-600-de","10":"pa_condizionamento-clt-de","11":"pa_condizionamento-m-de","12":"pa_famiglia-pinaceae-de","13":"pa_genere-abies-de","14":"pa_origine-algerien","15":"pa_portamento-piramidale-de","16":"pa_resistenza-climatica-sehr-hoch","17":"pa_resistenza-del-suolo-bestandig-gegen-trockene-boden","18":"pa_resistenza-del-suolo-bestandigkeit-auf-feuchten-boden","19":"pa_utilizzo-parks-de","21":"first","22":"instock","23":"purchasable","24":"product-type-simple"},"acf":[],"_links":{"self":[{"href":"https:\/\/innocentiemangonipiante.it\/de\/wp-json\/wp\/v2\/product\/14582","targetHints":{"allow":["GET"]}}],"collection":[{"href":"https:\/\/innocentiemangonipiante.it\/de\/wp-json\/wp\/v2\/product"}],"about":[{"href":"https:\/\/innocentiemangonipiante.it\/de\/wp-json\/wp\/v2\/types\/product"}],"wp:featuredmedia":[{"embeddable":true,"href":"https:\/\/innocentiemangonipiante.it\/de\/wp-json\/wp\/v2\/media\/87"}],"wp:attachment":[{"href":"https:\/\/innocentiemangonipiante.it\/de\/wp-json\/wp\/v2\/media?parent=14582"}],"wp:term":[{"taxonomy":"product_brand","embeddable":true,"href":"https:\/\/innocentiemangonipiante.it\/de\/wp-json\/wp\/v2\/product_brand?post=14582"},{"taxonomy":"product_cat","embeddable":true,"href":"https:\/\/innocentiemangonipiante.it\/de\/wp-json\/wp\/v2\/product_cat?post=14582"},{"taxonomy":"product_tag","embeddable":true,"href":"https:\/\/innocentiemangonipiante.it\/de\/wp-json\/wp\/v2\/product_tag?post=14582"}],"curies":[{"name":"wp","href":"https:\/\/api.w.org\/{rel}","templated":true}]}}