{"id":14583,"date":"2023-11-03T23:05:03","date_gmt":"2023-11-03T22:05:03","guid":{"rendered":"http:\/\/innocentiemangonipiante.it\/abies-nordmanniana-pendula\/"},"modified":"2023-11-06T17:03:34","modified_gmt":"2023-11-06T16:03:34","slug":"abies-nordmanniana-pendula","status":"publish","type":"product","link":"https:\/\/innocentiemangonipiante.it\/de\/abies-nordmanniana-pendula\/","title":{"rendered":"ABIES nordmanniana &#8218;Pendula&#8216;"},"content":{"rendered":"<p>Gro\u00dfer Nadelbaum mit halb h\u00e4ngef\u00f6rmiger Erscheinung. \u00dcberh\u00e4ngende Seitenbezweigung mit nadelf\u00f6rmigem leuchtend gr\u00fcnem Laubwerk mit silbrigen Streifen auf der unteren Blattseite.<\/p>\n","protected":false},"excerpt":{"rendered":"<p>Gro\u00dfer Nadelbaum mit halb h\u00e4ngef\u00f6rmiger Erscheinung. \u00dcberh\u00e4ngende Seitenbezweigung mit nadelf\u00f6rmigem leuchtend gr\u00fcnem Laubwerk mit silbrigen Streifen auf der unteren Blattseite.<\/p>\n","protected":false},"featured_media":81,"template":"","meta":{"_acf_changed":false},"product_brand":[],"product_cat":[8825],"product_tag":[10898],"class_list":{"0":"post-14583","1":"product","2":"type-product","3":"status-publish","4":"has-post-thumbnail","6":"product_cat-koniferen","7":"product_tag-naturlichen","8":"pa_altezza-massima-800-de","9":"pa_altezza-massima-12-meter","10":"pa_condizionamento-m-de","11":"pa_famiglia-pinaceae-de","12":"pa_genere-abies-de","13":"pa_origine-sudeuropa-de","14":"pa_portamento-piangente-de","15":"pa_profumo-zart","16":"pa_resistenza-climatica-sehr-hoch","17":"pa_resistenza-del-suolo-bestandig-gegen-trockene-boden","18":"pa_resistenza-del-suolo-bestandigkeit-auf-feuchten-boden","19":"pa_utilizzo-parks-de","21":"first","22":"instock","23":"purchasable","24":"product-type-simple"},"acf":[],"_links":{"self":[{"href":"https:\/\/innocentiemangonipiante.it\/de\/wp-json\/wp\/v2\/product\/14583","targetHints":{"allow":["GET"]}}],"collection":[{"href":"https:\/\/innocentiemangonipiante.it\/de\/wp-json\/wp\/v2\/product"}],"about":[{"href":"https:\/\/innocentiemangonipiante.it\/de\/wp-json\/wp\/v2\/types\/product"}],"wp:featuredmedia":[{"embeddable":true,"href":"https:\/\/innocentiemangonipiante.it\/de\/wp-json\/wp\/v2\/media\/81"}],"wp:attachment":[{"href":"https:\/\/innocentiemangonipiante.it\/de\/wp-json\/wp\/v2\/media?parent=14583"}],"wp:term":[{"taxonomy":"product_brand","embeddable":true,"href":"https:\/\/innocentiemangonipiante.it\/de\/wp-json\/wp\/v2\/product_brand?post=14583"},{"taxonomy":"product_cat","embeddable":true,"href":"https:\/\/innocentiemangonipiante.it\/de\/wp-json\/wp\/v2\/product_cat?post=14583"},{"taxonomy":"product_tag","embeddable":true,"href":"https:\/\/innocentiemangonipiante.it\/de\/wp-json\/wp\/v2\/product_tag?post=14583"}],"curies":[{"name":"wp","href":"https:\/\/api.w.org\/{rel}","templated":true}]}}