{"id":14585,"date":"2023-11-03T23:06:09","date_gmt":"2023-11-03T22:06:09","guid":{"rendered":"http:\/\/innocentiemangonipiante.it\/acacia-dealbata-tournaire\/"},"modified":"2023-11-06T17:04:29","modified_gmt":"2023-11-06T16:04:29","slug":"acacia-dealbata-tournaire","status":"publish","type":"product","link":"https:\/\/innocentiemangonipiante.it\/de\/acacia-dealbata-tournaire\/","title":{"rendered":"ACACIA dealbata &#8218;Tournaire&#8216;"},"content":{"rendered":"<p>Veredelt Immergr\u00fcn gr\u00fcnes Laub Bl\u00fcte im Januar-Februar.<\/p>\n","protected":false},"excerpt":{"rendered":"<p>Veredelt Immergr\u00fcn gr\u00fcnes Laub Bl\u00fcte im Januar-Februar.<\/p>\n","protected":false},"featured_media":0,"template":"","meta":{"_acf_changed":false},"product_brand":[],"product_cat":[8816],"product_tag":[10898],"class_list":{"0":"post-14585","1":"product","2":"type-product","3":"status-publish","5":"product_cat-hartnaeckige-baeume-und-straeucher","6":"product_tag-naturlichen","7":"pa_altezza-massima-500-de","8":"pa_altezza-massima-800-de","9":"pa_colore-fioritura-gelbe","10":"pa_condizionamento-clt-de","11":"pa_famiglia-leguminosae-de","12":"pa_genere-acacia-de","13":"pa_origine-sudeuropa-de","14":"pa_periodo-fioritura-februar","15":"pa_periodo-fioritura-januar","16":"pa_portamento-arrotondato-de","17":"pa_resistenza-climatica-mittel","18":"pa_resistenza-del-suolo-bestandig-gegen-kalkhaltige-boden","19":"pa_resistenza-del-suolo-bestandig-gegen-trockene-boden","20":"pa_utilizzo-kleine-gaerten","21":"pa_utilizzo-parks-de","23":"first","24":"instock","25":"purchasable","26":"product-type-simple"},"acf":[],"_links":{"self":[{"href":"https:\/\/innocentiemangonipiante.it\/de\/wp-json\/wp\/v2\/product\/14585","targetHints":{"allow":["GET"]}}],"collection":[{"href":"https:\/\/innocentiemangonipiante.it\/de\/wp-json\/wp\/v2\/product"}],"about":[{"href":"https:\/\/innocentiemangonipiante.it\/de\/wp-json\/wp\/v2\/types\/product"}],"wp:attachment":[{"href":"https:\/\/innocentiemangonipiante.it\/de\/wp-json\/wp\/v2\/media?parent=14585"}],"wp:term":[{"taxonomy":"product_brand","embeddable":true,"href":"https:\/\/innocentiemangonipiante.it\/de\/wp-json\/wp\/v2\/product_brand?post=14585"},{"taxonomy":"product_cat","embeddable":true,"href":"https:\/\/innocentiemangonipiante.it\/de\/wp-json\/wp\/v2\/product_cat?post=14585"},{"taxonomy":"product_tag","embeddable":true,"href":"https:\/\/innocentiemangonipiante.it\/de\/wp-json\/wp\/v2\/product_tag?post=14585"}],"curies":[{"name":"wp","href":"https:\/\/api.w.org\/{rel}","templated":true}]}}