{"id":14587,"date":"2023-11-03T23:05:56","date_gmt":"2023-11-03T22:05:56","guid":{"rendered":"http:\/\/innocentiemangonipiante.it\/acacia-dealbata-gaulois\/"},"modified":"2023-11-06T17:04:21","modified_gmt":"2023-11-06T16:04:21","slug":"acacia-dealbata-gaulois","status":"publish","type":"product","link":"https:\/\/innocentiemangonipiante.it\/de\/acacia-dealbata-gaulois\/","title":{"rendered":"ACACIA dealbata &#8218;Gaulois&#8216;"},"content":{"rendered":"<p>Veredelt. Immergr\u00fcn gr\u00fcnes Laub Bl\u00fcte im Februar-M\u00e4rz.<\/p>\n","protected":false},"excerpt":{"rendered":"<p>Veredelt. Immergr\u00fcn gr\u00fcnes Laub Bl\u00fcte im Februar-M\u00e4rz.<\/p>\n","protected":false},"featured_media":117,"template":"","meta":{"_acf_changed":false},"product_brand":[],"product_cat":[8816],"product_tag":[10898],"class_list":{"0":"post-14587","1":"product","2":"type-product","3":"status-publish","4":"has-post-thumbnail","6":"product_cat-hartnaeckige-baeume-und-straeucher","7":"product_tag-naturlichen","8":"pa_altezza-massima-400-de","9":"pa_altezza-massima-600-de","10":"pa_colore-fioritura-gelbe","11":"pa_famiglia-leguminosae-de","12":"pa_genere-acacia-de","13":"pa_origine-sudeuropa-de","14":"pa_periodo-fioritura-februar","15":"pa_periodo-fioritura-maerz","16":"pa_portamento-arrotondato-de","17":"pa_profumo-intensiv","18":"pa_resistenza-climatica-mittel","19":"pa_resistenza-del-suolo-bestandig-gegen-kalkhaltige-boden","20":"pa_resistenza-del-suolo-bestandig-gegen-trockene-boden","21":"pa_utilizzo-kleine-gaerten","22":"pa_utilizzo-parks-de","24":"first","25":"instock","26":"purchasable","27":"product-type-simple"},"acf":[],"_links":{"self":[{"href":"https:\/\/innocentiemangonipiante.it\/de\/wp-json\/wp\/v2\/product\/14587","targetHints":{"allow":["GET"]}}],"collection":[{"href":"https:\/\/innocentiemangonipiante.it\/de\/wp-json\/wp\/v2\/product"}],"about":[{"href":"https:\/\/innocentiemangonipiante.it\/de\/wp-json\/wp\/v2\/types\/product"}],"wp:featuredmedia":[{"embeddable":true,"href":"https:\/\/innocentiemangonipiante.it\/de\/wp-json\/wp\/v2\/media\/117"}],"wp:attachment":[{"href":"https:\/\/innocentiemangonipiante.it\/de\/wp-json\/wp\/v2\/media?parent=14587"}],"wp:term":[{"taxonomy":"product_brand","embeddable":true,"href":"https:\/\/innocentiemangonipiante.it\/de\/wp-json\/wp\/v2\/product_brand?post=14587"},{"taxonomy":"product_cat","embeddable":true,"href":"https:\/\/innocentiemangonipiante.it\/de\/wp-json\/wp\/v2\/product_cat?post=14587"},{"taxonomy":"product_tag","embeddable":true,"href":"https:\/\/innocentiemangonipiante.it\/de\/wp-json\/wp\/v2\/product_tag?post=14587"}],"curies":[{"name":"wp","href":"https:\/\/api.w.org\/{rel}","templated":true}]}}