{"id":14588,"date":"2023-11-03T23:06:45","date_gmt":"2023-11-03T22:06:45","guid":{"rendered":"http:\/\/innocentiemangonipiante.it\/acacia-semperflorens\/"},"modified":"2023-11-06T17:04:42","modified_gmt":"2023-11-06T16:04:42","slug":"acacia-semperflorens","status":"publish","type":"product","link":"https:\/\/innocentiemangonipiante.it\/de\/acacia-semperflorens\/","title":{"rendered":"ACACIA semperflorens"},"content":{"rendered":"<p>Immergr\u00fcner gro\u00dfer Strauch oder kleiner Baum, gr\u00fcn-bl\u00e4ulicher Farbe. Bl\u00fcht das ganze Jahr lang.<\/p>\n","protected":false},"excerpt":{"rendered":"<p>Immergr\u00fcner gro\u00dfer Strauch oder kleiner Baum, gr\u00fcn-bl\u00e4ulicher Farbe. Bl\u00fcht das ganze Jahr lang.<\/p>\n","protected":false},"featured_media":148,"template":"","meta":{"_acf_changed":false},"product_brand":[],"product_cat":[8816],"product_tag":[10898],"class_list":{"0":"post-14588","1":"product","2":"type-product","3":"status-publish","4":"has-post-thumbnail","6":"product_cat-hartnaeckige-baeume-und-straeucher","7":"product_tag-naturlichen","8":"pa_altezza-massima-500-de","9":"pa_altezza-massima-800-de","10":"pa_colore-delle-foglie-blau","11":"pa_colore-fioritura-gelbe","12":"pa_condizionamento-clt-de","13":"pa_famiglia-leguminosae-de","14":"pa_genere-acacia-de","15":"pa_origine-australien","16":"pa_periodo-fioritura-april-de","17":"pa_periodo-fioritura-august-de","18":"pa_periodo-fioritura-dezember","19":"pa_periodo-fioritura-februar","20":"pa_periodo-fioritura-januar","21":"pa_periodo-fioritura-juli","22":"pa_periodo-fioritura-juni","23":"pa_periodo-fioritura-mai-de","24":"pa_periodo-fioritura-maerz","25":"pa_periodo-fioritura-november-de","26":"pa_periodo-fioritura-oktober","27":"pa_periodo-fioritura-september-de","28":"pa_portamento-arrotondato-de","29":"pa_profumo-zart","30":"pa_resistenza-climatica-pflanzen-mit-geringem-klimawiderstand","31":"pa_resistenza-del-suolo-bestandig-gegen-kalkhaltige-boden","32":"pa_salinita-bestaendigkeit-in-meeresluft","33":"pa_utilizzo-kleine-gaerten","34":"pa_utilizzo-parks-de","36":"first","37":"instock","38":"purchasable","39":"product-type-simple"},"acf":[],"_links":{"self":[{"href":"https:\/\/innocentiemangonipiante.it\/de\/wp-json\/wp\/v2\/product\/14588","targetHints":{"allow":["GET"]}}],"collection":[{"href":"https:\/\/innocentiemangonipiante.it\/de\/wp-json\/wp\/v2\/product"}],"about":[{"href":"https:\/\/innocentiemangonipiante.it\/de\/wp-json\/wp\/v2\/types\/product"}],"wp:featuredmedia":[{"embeddable":true,"href":"https:\/\/innocentiemangonipiante.it\/de\/wp-json\/wp\/v2\/media\/148"}],"wp:attachment":[{"href":"https:\/\/innocentiemangonipiante.it\/de\/wp-json\/wp\/v2\/media?parent=14588"}],"wp:term":[{"taxonomy":"product_brand","embeddable":true,"href":"https:\/\/innocentiemangonipiante.it\/de\/wp-json\/wp\/v2\/product_brand?post=14588"},{"taxonomy":"product_cat","embeddable":true,"href":"https:\/\/innocentiemangonipiante.it\/de\/wp-json\/wp\/v2\/product_cat?post=14588"},{"taxonomy":"product_tag","embeddable":true,"href":"https:\/\/innocentiemangonipiante.it\/de\/wp-json\/wp\/v2\/product_tag?post=14588"}],"curies":[{"name":"wp","href":"https:\/\/api.w.org\/{rel}","templated":true}]}}