{"id":14590,"date":"2023-11-03T23:05:48","date_gmt":"2023-11-03T22:05:48","guid":{"rendered":"http:\/\/innocentiemangonipiante.it\/acacia-dealbata-di-seme\/"},"modified":"2023-11-06T17:04:17","modified_gmt":"2023-11-06T16:04:17","slug":"acacia-dealbata-di-seme","status":"publish","type":"product","link":"https:\/\/innocentiemangonipiante.it\/de\/acacia-dealbata-di-seme\/","title":{"rendered":"ACACIA dealbata &#8218;di seme&#8216;"},"content":{"rendered":"<p>Immergr\u00fcn, schneller Wuchs, silber-graues Laub. Bl\u00fcte von Dezember bis M\u00e4rz. Ziemlich winterhart.<\/p>\n","protected":false},"excerpt":{"rendered":"<p>Immergr\u00fcn, schneller Wuchs, silber-graues Laub. Bl\u00fcte von Dezember bis M\u00e4rz. Ziemlich winterhart.<\/p>\n","protected":false},"featured_media":111,"template":"","meta":{"_acf_changed":false},"product_brand":[],"product_cat":[8816],"product_tag":[10898,8401,8597],"class_list":{"0":"post-14590","1":"product","2":"type-product","3":"status-publish","4":"has-post-thumbnail","6":"product_cat-hartnaeckige-baeume-und-straeucher","7":"product_tag-naturlichen","8":"product_tag-hochstamm","9":"product_tag-multistamm","10":"pa_altezza-massima-1000-de-2","11":"pa_altezza-massima-15-meter","12":"pa_colore-delle-foglie-grauen","13":"pa_colore-fioritura-gelbe","14":"pa_condizionamento-clt-de","15":"pa_famiglia-leguminosae-de","16":"pa_genere-acacia-de","17":"pa_origine-australien","18":"pa_periodo-fioritura-dezember","19":"pa_periodo-fioritura-februar","20":"pa_periodo-fioritura-januar","21":"pa_periodo-fioritura-maerz","22":"pa_portamento-arrotondato-de","23":"pa_profumo-intensiv","24":"pa_resistenza-climatica-mittel","25":"pa_resistenza-del-suolo-bestandig-gegen-trockene-boden","26":"pa_salinita-bestaendigkeit-in-meeresluft","27":"pa_utilizzo-parks-de","29":"first","30":"instock","31":"purchasable","32":"product-type-simple"},"acf":[],"_links":{"self":[{"href":"https:\/\/innocentiemangonipiante.it\/de\/wp-json\/wp\/v2\/product\/14590","targetHints":{"allow":["GET"]}}],"collection":[{"href":"https:\/\/innocentiemangonipiante.it\/de\/wp-json\/wp\/v2\/product"}],"about":[{"href":"https:\/\/innocentiemangonipiante.it\/de\/wp-json\/wp\/v2\/types\/product"}],"wp:featuredmedia":[{"embeddable":true,"href":"https:\/\/innocentiemangonipiante.it\/de\/wp-json\/wp\/v2\/media\/111"}],"wp:attachment":[{"href":"https:\/\/innocentiemangonipiante.it\/de\/wp-json\/wp\/v2\/media?parent=14590"}],"wp:term":[{"taxonomy":"product_brand","embeddable":true,"href":"https:\/\/innocentiemangonipiante.it\/de\/wp-json\/wp\/v2\/product_brand?post=14590"},{"taxonomy":"product_cat","embeddable":true,"href":"https:\/\/innocentiemangonipiante.it\/de\/wp-json\/wp\/v2\/product_cat?post=14590"},{"taxonomy":"product_tag","embeddable":true,"href":"https:\/\/innocentiemangonipiante.it\/de\/wp-json\/wp\/v2\/product_tag?post=14590"}],"curies":[{"name":"wp","href":"https:\/\/api.w.org\/{rel}","templated":true}]}}