{"id":14592,"date":"2023-11-03T23:06:21","date_gmt":"2023-11-03T22:06:21","guid":{"rendered":"http:\/\/innocentiemangonipiante.it\/acacia-decurrens-bon-accueil\/"},"modified":"2023-11-06T17:04:34","modified_gmt":"2023-11-06T16:04:34","slug":"acacia-decurrens-bon-accueil","status":"publish","type":"product","link":"https:\/\/innocentiemangonipiante.it\/de\/acacia-decurrens-bon-accueil\/","title":{"rendered":"ACACIA decurrens &#8218;Bon Accueil&#8216;"},"content":{"rendered":"<p>Veredelt. Immergr\u00fcn, gr\u00fcnes Laub, Bl\u00fcte im Januar-Februar.<\/p>\n","protected":false},"excerpt":{"rendered":"<p>Veredelt. Immergr\u00fcn, gr\u00fcnes Laub, Bl\u00fcte im Januar-Februar.<\/p>\n","protected":false},"featured_media":141,"template":"","meta":{"_acf_changed":false},"product_brand":[],"product_cat":[8816],"product_tag":[10898],"class_list":{"0":"post-14592","1":"product","2":"type-product","3":"status-publish","4":"has-post-thumbnail","6":"product_cat-hartnaeckige-baeume-und-straeucher","7":"product_tag-naturlichen","8":"pa_altezza-massima-500-de","9":"pa_altezza-massima-800-de","10":"pa_colore-fioritura-gelbe","11":"pa_famiglia-leguminosae-de","12":"pa_genere-acacia-de","13":"pa_origine-sudeuropa-de","14":"pa_periodo-fioritura-februar","15":"pa_periodo-fioritura-januar","16":"pa_portamento-arrotondato-de","17":"pa_profumo-zart","18":"pa_resistenza-climatica-mittel","19":"pa_resistenza-del-suolo-bestandig-gegen-kalkhaltige-boden","20":"pa_resistenza-del-suolo-bestandig-gegen-trockene-boden","21":"pa_salinita-bestaendigkeit-in-meeresluft","22":"pa_utilizzo-kleine-gaerten","23":"pa_utilizzo-parks-de","25":"first","26":"instock","27":"purchasable","28":"product-type-simple"},"acf":[],"_links":{"self":[{"href":"https:\/\/innocentiemangonipiante.it\/de\/wp-json\/wp\/v2\/product\/14592","targetHints":{"allow":["GET"]}}],"collection":[{"href":"https:\/\/innocentiemangonipiante.it\/de\/wp-json\/wp\/v2\/product"}],"about":[{"href":"https:\/\/innocentiemangonipiante.it\/de\/wp-json\/wp\/v2\/types\/product"}],"wp:featuredmedia":[{"embeddable":true,"href":"https:\/\/innocentiemangonipiante.it\/de\/wp-json\/wp\/v2\/media\/141"}],"wp:attachment":[{"href":"https:\/\/innocentiemangonipiante.it\/de\/wp-json\/wp\/v2\/media?parent=14592"}],"wp:term":[{"taxonomy":"product_brand","embeddable":true,"href":"https:\/\/innocentiemangonipiante.it\/de\/wp-json\/wp\/v2\/product_brand?post=14592"},{"taxonomy":"product_cat","embeddable":true,"href":"https:\/\/innocentiemangonipiante.it\/de\/wp-json\/wp\/v2\/product_cat?post=14592"},{"taxonomy":"product_tag","embeddable":true,"href":"https:\/\/innocentiemangonipiante.it\/de\/wp-json\/wp\/v2\/product_tag?post=14592"}],"curies":[{"name":"wp","href":"https:\/\/api.w.org\/{rel}","templated":true}]}}