{"id":14598,"date":"2023-11-03T23:12:11","date_gmt":"2023-11-03T22:12:11","guid":{"rendered":"http:\/\/innocentiemangonipiante.it\/acer-palmatum-going-green\/"},"modified":"2023-11-06T17:08:36","modified_gmt":"2023-11-06T16:08:36","slug":"acer-palmatum-going-green","status":"publish","type":"product","link":"https:\/\/innocentiemangonipiante.it\/de\/acer-palmatum-going-green\/","title":{"rendered":"ACER palmatum &#8218;Going Green&#8216;"},"content":{"rendered":"<p>Hellgr\u00fcnes Blatt im Fr\u00fchling f\u00e4rbt sich im Herbst gelb-orange.<\/p>\n","protected":false},"excerpt":{"rendered":"<p>Hellgr\u00fcnes Blatt im Fr\u00fchling f\u00e4rbt sich im Herbst gelb-orange.<\/p>\n","protected":false},"featured_media":291,"template":"","meta":{"_acf_changed":false},"product_brand":[],"product_cat":[8813],"product_tag":[10898],"class_list":{"0":"post-14598","1":"product","2":"type-product","3":"status-publish","4":"has-post-thumbnail","6":"product_cat-laubbaume-und-straucher","7":"product_tag-naturlichen","8":"pa_altezza-massima-300-de","9":"pa_altezza-massima-400-de","10":"pa_famiglia-aceraceae-de","11":"pa_genere-acer-de","12":"pa_origine-ostasien","13":"pa_portamento-arrotondato-de","14":"pa_resistenza-climatica-sehr-hoch","15":"pa_utilizzo-kleine-gaerten","17":"first","18":"instock","19":"purchasable","20":"product-type-simple"},"acf":[],"_links":{"self":[{"href":"https:\/\/innocentiemangonipiante.it\/de\/wp-json\/wp\/v2\/product\/14598","targetHints":{"allow":["GET"]}}],"collection":[{"href":"https:\/\/innocentiemangonipiante.it\/de\/wp-json\/wp\/v2\/product"}],"about":[{"href":"https:\/\/innocentiemangonipiante.it\/de\/wp-json\/wp\/v2\/types\/product"}],"wp:featuredmedia":[{"embeddable":true,"href":"https:\/\/innocentiemangonipiante.it\/de\/wp-json\/wp\/v2\/media\/291"}],"wp:attachment":[{"href":"https:\/\/innocentiemangonipiante.it\/de\/wp-json\/wp\/v2\/media?parent=14598"}],"wp:term":[{"taxonomy":"product_brand","embeddable":true,"href":"https:\/\/innocentiemangonipiante.it\/de\/wp-json\/wp\/v2\/product_brand?post=14598"},{"taxonomy":"product_cat","embeddable":true,"href":"https:\/\/innocentiemangonipiante.it\/de\/wp-json\/wp\/v2\/product_cat?post=14598"},{"taxonomy":"product_tag","embeddable":true,"href":"https:\/\/innocentiemangonipiante.it\/de\/wp-json\/wp\/v2\/product_tag?post=14598"}],"curies":[{"name":"wp","href":"https:\/\/api.w.org\/{rel}","templated":true}]}}