{"id":14606,"date":"2023-11-03T23:15:35","date_gmt":"2023-11-03T22:15:35","guid":{"rendered":"http:\/\/innocentiemangonipiante.it\/acer-platanoides-columnare\/"},"modified":"2023-11-06T17:10:32","modified_gmt":"2023-11-06T16:10:32","slug":"acer-platanoides-columnare","status":"publish","type":"product","link":"https:\/\/innocentiemangonipiante.it\/de\/acer-platanoides-columnare\/","title":{"rendered":"ACER platanoides &#8218;Columnare&#8216;"},"content":{"rendered":"<p>Sommergr\u00fcner Baum mit aufrechtem und s\u00e4ulenf\u00f6rmigem Wuchs. Gr\u00fcnes Laub, im Herbst gelb werdend.<\/p>\n","protected":false},"excerpt":{"rendered":"<p>Sommergr\u00fcner Baum mit aufrechtem und s\u00e4ulenf\u00f6rmigem Wuchs. Gr\u00fcnes Laub, im Herbst gelb werdend.<\/p>\n","protected":false},"featured_media":331,"template":"","meta":{"_acf_changed":false},"product_brand":[],"product_cat":[8813],"product_tag":[10898,8401],"class_list":{"0":"post-14606","1":"product","2":"type-product","3":"status-publish","4":"has-post-thumbnail","6":"product_cat-laubbaume-und-straucher","7":"product_tag-naturlichen","8":"product_tag-hochstamm","9":"pa_altezza-massima-1000-de-2","10":"pa_altezza-massima-15-meter","11":"pa_condizionamento-m-de","12":"pa_famiglia-aceraceae-de","13":"pa_genere-acer-de","14":"pa_inquinamento-bestaendigkeit-gegen-smog","15":"pa_origine-europe-de","16":"pa_portamento-saulenformig","17":"pa_resistenza-climatica-sehr-hoch","18":"pa_resistenza-del-suolo-bestandig-gegen-kalkhaltige-boden","19":"pa_resistenza-del-suolo-bestandigkeit-auf-feuchten-boden","20":"pa_salinita-bestaendigkeit-in-meeresluft","21":"pa_utilizzo-alleen","22":"pa_utilizzo-parks-de","24":"first","25":"instock","26":"purchasable","27":"product-type-simple"},"acf":[],"_links":{"self":[{"href":"https:\/\/innocentiemangonipiante.it\/de\/wp-json\/wp\/v2\/product\/14606","targetHints":{"allow":["GET"]}}],"collection":[{"href":"https:\/\/innocentiemangonipiante.it\/de\/wp-json\/wp\/v2\/product"}],"about":[{"href":"https:\/\/innocentiemangonipiante.it\/de\/wp-json\/wp\/v2\/types\/product"}],"wp:featuredmedia":[{"embeddable":true,"href":"https:\/\/innocentiemangonipiante.it\/de\/wp-json\/wp\/v2\/media\/331"}],"wp:attachment":[{"href":"https:\/\/innocentiemangonipiante.it\/de\/wp-json\/wp\/v2\/media?parent=14606"}],"wp:term":[{"taxonomy":"product_brand","embeddable":true,"href":"https:\/\/innocentiemangonipiante.it\/de\/wp-json\/wp\/v2\/product_brand?post=14606"},{"taxonomy":"product_cat","embeddable":true,"href":"https:\/\/innocentiemangonipiante.it\/de\/wp-json\/wp\/v2\/product_cat?post=14606"},{"taxonomy":"product_tag","embeddable":true,"href":"https:\/\/innocentiemangonipiante.it\/de\/wp-json\/wp\/v2\/product_tag?post=14606"}],"curies":[{"name":"wp","href":"https:\/\/api.w.org\/{rel}","templated":true}]}}