{"id":14608,"date":"2023-11-03T23:15:41","date_gmt":"2023-11-03T22:15:41","guid":{"rendered":"http:\/\/innocentiemangonipiante.it\/acer-platanoides-crimson-king\/"},"modified":"2023-11-06T17:10:35","modified_gmt":"2023-11-06T16:10:35","slug":"acer-platanoides-crimson-king","status":"publish","type":"product","link":"https:\/\/innocentiemangonipiante.it\/de\/acer-platanoides-crimson-king\/","title":{"rendered":"ACER platanoides &#8218;Crimson King&#8216;"},"content":{"rendered":"<p>\u201cPurpurrot-Ahorn\u201d. Sommergr\u00fcner Baum mit kugelf\u00f6rmigem aufrechtem Wuchs. Die Bl\u00e4tter sind gro\u00df, drei-bis f\u00fcnflappig, tiefdunkel purpurrot. Die Bl\u00fcte ist gelb, rot nuanciert im April-Mai.<\/p>\n","protected":false},"excerpt":{"rendered":"<p>\u201cPurpurrot-Ahorn\u201d. Sommergr\u00fcner Baum mit kugelf\u00f6rmigem aufrechtem Wuchs. Die Bl\u00e4tter sind gro\u00df, drei-bis f\u00fcnflappig, tiefdunkel purpurrot. Die Bl\u00fcte ist gelb, rot nuanciert im April-Mai.<\/p>\n","protected":false},"featured_media":337,"template":"","meta":{"_acf_changed":false},"product_brand":[],"product_cat":[8813],"product_tag":[10898],"class_list":{"0":"post-14608","1":"product","2":"type-product","3":"status-publish","4":"has-post-thumbnail","6":"product_cat-laubbaume-und-straucher","7":"product_tag-naturlichen","8":"pa_altezza-massima-20-meter","9":"pa_altezza-massima-25-meter","10":"pa_colore-delle-foglie-roten","11":"pa_colore-fioritura-gelbe","12":"pa_famiglia-aceraceae-de","13":"pa_genere-acer-de","14":"pa_inquinamento-bestaendigkeit-gegen-smog","15":"pa_origine-u-s-a","16":"pa_periodo-fioritura-april-de","17":"pa_periodo-fioritura-mai-de","18":"pa_portamento-arrotondato-de","19":"pa_resistenza-climatica-sehr-hoch","20":"pa_resistenza-del-suolo-bestandig-gegen-kalkhaltige-boden","21":"pa_resistenza-del-suolo-bestandigkeit-auf-feuchten-boden","22":"pa_salinita-bestaendigkeit-in-meeresluft","23":"pa_utilizzo-alleen","24":"pa_utilizzo-parks-de","26":"first","27":"instock","28":"purchasable","29":"product-type-simple"},"acf":[],"_links":{"self":[{"href":"https:\/\/innocentiemangonipiante.it\/de\/wp-json\/wp\/v2\/product\/14608","targetHints":{"allow":["GET"]}}],"collection":[{"href":"https:\/\/innocentiemangonipiante.it\/de\/wp-json\/wp\/v2\/product"}],"about":[{"href":"https:\/\/innocentiemangonipiante.it\/de\/wp-json\/wp\/v2\/types\/product"}],"wp:featuredmedia":[{"embeddable":true,"href":"https:\/\/innocentiemangonipiante.it\/de\/wp-json\/wp\/v2\/media\/337"}],"wp:attachment":[{"href":"https:\/\/innocentiemangonipiante.it\/de\/wp-json\/wp\/v2\/media?parent=14608"}],"wp:term":[{"taxonomy":"product_brand","embeddable":true,"href":"https:\/\/innocentiemangonipiante.it\/de\/wp-json\/wp\/v2\/product_brand?post=14608"},{"taxonomy":"product_cat","embeddable":true,"href":"https:\/\/innocentiemangonipiante.it\/de\/wp-json\/wp\/v2\/product_cat?post=14608"},{"taxonomy":"product_tag","embeddable":true,"href":"https:\/\/innocentiemangonipiante.it\/de\/wp-json\/wp\/v2\/product_tag?post=14608"}],"curies":[{"name":"wp","href":"https:\/\/api.w.org\/{rel}","templated":true}]}}