{"id":14609,"date":"2023-11-03T23:15:23","date_gmt":"2023-11-03T22:15:23","guid":{"rendered":"http:\/\/innocentiemangonipiante.it\/acer-platanoides\/"},"modified":"2023-11-06T17:10:25","modified_gmt":"2023-11-06T16:10:25","slug":"acer-platanoides","status":"publish","type":"product","link":"https:\/\/innocentiemangonipiante.it\/de\/acer-platanoides\/","title":{"rendered":"ACER platanoides"},"content":{"rendered":"<p>\u201cSpitz-Ahorn\u201d. Sommergr\u00fcner Baum mit breitem, ausladendem Wuchs, sehr \u00fcppig. Dunkelgr\u00fcnes Laub, mit drei- bis f\u00fcnflappigen Bl\u00e4ttern, die im Herbst gelb-orange werden.<\/p>\n","protected":false},"excerpt":{"rendered":"<p>\u201cSpitz-Ahorn\u201d. Sommergr\u00fcner Baum mit breitem, ausladendem Wuchs, sehr \u00fcppig. Dunkelgr\u00fcnes Laub, mit drei- bis f\u00fcnflappigen Bl\u00e4ttern, die im Herbst gelb-orange werden.<\/p>\n","protected":false},"featured_media":319,"template":"","meta":{"_acf_changed":false},"product_brand":[],"product_cat":[8813],"product_tag":[10898,8401,8597],"class_list":{"0":"post-14609","1":"product","2":"type-product","3":"status-publish","4":"has-post-thumbnail","6":"product_cat-laubbaume-und-straucher","7":"product_tag-naturlichen","8":"product_tag-hochstamm","9":"product_tag-multistamm","10":"pa_altezza-massima-20-meter","11":"pa_altezza-massima-30-meter","12":"pa_condizionamento-clt-de","13":"pa_condizionamento-m-de","14":"pa_famiglia-aceraceae-de","15":"pa_genere-acer-de","16":"pa_origine-kaukasus","17":"pa_portamento-arrotondato-de","18":"pa_resistenza-climatica-sehr-hoch","19":"pa_resistenza-del-suolo-bestandig-gegen-kalkhaltige-boden","20":"pa_salinita-bestaendigkeit-in-meeresluft","21":"pa_utilizzo-alleen","22":"pa_utilizzo-parks-de","24":"first","25":"instock","26":"purchasable","27":"product-type-simple"},"acf":[],"_links":{"self":[{"href":"https:\/\/innocentiemangonipiante.it\/de\/wp-json\/wp\/v2\/product\/14609","targetHints":{"allow":["GET"]}}],"collection":[{"href":"https:\/\/innocentiemangonipiante.it\/de\/wp-json\/wp\/v2\/product"}],"about":[{"href":"https:\/\/innocentiemangonipiante.it\/de\/wp-json\/wp\/v2\/types\/product"}],"wp:featuredmedia":[{"embeddable":true,"href":"https:\/\/innocentiemangonipiante.it\/de\/wp-json\/wp\/v2\/media\/319"}],"wp:attachment":[{"href":"https:\/\/innocentiemangonipiante.it\/de\/wp-json\/wp\/v2\/media?parent=14609"}],"wp:term":[{"taxonomy":"product_brand","embeddable":true,"href":"https:\/\/innocentiemangonipiante.it\/de\/wp-json\/wp\/v2\/product_brand?post=14609"},{"taxonomy":"product_cat","embeddable":true,"href":"https:\/\/innocentiemangonipiante.it\/de\/wp-json\/wp\/v2\/product_cat?post=14609"},{"taxonomy":"product_tag","embeddable":true,"href":"https:\/\/innocentiemangonipiante.it\/de\/wp-json\/wp\/v2\/product_tag?post=14609"}],"curies":[{"name":"wp","href":"https:\/\/api.w.org\/{rel}","templated":true}]}}