{"id":14612,"date":"2023-11-03T23:13:04","date_gmt":"2023-11-03T22:13:04","guid":{"rendered":"http:\/\/innocentiemangonipiante.it\/acer-palmatum-osakazuki\/"},"modified":"2023-11-06T17:09:01","modified_gmt":"2023-11-06T16:09:01","slug":"acer-palmatum-osakazuki","status":"publish","type":"product","link":"https:\/\/innocentiemangonipiante.it\/de\/acer-palmatum-osakazuki\/","title":{"rendered":"ACER palmatum &#8218;Osakazuki&#8216;"},"content":{"rendered":"<p>Sommergr\u00fcner aufrechter Strauch. Die Bl\u00e4tter sind gegenst\u00e4ndig, siebenlappig, 7 bis 10 cm lang, kr\u00e4ftig gr\u00fcn, im Herbst orange bis rot.<\/p>\n","protected":false},"excerpt":{"rendered":"<p>Sommergr\u00fcner aufrechter Strauch. Die Bl\u00e4tter sind gegenst\u00e4ndig, siebenlappig, 7 bis 10 cm lang, kr\u00e4ftig gr\u00fcn, im Herbst orange bis rot.<\/p>\n","protected":false},"featured_media":304,"template":"","meta":{"_acf_changed":false},"product_brand":[],"product_cat":[8813],"product_tag":[10898],"class_list":{"0":"post-14612","1":"product","2":"type-product","3":"status-publish","4":"has-post-thumbnail","6":"product_cat-laubbaume-und-straucher","7":"product_tag-naturlichen","8":"pa_altezza-massima-400-de","9":"pa_altezza-massima-600-de","10":"pa_condizionamento-clt-de","11":"pa_condizionamento-jungplanzen","12":"pa_famiglia-aceraceae-de","13":"pa_genere-acer-de","14":"pa_origine-ostasien","15":"pa_portamento-saulenformig","16":"pa_resistenza-climatica-sehr-hoch","17":"pa_utilizzo-kleine-gaerten","18":"pa_utilizzo-parks-de","20":"first","21":"instock","22":"purchasable","23":"product-type-simple"},"acf":[],"_links":{"self":[{"href":"https:\/\/innocentiemangonipiante.it\/de\/wp-json\/wp\/v2\/product\/14612","targetHints":{"allow":["GET"]}}],"collection":[{"href":"https:\/\/innocentiemangonipiante.it\/de\/wp-json\/wp\/v2\/product"}],"about":[{"href":"https:\/\/innocentiemangonipiante.it\/de\/wp-json\/wp\/v2\/types\/product"}],"wp:featuredmedia":[{"embeddable":true,"href":"https:\/\/innocentiemangonipiante.it\/de\/wp-json\/wp\/v2\/media\/304"}],"wp:attachment":[{"href":"https:\/\/innocentiemangonipiante.it\/de\/wp-json\/wp\/v2\/media?parent=14612"}],"wp:term":[{"taxonomy":"product_brand","embeddable":true,"href":"https:\/\/innocentiemangonipiante.it\/de\/wp-json\/wp\/v2\/product_brand?post=14612"},{"taxonomy":"product_cat","embeddable":true,"href":"https:\/\/innocentiemangonipiante.it\/de\/wp-json\/wp\/v2\/product_cat?post=14612"},{"taxonomy":"product_tag","embeddable":true,"href":"https:\/\/innocentiemangonipiante.it\/de\/wp-json\/wp\/v2\/product_tag?post=14612"}],"curies":[{"name":"wp","href":"https:\/\/api.w.org\/{rel}","templated":true}]}}