{"id":14614,"date":"2023-11-03T23:12:23","date_gmt":"2023-11-03T22:12:23","guid":{"rendered":"http:\/\/innocentiemangonipiante.it\/acer-palmatum-koto-no-ito\/"},"modified":"2023-11-06T17:08:42","modified_gmt":"2023-11-06T16:08:42","slug":"acer-palmatum-koto-no-ito","status":"publish","type":"product","link":"https:\/\/innocentiemangonipiante.it\/de\/acer-palmatum-koto-no-ito\/","title":{"rendered":"ACER palmatum &#8218;Koto No Ito&#8216;"},"content":{"rendered":"<p>Die f\u00e4cherf\u00f6rmigen Bl\u00e4tter sind im Sommer leuchtend gr\u00fcn und nehmen im Herbst eine gelb-or- ange F\u00e4rbung an. Im Fr\u00fchjahr sind die Bl\u00e4tter lil.<\/p>\n","protected":false},"excerpt":{"rendered":"<p>Die f\u00e4cherf\u00f6rmigen Bl\u00e4tter sind im Sommer leuchtend gr\u00fcn und nehmen im Herbst eine gelb-or- ange F\u00e4rbung an. Im Fr\u00fchjahr sind die Bl\u00e4tter lil.<\/p>\n","protected":false},"featured_media":297,"template":"","meta":{"_acf_changed":false},"product_brand":[],"product_cat":[8813],"product_tag":[10898],"class_list":{"0":"post-14614","1":"product","2":"type-product","3":"status-publish","4":"has-post-thumbnail","6":"product_cat-laubbaume-und-straucher","7":"product_tag-naturlichen","8":"pa_altezza-massima-250-de","9":"pa_altezza-massima-300-de","10":"pa_famiglia-aceraceae-de","11":"pa_genere-acer-de","12":"pa_origine-japan-de","13":"pa_portamento-arrotondato-de","14":"pa_resistenza-climatica-sehr-hoch","15":"pa_utilizzo-balkone","16":"pa_utilizzo-kleine-gaerten","18":"first","19":"instock","20":"purchasable","21":"product-type-simple"},"acf":[],"_links":{"self":[{"href":"https:\/\/innocentiemangonipiante.it\/de\/wp-json\/wp\/v2\/product\/14614","targetHints":{"allow":["GET"]}}],"collection":[{"href":"https:\/\/innocentiemangonipiante.it\/de\/wp-json\/wp\/v2\/product"}],"about":[{"href":"https:\/\/innocentiemangonipiante.it\/de\/wp-json\/wp\/v2\/types\/product"}],"wp:featuredmedia":[{"embeddable":true,"href":"https:\/\/innocentiemangonipiante.it\/de\/wp-json\/wp\/v2\/media\/297"}],"wp:attachment":[{"href":"https:\/\/innocentiemangonipiante.it\/de\/wp-json\/wp\/v2\/media?parent=14614"}],"wp:term":[{"taxonomy":"product_brand","embeddable":true,"href":"https:\/\/innocentiemangonipiante.it\/de\/wp-json\/wp\/v2\/product_brand?post=14614"},{"taxonomy":"product_cat","embeddable":true,"href":"https:\/\/innocentiemangonipiante.it\/de\/wp-json\/wp\/v2\/product_cat?post=14614"},{"taxonomy":"product_tag","embeddable":true,"href":"https:\/\/innocentiemangonipiante.it\/de\/wp-json\/wp\/v2\/product_tag?post=14614"}],"curies":[{"name":"wp","href":"https:\/\/api.w.org\/{rel}","templated":true}]}}