{"id":14616,"date":"2023-11-03T23:11:55","date_gmt":"2023-11-03T22:11:55","guid":{"rendered":"http:\/\/innocentiemangonipiante.it\/acer-palmatum-dissectum-viridis\/"},"modified":"2023-11-06T17:08:21","modified_gmt":"2023-11-06T16:08:21","slug":"acer-palmatum-dissectum-viridis","status":"publish","type":"product","link":"https:\/\/innocentiemangonipiante.it\/de\/acer-palmatum-dissectum-viridis\/","title":{"rendered":"ACER palmatum &#8218;Dissectum Viridis&#8216;"},"content":{"rendered":"<p>Die jungen Bl\u00e4tter sind Hellgr\u00fcn, im Sommer dunkelgr\u00fcn werdend und gelb-orange Herbstf\u00e4rbung.<\/p>\n","protected":false},"excerpt":{"rendered":"<p>Die jungen Bl\u00e4tter sind Hellgr\u00fcn, im Sommer dunkelgr\u00fcn werdend und gelb-orange Herbstf\u00e4rbung.<\/p>\n","protected":false},"featured_media":279,"template":"","meta":{"_acf_changed":false},"product_brand":[],"product_cat":[8813],"product_tag":[10898,8565,8401,10902],"class_list":{"0":"post-14616","1":"product","2":"type-product","3":"status-publish","4":"has-post-thumbnail","6":"product_cat-laubbaume-und-straucher","7":"product_tag-naturlichen","8":"product_tag-halbstamm","9":"product_tag-hochstamm","10":"product_tag-stammbusch","11":"pa_altezza-massima-200-de","12":"pa_altezza-massima-300-de","13":"pa_condizionamento-clt-de","14":"pa_condizionamento-deco-holztopf","15":"pa_condizionamento-jungplanzen","16":"pa_condizionamento-schale","17":"pa_condizionamento-viereckigertops","18":"pa_famiglia-aceraceae-de","19":"pa_genere-acer-de","20":"pa_origine-ostasien","21":"pa_portamento-piangente-de","22":"pa_resistenza-climatica-sehr-hoch","23":"pa_utilizzo-kleine-gaerten","25":"first","26":"instock","27":"purchasable","28":"product-type-simple"},"acf":[],"_links":{"self":[{"href":"https:\/\/innocentiemangonipiante.it\/de\/wp-json\/wp\/v2\/product\/14616","targetHints":{"allow":["GET"]}}],"collection":[{"href":"https:\/\/innocentiemangonipiante.it\/de\/wp-json\/wp\/v2\/product"}],"about":[{"href":"https:\/\/innocentiemangonipiante.it\/de\/wp-json\/wp\/v2\/types\/product"}],"wp:featuredmedia":[{"embeddable":true,"href":"https:\/\/innocentiemangonipiante.it\/de\/wp-json\/wp\/v2\/media\/279"}],"wp:attachment":[{"href":"https:\/\/innocentiemangonipiante.it\/de\/wp-json\/wp\/v2\/media?parent=14616"}],"wp:term":[{"taxonomy":"product_brand","embeddable":true,"href":"https:\/\/innocentiemangonipiante.it\/de\/wp-json\/wp\/v2\/product_brand?post=14616"},{"taxonomy":"product_cat","embeddable":true,"href":"https:\/\/innocentiemangonipiante.it\/de\/wp-json\/wp\/v2\/product_cat?post=14616"},{"taxonomy":"product_tag","embeddable":true,"href":"https:\/\/innocentiemangonipiante.it\/de\/wp-json\/wp\/v2\/product_tag?post=14616"}],"curies":[{"name":"wp","href":"https:\/\/api.w.org\/{rel}","templated":true}]}}