{"id":14620,"date":"2023-11-03T23:11:12","date_gmt":"2023-11-03T22:11:12","guid":{"rendered":"http:\/\/innocentiemangonipiante.it\/acer-palmatum-dissectum-atropurpureum\/"},"modified":"2023-11-06T17:07:30","modified_gmt":"2023-11-06T16:07:30","slug":"acer-palmatum-dissectum-atropurpureum","status":"publish","type":"product","link":"https:\/\/innocentiemangonipiante.it\/de\/acer-palmatum-dissectum-atropurpureum\/","title":{"rendered":"ACER palmatum &#8218;Dissectum Atropurpureum&#8216;"},"content":{"rendered":"<p>Halbkugelf\u00f6rmiger Wuchs, Langsames Wachstum Bl\u00e4tter mit 7 bis 11 Lappen, sehr geschlitzt, von gr\u00fcn-rot bis purpurrot im Herbst.<\/p>\n","protected":false},"excerpt":{"rendered":"<p>Halbkugelf\u00f6rmiger Wuchs, Langsames Wachstum Bl\u00e4tter mit 7 bis 11 Lappen, sehr geschlitzt, von gr\u00fcn-rot bis purpurrot im Herbst.<\/p>\n","protected":false},"featured_media":261,"template":"","meta":{"_acf_changed":false},"product_brand":[],"product_cat":[8813],"product_tag":[10898,8736,8565,8401,10902],"class_list":{"0":"post-14620","1":"product","2":"type-product","3":"status-publish","4":"has-post-thumbnail","6":"product_cat-laubbaume-und-straucher","7":"product_tag-naturlichen","8":"product_tag-fusstamm","9":"product_tag-halbstamm","10":"product_tag-hochstamm","11":"product_tag-stammbusch","12":"pa_altezza-massima-200-de","13":"pa_altezza-massima-300-de","14":"pa_colore-delle-foglie-vielfaeltigen","15":"pa_condizionamento-clt-de","16":"pa_condizionamento-deco-holztopf","17":"pa_condizionamento-schale","18":"pa_condizionamento-viereckigertops","19":"pa_famiglia-aceraceae-de","20":"pa_genere-acer-de","21":"pa_origine-ostasien","22":"pa_portamento-piangente-de","23":"pa_resistenza-climatica-sehr-hoch","24":"pa_utilizzo-kleine-gaerten","26":"first","27":"instock","28":"purchasable","29":"product-type-simple"},"acf":[],"_links":{"self":[{"href":"https:\/\/innocentiemangonipiante.it\/de\/wp-json\/wp\/v2\/product\/14620","targetHints":{"allow":["GET"]}}],"collection":[{"href":"https:\/\/innocentiemangonipiante.it\/de\/wp-json\/wp\/v2\/product"}],"about":[{"href":"https:\/\/innocentiemangonipiante.it\/de\/wp-json\/wp\/v2\/types\/product"}],"wp:featuredmedia":[{"embeddable":true,"href":"https:\/\/innocentiemangonipiante.it\/de\/wp-json\/wp\/v2\/media\/261"}],"wp:attachment":[{"href":"https:\/\/innocentiemangonipiante.it\/de\/wp-json\/wp\/v2\/media?parent=14620"}],"wp:term":[{"taxonomy":"product_brand","embeddable":true,"href":"https:\/\/innocentiemangonipiante.it\/de\/wp-json\/wp\/v2\/product_brand?post=14620"},{"taxonomy":"product_cat","embeddable":true,"href":"https:\/\/innocentiemangonipiante.it\/de\/wp-json\/wp\/v2\/product_cat?post=14620"},{"taxonomy":"product_tag","embeddable":true,"href":"https:\/\/innocentiemangonipiante.it\/de\/wp-json\/wp\/v2\/product_tag?post=14620"}],"curies":[{"name":"wp","href":"https:\/\/api.w.org\/{rel}","templated":true}]}}