{"id":14621,"date":"2023-11-03T23:10:46","date_gmt":"2023-11-03T22:10:46","guid":{"rendered":"http:\/\/innocentiemangonipiante.it\/acer-palmatum-butterfly\/"},"modified":"2023-11-06T17:07:14","modified_gmt":"2023-11-06T16:07:14","slug":"acer-palmatum-butterfly","status":"publish","type":"product","link":"https:\/\/innocentiemangonipiante.it\/de\/acer-palmatum-butterfly\/","title":{"rendered":"ACER palmatum &#8218;Butterfly&#8216;"},"content":{"rendered":"<p>Aufrechter Wuchs. Kleine gr\u00fcne Bl\u00e4tter mit rosa-cremefarbigen R\u00e4ndern.<\/p>\n","protected":false},"excerpt":{"rendered":"<p>Aufrechter Wuchs. Kleine gr\u00fcne Bl\u00e4tter mit rosa-cremefarbigen R\u00e4ndern.<\/p>\n","protected":false},"featured_media":249,"template":"","meta":{"_acf_changed":false},"product_brand":[],"product_cat":[8813],"product_tag":[10898],"class_list":{"0":"post-14621","1":"product","2":"type-product","3":"status-publish","4":"has-post-thumbnail","6":"product_cat-laubbaume-und-straucher","7":"product_tag-naturlichen","8":"pa_altezza-massima-200-de","9":"pa_altezza-massima-300-de","10":"pa_colore-delle-foglie-vielfaeltigen","11":"pa_famiglia-aceraceae-de","12":"pa_genere-acer-de","13":"pa_origine-ostasien","14":"pa_portamento-saulenformig","15":"pa_resistenza-climatica-sehr-hoch","16":"pa_utilizzo-kleine-gaerten","18":"first","19":"instock","20":"purchasable","21":"product-type-simple"},"acf":[],"_links":{"self":[{"href":"https:\/\/innocentiemangonipiante.it\/de\/wp-json\/wp\/v2\/product\/14621","targetHints":{"allow":["GET"]}}],"collection":[{"href":"https:\/\/innocentiemangonipiante.it\/de\/wp-json\/wp\/v2\/product"}],"about":[{"href":"https:\/\/innocentiemangonipiante.it\/de\/wp-json\/wp\/v2\/types\/product"}],"wp:featuredmedia":[{"embeddable":true,"href":"https:\/\/innocentiemangonipiante.it\/de\/wp-json\/wp\/v2\/media\/249"}],"wp:attachment":[{"href":"https:\/\/innocentiemangonipiante.it\/de\/wp-json\/wp\/v2\/media?parent=14621"}],"wp:term":[{"taxonomy":"product_brand","embeddable":true,"href":"https:\/\/innocentiemangonipiante.it\/de\/wp-json\/wp\/v2\/product_brand?post=14621"},{"taxonomy":"product_cat","embeddable":true,"href":"https:\/\/innocentiemangonipiante.it\/de\/wp-json\/wp\/v2\/product_cat?post=14621"},{"taxonomy":"product_tag","embeddable":true,"href":"https:\/\/innocentiemangonipiante.it\/de\/wp-json\/wp\/v2\/product_tag?post=14621"}],"curies":[{"name":"wp","href":"https:\/\/api.w.org\/{rel}","templated":true}]}}