{"id":14628,"date":"2023-11-03T23:09:24","date_gmt":"2023-11-03T22:09:24","guid":{"rendered":"http:\/\/innocentiemangonipiante.it\/acer-monspessulanum\/"},"modified":"2023-11-06T17:06:23","modified_gmt":"2023-11-06T16:06:23","slug":"acer-monspessulanum","status":"publish","type":"product","link":"https:\/\/innocentiemangonipiante.it\/de\/acer-monspessulanum\/","title":{"rendered":"ACER monspessulanum"},"content":{"rendered":"<p>Kleiner Sommergr\u00fcner Baum mit kugelf\u00f6rmigem Wuchs. Die Bl\u00e4tter sind gl\u00e4nzend, dunkelgr\u00fcn, 3 bis 5 cm lang, mit 3 abgerundeten Lappen, die sich im Herbst gold-gelb f\u00e4rben.<\/p>\n","protected":false},"excerpt":{"rendered":"<p>Kleiner Sommergr\u00fcner Baum mit kugelf\u00f6rmigem Wuchs. Die Bl\u00e4tter sind gl\u00e4nzend, dunkelgr\u00fcn, 3 bis 5 cm lang, mit 3 abgerundeten Lappen, die sich im Herbst gold-gelb f\u00e4rben.<\/p>\n","protected":false},"featured_media":199,"template":"","meta":{"_acf_changed":false},"product_brand":[],"product_cat":[8813,9231],"product_tag":[10898,8401,8597],"class_list":{"0":"post-14628","1":"product","2":"type-product","3":"status-publish","4":"has-post-thumbnail","6":"product_cat-laubbaume-und-straucher","7":"product_cat-baume-und-pflanzen-der-zukunft","8":"product_tag-naturlichen","9":"product_tag-hochstamm","10":"product_tag-multistamm","11":"pa_altezza-massima-800-de","12":"pa_altezza-massima-1000-de-2","13":"pa_condizionamento-clt-de","14":"pa_condizionamento-m-de","15":"pa_famiglia-aceraceae-de","16":"pa_genere-acer-de","17":"pa_origine-frankreich","18":"pa_portamento-arrotondato-de","19":"pa_resistenza-climatica-mittel-hoch","20":"pa_resistenza-del-suolo-bestandig-gegen-kalkhaltige-boden","21":"pa_resistenza-del-suolo-bestandig-gegen-trockene-boden","22":"pa_resistenza-del-suolo-resistent-gegen-arme-boeden","23":"pa_salinita-bestaendigkeit-in-meeresluft","24":"pa_utilizzo-alleen","25":"pa_utilizzo-kleine-gaerten","27":"first","28":"instock","29":"purchasable","30":"product-type-simple"},"acf":[],"_links":{"self":[{"href":"https:\/\/innocentiemangonipiante.it\/de\/wp-json\/wp\/v2\/product\/14628","targetHints":{"allow":["GET"]}}],"collection":[{"href":"https:\/\/innocentiemangonipiante.it\/de\/wp-json\/wp\/v2\/product"}],"about":[{"href":"https:\/\/innocentiemangonipiante.it\/de\/wp-json\/wp\/v2\/types\/product"}],"wp:featuredmedia":[{"embeddable":true,"href":"https:\/\/innocentiemangonipiante.it\/de\/wp-json\/wp\/v2\/media\/199"}],"wp:attachment":[{"href":"https:\/\/innocentiemangonipiante.it\/de\/wp-json\/wp\/v2\/media?parent=14628"}],"wp:term":[{"taxonomy":"product_brand","embeddable":true,"href":"https:\/\/innocentiemangonipiante.it\/de\/wp-json\/wp\/v2\/product_brand?post=14628"},{"taxonomy":"product_cat","embeddable":true,"href":"https:\/\/innocentiemangonipiante.it\/de\/wp-json\/wp\/v2\/product_cat?post=14628"},{"taxonomy":"product_tag","embeddable":true,"href":"https:\/\/innocentiemangonipiante.it\/de\/wp-json\/wp\/v2\/product_tag?post=14628"}],"curies":[{"name":"wp","href":"https:\/\/api.w.org\/{rel}","templated":true}]}}