{"id":14629,"date":"2023-11-03T23:09:06","date_gmt":"2023-11-03T22:09:06","guid":{"rendered":"http:\/\/innocentiemangonipiante.it\/acer-japonicum-aconitifolium\/"},"modified":"2023-11-06T17:06:16","modified_gmt":"2023-11-06T16:06:16","slug":"acer-japonicum-aconitifolium","status":"publish","type":"product","link":"https:\/\/innocentiemangonipiante.it\/de\/acer-japonicum-aconitifolium\/","title":{"rendered":"ACER japonicum &#8218;Aconitifolium&#8216;"},"content":{"rendered":"<p>Sommergr\u00fcner Baum oder Strauch mit gr\u00fcnen Bl\u00e4ttern, sehr gelappt, die im Herbst gelb-orange werden.<\/p>\n","protected":false},"excerpt":{"rendered":"<p>Sommergr\u00fcner Baum oder Strauch mit gr\u00fcnen Bl\u00e4ttern, sehr gelappt, die im Herbst gelb-orange werden.<\/p>\n","protected":false},"featured_media":192,"template":"","meta":{"_acf_changed":false},"product_brand":[],"product_cat":[8813],"product_tag":[10898],"class_list":{"0":"post-14629","1":"product","2":"type-product","3":"status-publish","4":"has-post-thumbnail","6":"product_cat-laubbaume-und-straucher","7":"product_tag-naturlichen","8":"pa_altezza-massima-300-de","9":"pa_altezza-massima-500-de","10":"pa_famiglia-aceraceae-de","11":"pa_genere-acer-de","12":"pa_origine-ostasien","13":"pa_portamento-arrotondato-de","14":"pa_resistenza-climatica-sehr-hoch","15":"pa_utilizzo-kleine-gaerten","17":"first","18":"instock","19":"purchasable","20":"product-type-simple"},"acf":[],"_links":{"self":[{"href":"https:\/\/innocentiemangonipiante.it\/de\/wp-json\/wp\/v2\/product\/14629","targetHints":{"allow":["GET"]}}],"collection":[{"href":"https:\/\/innocentiemangonipiante.it\/de\/wp-json\/wp\/v2\/product"}],"about":[{"href":"https:\/\/innocentiemangonipiante.it\/de\/wp-json\/wp\/v2\/types\/product"}],"wp:featuredmedia":[{"embeddable":true,"href":"https:\/\/innocentiemangonipiante.it\/de\/wp-json\/wp\/v2\/media\/192"}],"wp:attachment":[{"href":"https:\/\/innocentiemangonipiante.it\/de\/wp-json\/wp\/v2\/media?parent=14629"}],"wp:term":[{"taxonomy":"product_brand","embeddable":true,"href":"https:\/\/innocentiemangonipiante.it\/de\/wp-json\/wp\/v2\/product_brand?post=14629"},{"taxonomy":"product_cat","embeddable":true,"href":"https:\/\/innocentiemangonipiante.it\/de\/wp-json\/wp\/v2\/product_cat?post=14629"},{"taxonomy":"product_tag","embeddable":true,"href":"https:\/\/innocentiemangonipiante.it\/de\/wp-json\/wp\/v2\/product_tag?post=14629"}],"curies":[{"name":"wp","href":"https:\/\/api.w.org\/{rel}","templated":true}]}}