{"id":14630,"date":"2023-11-03T23:08:51","date_gmt":"2023-11-03T22:08:51","guid":{"rendered":"http:\/\/innocentiemangonipiante.it\/acer-ginnala\/"},"modified":"2023-11-06T17:06:10","modified_gmt":"2023-11-06T16:06:10","slug":"acer-ginnala","status":"publish","type":"product","link":"https:\/\/innocentiemangonipiante.it\/de\/acer-ginnala\/","title":{"rendered":"ACER ginnala"},"content":{"rendered":"<p>Sommergr\u00fcner Baum mit rundem Wuchs und gebogenen Zweigen. Gr\u00fcnes tief-dreilappiges Blatt mit intensivroter Herbstf\u00e4rbung.<\/p>\n","protected":false},"excerpt":{"rendered":"<p>Sommergr\u00fcner Baum mit rundem Wuchs und gebogenen Zweigen. Gr\u00fcnes tief-dreilappiges Blatt mit intensivroter Herbstf\u00e4rbung.<\/p>\n","protected":false},"featured_media":186,"template":"","meta":{"_acf_changed":false},"product_brand":[],"product_cat":[8813,9231],"product_tag":[10898,8401,8597],"class_list":{"0":"post-14630","1":"product","2":"type-product","3":"status-publish","4":"has-post-thumbnail","6":"product_cat-laubbaume-und-straucher","7":"product_cat-baume-und-pflanzen-der-zukunft","8":"product_tag-naturlichen","9":"product_tag-hochstamm","10":"product_tag-multistamm","11":"pa_altezza-massima-800-de","12":"pa_altezza-massima-1000-de-2","13":"pa_condizionamento-clt-de","14":"pa_condizionamento-m-de","15":"pa_famiglia-aceraceae-de","16":"pa_genere-acer-de","17":"pa_inquinamento-bestaendigkeit-gegen-smog","18":"pa_origine-asien","19":"pa_portamento-arrotondato-de","20":"pa_resistenza-climatica-sehr-hoch","21":"pa_resistenza-del-suolo-bestandig-gegen-trockene-boden","22":"pa_salinita-bestaendigkeit-in-meeresluft","23":"pa_utilizzo-kleine-gaerten","24":"pa_utilizzo-parks-de","26":"first","27":"instock","28":"purchasable","29":"product-type-simple"},"acf":[],"_links":{"self":[{"href":"https:\/\/innocentiemangonipiante.it\/de\/wp-json\/wp\/v2\/product\/14630","targetHints":{"allow":["GET"]}}],"collection":[{"href":"https:\/\/innocentiemangonipiante.it\/de\/wp-json\/wp\/v2\/product"}],"about":[{"href":"https:\/\/innocentiemangonipiante.it\/de\/wp-json\/wp\/v2\/types\/product"}],"wp:featuredmedia":[{"embeddable":true,"href":"https:\/\/innocentiemangonipiante.it\/de\/wp-json\/wp\/v2\/media\/186"}],"wp:attachment":[{"href":"https:\/\/innocentiemangonipiante.it\/de\/wp-json\/wp\/v2\/media?parent=14630"}],"wp:term":[{"taxonomy":"product_brand","embeddable":true,"href":"https:\/\/innocentiemangonipiante.it\/de\/wp-json\/wp\/v2\/product_brand?post=14630"},{"taxonomy":"product_cat","embeddable":true,"href":"https:\/\/innocentiemangonipiante.it\/de\/wp-json\/wp\/v2\/product_cat?post=14630"},{"taxonomy":"product_tag","embeddable":true,"href":"https:\/\/innocentiemangonipiante.it\/de\/wp-json\/wp\/v2\/product_tag?post=14630"}],"curies":[{"name":"wp","href":"https:\/\/api.w.org\/{rel}","templated":true}]}}