{"id":14632,"date":"2023-11-03T23:19:23","date_gmt":"2023-11-03T22:19:23","guid":{"rendered":"http:\/\/innocentiemangonipiante.it\/acer-x-freemanii-celebration\/"},"modified":"2023-11-06T17:13:08","modified_gmt":"2023-11-06T16:13:08","slug":"acer-x-freemanii-celebration","status":"publish","type":"product","link":"https:\/\/innocentiemangonipiante.it\/de\/acer-x-freemanii-celebration\/","title":{"rendered":"ACER x freemanii &#8218;Celebration&#8216; \u00ae"},"content":{"rendered":"<p>&#8218;Celebration&#8216; ist ein hochkroniger Baum mit hellgr\u00fcnem bis nach rosa tendierendem Laub, das sich im Herbst goldgelb verf\u00e4rbt. Hat keine Fr\u00fcchte. Ein sch\u00f6ner Alleebaum<\/p>\n","protected":false},"excerpt":{"rendered":"<p>&#8218;Celebration&#8216; ist ein hochkroniger Baum mit hellgr\u00fcnem bis nach rosa tendierendem Laub, das sich im Herbst goldgelb verf\u00e4rbt. Hat keine Fr\u00fcchte. Ein sch\u00f6ner Alleebaum<\/p>\n","protected":false},"featured_media":498,"template":"","meta":{"_acf_changed":false},"product_brand":[],"product_cat":[8813],"product_tag":[10898,8401,8597],"class_list":{"0":"post-14632","1":"product","2":"type-product","3":"status-publish","4":"has-post-thumbnail","6":"product_cat-laubbaume-und-straucher","7":"product_tag-naturlichen","8":"product_tag-hochstamm","9":"product_tag-multistamm","10":"pa_altezza-massima-15-meter","11":"pa_altezza-massima-20-meter","12":"pa_condizionamento-clt-de","13":"pa_condizionamento-m-de","14":"pa_famiglia-aceraceae-de","15":"pa_genere-acer-de","16":"pa_inquinamento-bestaendigkeit-gegen-smog","17":"pa_origine-u-s-a","18":"pa_portamento-saulenformig","19":"pa_resistenza-climatica-sehr-hoch","20":"pa_resistenza-del-suolo-bestandig-gegen-trockene-boden","21":"pa_resistenza-del-suolo-bestandigkeit-auf-feuchten-boden","22":"pa_utilizzo-alleen","23":"pa_utilizzo-parks-de","25":"first","26":"instock","27":"purchasable","28":"product-type-simple"},"acf":[],"_links":{"self":[{"href":"https:\/\/innocentiemangonipiante.it\/de\/wp-json\/wp\/v2\/product\/14632","targetHints":{"allow":["GET"]}}],"collection":[{"href":"https:\/\/innocentiemangonipiante.it\/de\/wp-json\/wp\/v2\/product"}],"about":[{"href":"https:\/\/innocentiemangonipiante.it\/de\/wp-json\/wp\/v2\/types\/product"}],"wp:featuredmedia":[{"embeddable":true,"href":"https:\/\/innocentiemangonipiante.it\/de\/wp-json\/wp\/v2\/media\/498"}],"wp:attachment":[{"href":"https:\/\/innocentiemangonipiante.it\/de\/wp-json\/wp\/v2\/media?parent=14632"}],"wp:term":[{"taxonomy":"product_brand","embeddable":true,"href":"https:\/\/innocentiemangonipiante.it\/de\/wp-json\/wp\/v2\/product_brand?post=14632"},{"taxonomy":"product_cat","embeddable":true,"href":"https:\/\/innocentiemangonipiante.it\/de\/wp-json\/wp\/v2\/product_cat?post=14632"},{"taxonomy":"product_tag","embeddable":true,"href":"https:\/\/innocentiemangonipiante.it\/de\/wp-json\/wp\/v2\/product_tag?post=14632"}],"curies":[{"name":"wp","href":"https:\/\/api.w.org\/{rel}","templated":true}]}}