{"id":14633,"date":"2023-11-03T23:19:01","date_gmt":"2023-11-03T22:19:01","guid":{"rendered":"http:\/\/innocentiemangonipiante.it\/acer-x-freemanii-armstrong\/"},"modified":"2023-11-06T17:12:34","modified_gmt":"2023-11-06T16:12:34","slug":"acer-x-freemanii-armstrong","status":"publish","type":"product","link":"https:\/\/innocentiemangonipiante.it\/de\/acer-x-freemanii-armstrong\/","title":{"rendered":"ACER x freemanii &#8218;Armstrong&#8216;"},"content":{"rendered":"<p>Laubmittelgro\u00dfer Baum mit s\u00e4ulenartigen Wachstum und leuchtend gr\u00fcnen Bl\u00e4tter mit 3 bis 5 Lappen. Sch\u00f6ne Herbst F\u00e4rbung von gelb bis orange-rot.<\/p>\n","protected":false},"excerpt":{"rendered":"<p>Laubmittelgro\u00dfer Baum mit s\u00e4ulenartigen Wachstum und leuchtend gr\u00fcnen Bl\u00e4tter mit 3 bis 5 Lappen. Sch\u00f6ne Herbst F\u00e4rbung von gelb bis orange-rot.<\/p>\n","protected":false},"featured_media":480,"template":"","meta":{"_acf_changed":false},"product_brand":[],"product_cat":[8813],"product_tag":[10898,8401,8597],"class_list":{"0":"post-14633","1":"product","2":"type-product","3":"status-publish","4":"has-post-thumbnail","6":"product_cat-laubbaume-und-straucher","7":"product_tag-naturlichen","8":"product_tag-hochstamm","9":"product_tag-multistamm","10":"pa_altezza-massima-15-meter","11":"pa_altezza-massima-20-meter","12":"pa_condizionamento-clt-de","13":"pa_condizionamento-m-de","14":"pa_famiglia-aceraceae-de","15":"pa_genere-acer-de","16":"pa_inquinamento-bestaendigkeit-gegen-smog","17":"pa_origine-u-s-a","18":"pa_portamento-saulenformig","19":"pa_resistenza-climatica-sehr-hoch","20":"pa_resistenza-del-suolo-bestandig-gegen-kalkhaltige-boden","21":"pa_resistenza-del-suolo-bestandigkeit-auf-feuchten-boden","22":"pa_utilizzo-parks-de","24":"first","25":"instock","26":"purchasable","27":"product-type-simple"},"acf":[],"_links":{"self":[{"href":"https:\/\/innocentiemangonipiante.it\/de\/wp-json\/wp\/v2\/product\/14633","targetHints":{"allow":["GET"]}}],"collection":[{"href":"https:\/\/innocentiemangonipiante.it\/de\/wp-json\/wp\/v2\/product"}],"about":[{"href":"https:\/\/innocentiemangonipiante.it\/de\/wp-json\/wp\/v2\/types\/product"}],"wp:featuredmedia":[{"embeddable":true,"href":"https:\/\/innocentiemangonipiante.it\/de\/wp-json\/wp\/v2\/media\/480"}],"wp:attachment":[{"href":"https:\/\/innocentiemangonipiante.it\/de\/wp-json\/wp\/v2\/media?parent=14633"}],"wp:term":[{"taxonomy":"product_brand","embeddable":true,"href":"https:\/\/innocentiemangonipiante.it\/de\/wp-json\/wp\/v2\/product_brand?post=14633"},{"taxonomy":"product_cat","embeddable":true,"href":"https:\/\/innocentiemangonipiante.it\/de\/wp-json\/wp\/v2\/product_cat?post=14633"},{"taxonomy":"product_tag","embeddable":true,"href":"https:\/\/innocentiemangonipiante.it\/de\/wp-json\/wp\/v2\/product_tag?post=14633"}],"curies":[{"name":"wp","href":"https:\/\/api.w.org\/{rel}","templated":true}]}}