{"id":14635,"date":"2023-11-03T23:19:07","date_gmt":"2023-11-03T22:19:07","guid":{"rendered":"http:\/\/innocentiemangonipiante.it\/acer-x-freemanii-autumn-blaze\/"},"modified":"2023-11-06T17:12:37","modified_gmt":"2023-11-06T16:12:37","slug":"acer-x-freemanii-autumn-blaze","status":"publish","type":"product","link":"https:\/\/innocentiemangonipiante.it\/de\/acer-x-freemanii-autumn-blaze\/","title":{"rendered":"ACER x freemanii &#8218;Autumn Blaze&#8216; \u00ae"},"content":{"rendered":"<p>Sommergr\u00fcner Baum mit gro\u00dfer Entwicklung. Aufrechter Wuchs. Die Bl\u00e4tter sind leuchtend gr\u00fcn gef\u00e4rbt und haben 3 bis 5 Lappen (die an einen Acer saccharinum erinnern), und f\u00e4rben sich im Herbst in eine eindrucksvolle gelb-orangene Farbe.<\/p>\n","protected":false},"excerpt":{"rendered":"<p>Sommergr\u00fcner Baum mit gro\u00dfer Entwicklung. Aufrechter Wuchs. Die Bl\u00e4tter sind leuchtend gr\u00fcn gef\u00e4rbt und haben 3 bis 5 Lappen (die an einen Acer saccharinum erinnern), und f\u00e4rben sich im Herbst in eine eindrucksvolle gelb-orangene Farbe.<\/p>\n","protected":false},"featured_media":486,"template":"","meta":{"_acf_changed":false},"product_brand":[],"product_cat":[8813,9231],"product_tag":[10898,8401,8597],"class_list":{"0":"post-14635","1":"product","2":"type-product","3":"status-publish","4":"has-post-thumbnail","6":"product_cat-laubbaume-und-straucher","7":"product_cat-baume-und-pflanzen-der-zukunft","8":"product_tag-naturlichen","9":"product_tag-hochstamm","10":"product_tag-multistamm","11":"pa_altezza-massima-20-meter","12":"pa_altezza-massima-25-meter","13":"pa_condizionamento-clt-de","14":"pa_condizionamento-m-de","15":"pa_famiglia-aceraceae-de","16":"pa_genere-acer-de","17":"pa_inquinamento-bestaendigkeit-gegen-smog","18":"pa_origine-u-s-a","19":"pa_portamento-piramidale-de","20":"pa_resistenza-climatica-sehr-hoch","21":"pa_resistenza-del-suolo-bestandig-gegen-trockene-boden","22":"pa_resistenza-del-suolo-bestandigkeit-auf-feuchten-boden","23":"pa_utilizzo-parks-de","25":"first","26":"instock","27":"purchasable","28":"product-type-simple"},"acf":[],"_links":{"self":[{"href":"https:\/\/innocentiemangonipiante.it\/de\/wp-json\/wp\/v2\/product\/14635","targetHints":{"allow":["GET"]}}],"collection":[{"href":"https:\/\/innocentiemangonipiante.it\/de\/wp-json\/wp\/v2\/product"}],"about":[{"href":"https:\/\/innocentiemangonipiante.it\/de\/wp-json\/wp\/v2\/types\/product"}],"wp:featuredmedia":[{"embeddable":true,"href":"https:\/\/innocentiemangonipiante.it\/de\/wp-json\/wp\/v2\/media\/486"}],"wp:attachment":[{"href":"https:\/\/innocentiemangonipiante.it\/de\/wp-json\/wp\/v2\/media?parent=14635"}],"wp:term":[{"taxonomy":"product_brand","embeddable":true,"href":"https:\/\/innocentiemangonipiante.it\/de\/wp-json\/wp\/v2\/product_brand?post=14635"},{"taxonomy":"product_cat","embeddable":true,"href":"https:\/\/innocentiemangonipiante.it\/de\/wp-json\/wp\/v2\/product_cat?post=14635"},{"taxonomy":"product_tag","embeddable":true,"href":"https:\/\/innocentiemangonipiante.it\/de\/wp-json\/wp\/v2\/product_tag?post=14635"}],"curies":[{"name":"wp","href":"https:\/\/api.w.org\/{rel}","templated":true}]}}