{"id":14637,"date":"2023-11-03T23:07:39","date_gmt":"2023-11-03T22:07:39","guid":{"rendered":"http:\/\/innocentiemangonipiante.it\/acer-campestre-globosum\/"},"modified":"2023-11-06T17:05:16","modified_gmt":"2023-11-06T16:05:16","slug":"acer-campestre-globosum","status":"publish","type":"product","link":"https:\/\/innocentiemangonipiante.it\/de\/acer-campestre-globosum\/","title":{"rendered":"ACER campestre &#8218;Globosum&#8216;"},"content":{"rendered":"<p>\u201cKugel-Feldahorn\u201d. Sommergr\u00fcner Baum, langsamwachsend, dicke kompakte kugelf\u00f6rmige Krone. Gr\u00fcnes Laub wird im Herbst gold-gelb.<\/p>\n","protected":false},"excerpt":{"rendered":"<p>\u201cKugel-Feldahorn\u201d. Sommergr\u00fcner Baum, langsamwachsend, dicke kompakte kugelf\u00f6rmige Krone. Gr\u00fcnes Laub wird im Herbst gold-gelb.<\/p>\n","protected":false},"featured_media":173,"template":"","meta":{"_acf_changed":false},"product_brand":[],"product_cat":[8813],"product_tag":[10898,8401,8705],"class_list":{"0":"post-14637","1":"product","2":"type-product","3":"status-publish","4":"has-post-thumbnail","6":"product_cat-laubbaume-und-straucher","7":"product_tag-naturlichen","8":"product_tag-hochstamm","9":"product_tag-kugel","10":"pa_altezza-massima-300-de","11":"pa_altezza-massima-400-de","12":"pa_condizionamento-clt-de","13":"pa_condizionamento-m-de","14":"pa_famiglia-aceraceae-de","15":"pa_genere-acer-de","16":"pa_inquinamento-bestaendigkeit-gegen-smog","17":"pa_origine-nordeuropa-de-2","18":"pa_portamento-arrotondato-de","19":"pa_resistenza-climatica-sehr-hoch","20":"pa_resistenza-del-suolo-bestandig-gegen-kalkhaltige-boden","21":"pa_resistenza-del-suolo-bestandig-gegen-trockene-boden","22":"pa_resistenza-del-suolo-resistent-gegen-arme-boeden","23":"pa_salinita-bestaendigkeit-in-meeresluft","24":"pa_utilizzo-alleen","25":"pa_utilizzo-kleine-gaerten","26":"pa_utilizzo-parks-de","28":"first","29":"instock","30":"purchasable","31":"product-type-simple"},"acf":[],"_links":{"self":[{"href":"https:\/\/innocentiemangonipiante.it\/de\/wp-json\/wp\/v2\/product\/14637","targetHints":{"allow":["GET"]}}],"collection":[{"href":"https:\/\/innocentiemangonipiante.it\/de\/wp-json\/wp\/v2\/product"}],"about":[{"href":"https:\/\/innocentiemangonipiante.it\/de\/wp-json\/wp\/v2\/types\/product"}],"wp:featuredmedia":[{"embeddable":true,"href":"https:\/\/innocentiemangonipiante.it\/de\/wp-json\/wp\/v2\/media\/173"}],"wp:attachment":[{"href":"https:\/\/innocentiemangonipiante.it\/de\/wp-json\/wp\/v2\/media?parent=14637"}],"wp:term":[{"taxonomy":"product_brand","embeddable":true,"href":"https:\/\/innocentiemangonipiante.it\/de\/wp-json\/wp\/v2\/product_brand?post=14637"},{"taxonomy":"product_cat","embeddable":true,"href":"https:\/\/innocentiemangonipiante.it\/de\/wp-json\/wp\/v2\/product_cat?post=14637"},{"taxonomy":"product_tag","embeddable":true,"href":"https:\/\/innocentiemangonipiante.it\/de\/wp-json\/wp\/v2\/product_tag?post=14637"}],"curies":[{"name":"wp","href":"https:\/\/api.w.org\/{rel}","templated":true}]}}