{"id":14640,"date":"2023-11-03T23:07:06","date_gmt":"2023-11-03T22:07:06","guid":{"rendered":"http:\/\/innocentiemangonipiante.it\/acer-buergerianum\/"},"modified":"2023-11-06T17:04:50","modified_gmt":"2023-11-06T16:04:50","slug":"acer-buergerianum","status":"publish","type":"product","link":"https:\/\/innocentiemangonipiante.it\/de\/acer-buergerianum\/","title":{"rendered":"ACER buergerianum"},"content":{"rendered":"<p>Sommergr\u00fcner Baum mit dreilappigen Bl\u00e4ttern, dunkelgr\u00fcne Ober &#8211; und blau-gelbe Unterseite, die im Herbst rot und orange werden.<\/p>\n","protected":false},"excerpt":{"rendered":"<p>Sommergr\u00fcner Baum mit dreilappigen Bl\u00e4ttern, dunkelgr\u00fcne Ober &#8211; und blau-gelbe Unterseite, die im Herbst rot und orange werden.<\/p>\n","protected":false},"featured_media":154,"template":"","meta":{"_acf_changed":false},"product_brand":[],"product_cat":[8813,9231],"product_tag":[10898,8401,8597],"class_list":{"0":"post-14640","1":"product","2":"type-product","3":"status-publish","4":"has-post-thumbnail","6":"product_cat-laubbaume-und-straucher","7":"product_cat-baume-und-pflanzen-der-zukunft","8":"product_tag-naturlichen","9":"product_tag-hochstamm","10":"product_tag-multistamm","11":"pa_altezza-massima-800-de","12":"pa_altezza-massima-1000-de-2","13":"pa_condizionamento-clt-de","14":"pa_condizionamento-m-de","15":"pa_famiglia-aceraceae-de","16":"pa_genere-acer-de","17":"pa_inquinamento-bestaendigkeit-gegen-smog","18":"pa_origine-china-de","19":"pa_origine-korea-de-2","20":"pa_portamento-arrotondato-de","21":"pa_resistenza-climatica-sehr-hoch","22":"pa_resistenza-del-suolo-bestandig-gegen-trockene-boden","23":"pa_utilizzo-kleine-gaerten","24":"pa_utilizzo-parks-de","26":"first","27":"instock","28":"purchasable","29":"product-type-simple"},"acf":[],"_links":{"self":[{"href":"https:\/\/innocentiemangonipiante.it\/de\/wp-json\/wp\/v2\/product\/14640","targetHints":{"allow":["GET"]}}],"collection":[{"href":"https:\/\/innocentiemangonipiante.it\/de\/wp-json\/wp\/v2\/product"}],"about":[{"href":"https:\/\/innocentiemangonipiante.it\/de\/wp-json\/wp\/v2\/types\/product"}],"wp:featuredmedia":[{"embeddable":true,"href":"https:\/\/innocentiemangonipiante.it\/de\/wp-json\/wp\/v2\/media\/154"}],"wp:attachment":[{"href":"https:\/\/innocentiemangonipiante.it\/de\/wp-json\/wp\/v2\/media?parent=14640"}],"wp:term":[{"taxonomy":"product_brand","embeddable":true,"href":"https:\/\/innocentiemangonipiante.it\/de\/wp-json\/wp\/v2\/product_brand?post=14640"},{"taxonomy":"product_cat","embeddable":true,"href":"https:\/\/innocentiemangonipiante.it\/de\/wp-json\/wp\/v2\/product_cat?post=14640"},{"taxonomy":"product_tag","embeddable":true,"href":"https:\/\/innocentiemangonipiante.it\/de\/wp-json\/wp\/v2\/product_tag?post=14640"}],"curies":[{"name":"wp","href":"https:\/\/api.w.org\/{rel}","templated":true}]}}