{"id":14642,"date":"2023-11-03T23:19:41","date_gmt":"2023-11-03T22:19:41","guid":{"rendered":"http:\/\/innocentiemangonipiante.it\/acer-x-zoeschense-annae\/"},"modified":"2023-11-06T17:13:17","modified_gmt":"2023-11-06T16:13:17","slug":"acer-x-zoeschense-annae","status":"publish","type":"product","link":"https:\/\/innocentiemangonipiante.it\/de\/acer-x-zoeschense-annae\/","title":{"rendered":"ACER x zoeschense &#8218;Annae&#8216;"},"content":{"rendered":"<p>Kleiner Sommergr\u00fcner Baum mit 5-lappigen Bl\u00e4ttern, die am Anfang hell-Gr\u00fcn sind und dann im Herbst Rot bis Purpurrot werden.<\/p>\n","protected":false},"excerpt":{"rendered":"<p>Kleiner Sommergr\u00fcner Baum mit 5-lappigen Bl\u00e4ttern, die am Anfang hell-Gr\u00fcn sind und dann im Herbst Rot bis Purpurrot werden.<\/p>\n","protected":false},"featured_media":510,"template":"","meta":{"_acf_changed":false},"product_brand":[],"product_cat":[8813],"product_tag":[10898,8401],"class_list":{"0":"post-14642","1":"product","2":"type-product","3":"status-publish","4":"has-post-thumbnail","6":"product_cat-laubbaume-und-straucher","7":"product_tag-naturlichen","8":"product_tag-hochstamm","9":"pa_altezza-massima-1000-de-2","10":"pa_altezza-massima-15-meter","11":"pa_condizionamento-m-de","12":"pa_famiglia-aceraceae-de","13":"pa_genere-acer-de","14":"pa_inquinamento-bestaendigkeit-gegen-smog","15":"pa_origine-deutschland","16":"pa_portamento-arrotondato-de","17":"pa_resistenza-climatica-sehr-hoch","18":"pa_resistenza-del-suolo-bestandig-gegen-kalkhaltige-boden","19":"pa_resistenza-del-suolo-bestandig-gegen-trockene-boden","20":"pa_utilizzo-kleine-gaerten","21":"pa_utilizzo-parks-de","23":"first","24":"instock","25":"purchasable","26":"product-type-simple"},"acf":[],"_links":{"self":[{"href":"https:\/\/innocentiemangonipiante.it\/de\/wp-json\/wp\/v2\/product\/14642","targetHints":{"allow":["GET"]}}],"collection":[{"href":"https:\/\/innocentiemangonipiante.it\/de\/wp-json\/wp\/v2\/product"}],"about":[{"href":"https:\/\/innocentiemangonipiante.it\/de\/wp-json\/wp\/v2\/types\/product"}],"wp:featuredmedia":[{"embeddable":true,"href":"https:\/\/innocentiemangonipiante.it\/de\/wp-json\/wp\/v2\/media\/510"}],"wp:attachment":[{"href":"https:\/\/innocentiemangonipiante.it\/de\/wp-json\/wp\/v2\/media?parent=14642"}],"wp:term":[{"taxonomy":"product_brand","embeddable":true,"href":"https:\/\/innocentiemangonipiante.it\/de\/wp-json\/wp\/v2\/product_brand?post=14642"},{"taxonomy":"product_cat","embeddable":true,"href":"https:\/\/innocentiemangonipiante.it\/de\/wp-json\/wp\/v2\/product_cat?post=14642"},{"taxonomy":"product_tag","embeddable":true,"href":"https:\/\/innocentiemangonipiante.it\/de\/wp-json\/wp\/v2\/product_tag?post=14642"}],"curies":[{"name":"wp","href":"https:\/\/api.w.org\/{rel}","templated":true}]}}