{"id":14643,"date":"2023-11-03T23:18:50","date_gmt":"2023-11-03T22:18:50","guid":{"rendered":"http:\/\/innocentiemangonipiante.it\/acer-truncatum-pacific-sunset\/"},"modified":"2023-11-06T17:12:29","modified_gmt":"2023-11-06T16:12:29","slug":"acer-truncatum-pacific-sunset","status":"publish","type":"product","link":"https:\/\/innocentiemangonipiante.it\/de\/acer-truncatum-pacific-sunset\/","title":{"rendered":"ACER truncatum &#8218;Pacific Sunset&#8216; \u00ae"},"content":{"rendered":"<p>Der aufrechte und runde Wuchs, die feinen Zweige, das leuchtendes dunkelgr\u00fcnes Laub und eine sch\u00f6ne gelb-orangen-rote Herbstf\u00e4rbung machen diese eine sehr vielseitige Pflanze.<\/p>\n","protected":false},"excerpt":{"rendered":"<p>Der aufrechte und runde Wuchs, die feinen Zweige, das leuchtendes dunkelgr\u00fcnes Laub und eine sch\u00f6ne gelb-orangen-rote Herbstf\u00e4rbung machen diese eine sehr vielseitige Pflanze.<\/p>\n","protected":false},"featured_media":474,"template":"","meta":{"_acf_changed":false},"product_brand":[],"product_cat":[8813],"product_tag":[10898,8401],"class_list":{"0":"post-14643","1":"product","2":"type-product","3":"status-publish","4":"has-post-thumbnail","6":"product_cat-laubbaume-und-straucher","7":"product_tag-naturlichen","8":"product_tag-hochstamm","9":"pa_altezza-massima-1000-de-2","10":"pa_altezza-massima-15-meter","11":"pa_condizionamento-clt-de","12":"pa_condizionamento-m-de","13":"pa_famiglia-aceraceae-de","14":"pa_genere-acer-de","15":"pa_origine-u-s-a","16":"pa_portamento-arrotondato-de","17":"pa_resistenza-climatica-sehr-hoch","18":"pa_utilizzo-alleen","19":"pa_utilizzo-parks-de","21":"first","22":"instock","23":"purchasable","24":"product-type-simple"},"acf":[],"_links":{"self":[{"href":"https:\/\/innocentiemangonipiante.it\/de\/wp-json\/wp\/v2\/product\/14643","targetHints":{"allow":["GET"]}}],"collection":[{"href":"https:\/\/innocentiemangonipiante.it\/de\/wp-json\/wp\/v2\/product"}],"about":[{"href":"https:\/\/innocentiemangonipiante.it\/de\/wp-json\/wp\/v2\/types\/product"}],"wp:featuredmedia":[{"embeddable":true,"href":"https:\/\/innocentiemangonipiante.it\/de\/wp-json\/wp\/v2\/media\/474"}],"wp:attachment":[{"href":"https:\/\/innocentiemangonipiante.it\/de\/wp-json\/wp\/v2\/media?parent=14643"}],"wp:term":[{"taxonomy":"product_brand","embeddable":true,"href":"https:\/\/innocentiemangonipiante.it\/de\/wp-json\/wp\/v2\/product_brand?post=14643"},{"taxonomy":"product_cat","embeddable":true,"href":"https:\/\/innocentiemangonipiante.it\/de\/wp-json\/wp\/v2\/product_cat?post=14643"},{"taxonomy":"product_tag","embeddable":true,"href":"https:\/\/innocentiemangonipiante.it\/de\/wp-json\/wp\/v2\/product_tag?post=14643"}],"curies":[{"name":"wp","href":"https:\/\/api.w.org\/{rel}","templated":true}]}}