{"id":14645,"date":"2023-11-03T23:18:13","date_gmt":"2023-11-03T22:18:13","guid":{"rendered":"http:\/\/innocentiemangonipiante.it\/acer-saccharinum\/"},"modified":"2023-11-06T17:12:13","modified_gmt":"2023-11-06T16:12:13","slug":"acer-saccharinum","status":"publish","type":"product","link":"https:\/\/innocentiemangonipiante.it\/de\/acer-saccharinum\/","title":{"rendered":"ACER saccharinum"},"content":{"rendered":"<p>\u201cGeschlitzer Silber-Ahorn\u201d.Sommergr\u00fcner Baum von gro\u00dfer Wuchs, schnell wachsend, sehr ausladend und oft mit nach unten h\u00e4ngenden Zweigen, Die Bl\u00e4tter sind sehr gezackt,f\u00fcnflappig, 10 bis 15 cm lang, oben hellgr\u00fcn und silbrigwei\u00df unten. Von leuchtend gelb bis orange im Herbst. Die Pflanze ist sehr rustikal und toleriert alle trockenen B\u00f6den. Braucht genugenden Wachstumsraum und mag nicht das Schneiden.<\/p>\n","protected":false},"excerpt":{"rendered":"<p>\u201cGeschlitzer Silber-Ahorn\u201d.Sommergr\u00fcner Baum von gro\u00dfer Wuchs, schnell wachsend, sehr ausladend und oft mit nach unten h\u00e4ngenden Zweigen, Die Bl\u00e4tter sind sehr gezackt,f\u00fcnflappig, 10 bis 15 cm lang, oben hellgr\u00fcn und silbrigwei\u00df unten. Von leuchtend gelb bis orange im Herbst. Die Pflanze ist sehr rustikal und toleriert alle trockenen B\u00f6den. Braucht genugenden Wachstumsraum und mag nicht [&hellip;]<\/p>\n","protected":false},"featured_media":449,"template":"","meta":{"_acf_changed":false},"product_brand":[],"product_cat":[8813],"product_tag":[10898],"class_list":{"0":"post-14645","1":"product","2":"type-product","3":"status-publish","4":"has-post-thumbnail","6":"product_cat-laubbaume-und-straucher","7":"product_tag-naturlichen","8":"pa_altezza-massima-20-meter","9":"pa_altezza-massima-30-meter","10":"pa_famiglia-aceraceae-de","11":"pa_genere-acer-de","12":"pa_inquinamento-bestaendigkeit-gegen-smog","13":"pa_origine-u-s-a","14":"pa_portamento-arrotondato-de","15":"pa_resistenza-climatica-sehr-hoch","16":"pa_resistenza-del-suolo-bestandig-gegen-trockene-boden","17":"pa_resistenza-del-suolo-bestandigkeit-auf-feuchten-boden","18":"pa_resistenza-del-suolo-resistent-gegen-arme-boeden","19":"pa_salinita-bestaendigkeit-in-meeresluft","20":"pa_utilizzo-parks-de","22":"first","23":"instock","24":"purchasable","25":"product-type-simple"},"acf":[],"_links":{"self":[{"href":"https:\/\/innocentiemangonipiante.it\/de\/wp-json\/wp\/v2\/product\/14645","targetHints":{"allow":["GET"]}}],"collection":[{"href":"https:\/\/innocentiemangonipiante.it\/de\/wp-json\/wp\/v2\/product"}],"about":[{"href":"https:\/\/innocentiemangonipiante.it\/de\/wp-json\/wp\/v2\/types\/product"}],"wp:featuredmedia":[{"embeddable":true,"href":"https:\/\/innocentiemangonipiante.it\/de\/wp-json\/wp\/v2\/media\/449"}],"wp:attachment":[{"href":"https:\/\/innocentiemangonipiante.it\/de\/wp-json\/wp\/v2\/media?parent=14645"}],"wp:term":[{"taxonomy":"product_brand","embeddable":true,"href":"https:\/\/innocentiemangonipiante.it\/de\/wp-json\/wp\/v2\/product_brand?post=14645"},{"taxonomy":"product_cat","embeddable":true,"href":"https:\/\/innocentiemangonipiante.it\/de\/wp-json\/wp\/v2\/product_cat?post=14645"},{"taxonomy":"product_tag","embeddable":true,"href":"https:\/\/innocentiemangonipiante.it\/de\/wp-json\/wp\/v2\/product_tag?post=14645"}],"curies":[{"name":"wp","href":"https:\/\/api.w.org\/{rel}","templated":true}]}}