{"id":14647,"date":"2023-11-03T23:17:48","date_gmt":"2023-11-03T22:17:48","guid":{"rendered":"http:\/\/innocentiemangonipiante.it\/acer-rubrum-red-sunset\/"},"modified":"2023-11-06T17:12:00","modified_gmt":"2023-11-06T16:12:00","slug":"acer-rubrum-red-sunset","status":"publish","type":"product","link":"https:\/\/innocentiemangonipiante.it\/de\/acer-rubrum-red-sunset\/","title":{"rendered":"ACER rubrum &#8218;Red Sunset&#8216; \u00ae"},"content":{"rendered":"<p>Gl\u00e4nzend dunkelgr\u00fcne Bl\u00e4tter, die von orange, leuchtend rot im Herbst \u00e4ndern. Schnelles Wachstum. Die junge Pflanze hat einen aufrechten Wuchs, dann wird oval und mit aufsteigenden Zweigen. Best\u00e4ndig gegen niedrige Temperaturen.<\/p>\n","protected":false},"excerpt":{"rendered":"<p>Gl\u00e4nzend dunkelgr\u00fcne Bl\u00e4tter, die von orange, leuchtend rot im Herbst \u00e4ndern. Schnelles Wachstum. Die junge Pflanze hat einen aufrechten Wuchs, dann wird oval und mit aufsteigenden Zweigen. Best\u00e4ndig gegen niedrige Temperaturen.<\/p>\n","protected":false},"featured_media":431,"template":"","meta":{"_acf_changed":false},"product_brand":[],"product_cat":[8813],"product_tag":[10898,8401,8597],"class_list":{"0":"post-14647","1":"product","2":"type-product","3":"status-publish","4":"has-post-thumbnail","6":"product_cat-laubbaume-und-straucher","7":"product_tag-naturlichen","8":"product_tag-hochstamm","9":"product_tag-multistamm","10":"pa_altezza-massima-1000-de-2","11":"pa_altezza-massima-15-meter","12":"pa_condizionamento-clt-de","13":"pa_condizionamento-m-de","14":"pa_famiglia-aceraceae-de","15":"pa_genere-acer-de","16":"pa_inquinamento-bestaendigkeit-gegen-smog","17":"pa_origine-u-s-a","18":"pa_portamento-arrotondato-de","19":"pa_resistenza-climatica-sehr-hoch","20":"pa_resistenza-del-suolo-bestandig-gegen-kalkhaltige-boden","21":"pa_resistenza-del-suolo-bestandigkeit-auf-feuchten-boden","22":"pa_utilizzo-kleine-gaerten","23":"pa_utilizzo-parks-de","25":"first","26":"instock","27":"purchasable","28":"product-type-simple"},"acf":[],"_links":{"self":[{"href":"https:\/\/innocentiemangonipiante.it\/de\/wp-json\/wp\/v2\/product\/14647","targetHints":{"allow":["GET"]}}],"collection":[{"href":"https:\/\/innocentiemangonipiante.it\/de\/wp-json\/wp\/v2\/product"}],"about":[{"href":"https:\/\/innocentiemangonipiante.it\/de\/wp-json\/wp\/v2\/types\/product"}],"wp:featuredmedia":[{"embeddable":true,"href":"https:\/\/innocentiemangonipiante.it\/de\/wp-json\/wp\/v2\/media\/431"}],"wp:attachment":[{"href":"https:\/\/innocentiemangonipiante.it\/de\/wp-json\/wp\/v2\/media?parent=14647"}],"wp:term":[{"taxonomy":"product_brand","embeddable":true,"href":"https:\/\/innocentiemangonipiante.it\/de\/wp-json\/wp\/v2\/product_brand?post=14647"},{"taxonomy":"product_cat","embeddable":true,"href":"https:\/\/innocentiemangonipiante.it\/de\/wp-json\/wp\/v2\/product_cat?post=14647"},{"taxonomy":"product_tag","embeddable":true,"href":"https:\/\/innocentiemangonipiante.it\/de\/wp-json\/wp\/v2\/product_tag?post=14647"}],"curies":[{"name":"wp","href":"https:\/\/api.w.org\/{rel}","templated":true}]}}