{"id":14648,"date":"2023-11-03T23:17:42","date_gmt":"2023-11-03T22:17:42","guid":{"rendered":"http:\/\/innocentiemangonipiante.it\/acer-rubrum-october-glory\/"},"modified":"2023-11-06T17:11:57","modified_gmt":"2023-11-06T16:11:57","slug":"acer-rubrum-october-glory","status":"publish","type":"product","link":"https:\/\/innocentiemangonipiante.it\/de\/acer-rubrum-october-glory\/","title":{"rendered":"ACER rubrum &#8218;October Glory&#8216; \u00ae"},"content":{"rendered":"<p>Sommergr\u00fcner Baum mittlerer Gro\u00dfe. S\u00e4ulenf\u00f6miger Wuchs, der im Laufe der Jahre unregelm\u00e4\u00dfig ausladend wird. Die drei- bis f\u00fcnflappigen Bl\u00e4tter sind 6 bis 10 Cm lang und leuchtend gr\u00fcn. Die Herbstf\u00e4rbung von orange bis leuchtend rot. Lehmhaltige schwere B\u00f6den sind ungeeignet.<\/p>\n","protected":false},"excerpt":{"rendered":"<p>Sommergr\u00fcner Baum mittlerer Gro\u00dfe. S\u00e4ulenf\u00f6miger Wuchs, der im Laufe der Jahre unregelm\u00e4\u00dfig ausladend wird. Die drei- bis f\u00fcnflappigen Bl\u00e4tter sind 6 bis 10 Cm lang und leuchtend gr\u00fcn. Die Herbstf\u00e4rbung von orange bis leuchtend rot. Lehmhaltige schwere B\u00f6den sind ungeeignet.<\/p>\n","protected":false},"featured_media":425,"template":"","meta":{"_acf_changed":false},"product_brand":[],"product_cat":[8813],"product_tag":[10898,8401,8597],"class_list":{"0":"post-14648","1":"product","2":"type-product","3":"status-publish","4":"has-post-thumbnail","6":"product_cat-laubbaume-und-straucher","7":"product_tag-naturlichen","8":"product_tag-hochstamm","9":"product_tag-multistamm","10":"pa_altezza-massima-1000-de-2","11":"pa_altezza-massima-15-meter","12":"pa_condizionamento-clt-de","13":"pa_condizionamento-jungplanzen","14":"pa_condizionamento-m-de","15":"pa_famiglia-aceraceae-de","16":"pa_genere-acer-de","17":"pa_inquinamento-bestaendigkeit-gegen-smog","18":"pa_origine-u-s-a","19":"pa_portamento-arrotondato-de","20":"pa_resistenza-climatica-sehr-hoch","21":"pa_resistenza-del-suolo-bestandig-gegen-trockene-boden","22":"pa_salinita-bestaendigkeit-in-meeresluft","23":"pa_utilizzo-kleine-gaerten","24":"pa_utilizzo-parks-de","26":"first","27":"instock","28":"purchasable","29":"product-type-simple"},"acf":[],"_links":{"self":[{"href":"https:\/\/innocentiemangonipiante.it\/de\/wp-json\/wp\/v2\/product\/14648","targetHints":{"allow":["GET"]}}],"collection":[{"href":"https:\/\/innocentiemangonipiante.it\/de\/wp-json\/wp\/v2\/product"}],"about":[{"href":"https:\/\/innocentiemangonipiante.it\/de\/wp-json\/wp\/v2\/types\/product"}],"wp:featuredmedia":[{"embeddable":true,"href":"https:\/\/innocentiemangonipiante.it\/de\/wp-json\/wp\/v2\/media\/425"}],"wp:attachment":[{"href":"https:\/\/innocentiemangonipiante.it\/de\/wp-json\/wp\/v2\/media?parent=14648"}],"wp:term":[{"taxonomy":"product_brand","embeddable":true,"href":"https:\/\/innocentiemangonipiante.it\/de\/wp-json\/wp\/v2\/product_brand?post=14648"},{"taxonomy":"product_cat","embeddable":true,"href":"https:\/\/innocentiemangonipiante.it\/de\/wp-json\/wp\/v2\/product_cat?post=14648"},{"taxonomy":"product_tag","embeddable":true,"href":"https:\/\/innocentiemangonipiante.it\/de\/wp-json\/wp\/v2\/product_tag?post=14648"}],"curies":[{"name":"wp","href":"https:\/\/api.w.org\/{rel}","templated":true}]}}