{"id":14651,"date":"2023-11-03T23:17:23","date_gmt":"2023-11-03T22:17:23","guid":{"rendered":"http:\/\/innocentiemangonipiante.it\/acer-rubrum-burgundy-belle\/"},"modified":"2023-11-06T17:11:47","modified_gmt":"2023-11-06T16:11:47","slug":"acer-rubrum-burgundy-belle","status":"publish","type":"product","link":"https:\/\/innocentiemangonipiante.it\/de\/acer-rubrum-burgundy-belle\/","title":{"rendered":"ACER rubrum &#8218;Burgundy Belle&#8216; \u00ae"},"content":{"rendered":"<p>Mittelgro\u00dfer Baum, sehr rustikal sowohl f\u00fcr Trockenresistenz als auch f\u00fcr niedrige Temperaturen (-30\u00b0 ohne Schaden), kompakten Wuchs, ovale Krone. Dunkelgr\u00fcne Bl\u00e4tter, die leuchtend rot im Herbst werden.<\/p>\n","protected":false},"excerpt":{"rendered":"<p>Mittelgro\u00dfer Baum, sehr rustikal sowohl f\u00fcr Trockenresistenz als auch f\u00fcr niedrige Temperaturen (-30\u00b0 ohne Schaden), kompakten Wuchs, ovale Krone. Dunkelgr\u00fcne Bl\u00e4tter, die leuchtend rot im Herbst werden.<\/p>\n","protected":false},"featured_media":412,"template":"","meta":{"_acf_changed":false},"product_brand":[],"product_cat":[8813],"product_tag":[10898,8401,8597],"class_list":{"0":"post-14651","1":"product","2":"type-product","3":"status-publish","4":"has-post-thumbnail","6":"product_cat-laubbaume-und-straucher","7":"product_tag-naturlichen","8":"product_tag-hochstamm","9":"product_tag-multistamm","10":"pa_altezza-massima-1000-de-2","11":"pa_altezza-massima-15-meter","12":"pa_condizionamento-clt-de","13":"pa_condizionamento-m-de","14":"pa_famiglia-aceraceae-de","15":"pa_genere-acer-de","16":"pa_inquinamento-bestaendigkeit-gegen-smog","17":"pa_origine-u-s-a","18":"pa_portamento-arrotondato-de","19":"pa_resistenza-climatica-sehr-hoch","20":"pa_resistenza-del-suolo-bestandig-gegen-kalkhaltige-boden","21":"pa_resistenza-del-suolo-bestandigkeit-auf-feuchten-boden","22":"pa_utilizzo-parks-de","24":"first","25":"instock","26":"purchasable","27":"product-type-simple"},"acf":[],"_links":{"self":[{"href":"https:\/\/innocentiemangonipiante.it\/de\/wp-json\/wp\/v2\/product\/14651","targetHints":{"allow":["GET"]}}],"collection":[{"href":"https:\/\/innocentiemangonipiante.it\/de\/wp-json\/wp\/v2\/product"}],"about":[{"href":"https:\/\/innocentiemangonipiante.it\/de\/wp-json\/wp\/v2\/types\/product"}],"wp:featuredmedia":[{"embeddable":true,"href":"https:\/\/innocentiemangonipiante.it\/de\/wp-json\/wp\/v2\/media\/412"}],"wp:attachment":[{"href":"https:\/\/innocentiemangonipiante.it\/de\/wp-json\/wp\/v2\/media?parent=14651"}],"wp:term":[{"taxonomy":"product_brand","embeddable":true,"href":"https:\/\/innocentiemangonipiante.it\/de\/wp-json\/wp\/v2\/product_brand?post=14651"},{"taxonomy":"product_cat","embeddable":true,"href":"https:\/\/innocentiemangonipiante.it\/de\/wp-json\/wp\/v2\/product_cat?post=14651"},{"taxonomy":"product_tag","embeddable":true,"href":"https:\/\/innocentiemangonipiante.it\/de\/wp-json\/wp\/v2\/product_tag?post=14651"}],"curies":[{"name":"wp","href":"https:\/\/api.w.org\/{rel}","templated":true}]}}