{"id":14655,"date":"2023-11-03T23:16:49","date_gmt":"2023-11-03T22:16:49","guid":{"rendered":"http:\/\/innocentiemangonipiante.it\/acer-pseudoplatanus\/"},"modified":"2023-11-06T17:11:31","modified_gmt":"2023-11-06T16:11:31","slug":"acer-pseudoplatanus","status":"publish","type":"product","link":"https:\/\/innocentiemangonipiante.it\/de\/acer-pseudoplatanus\/","title":{"rendered":"ACER pseudoplatanus"},"content":{"rendered":"<p>\u201cBerg-Ahorn\u201d Sommergr\u00fcner Baum gro\u00dfer Entwicklung und ausladendem Wuchs. Die Bl\u00e4tter sind eif\u00f6mig mit 5 dunkelgr\u00fcnen Lapen. Die Bl\u00fcte ist gr\u00fcn-gelb.<\/p>\n","protected":false},"excerpt":{"rendered":"<p>\u201cBerg-Ahorn\u201d Sommergr\u00fcner Baum gro\u00dfer Entwicklung und ausladendem Wuchs. Die Bl\u00e4tter sind eif\u00f6mig mit 5 dunkelgr\u00fcnen Lapen. Die Bl\u00fcte ist gr\u00fcn-gelb.<\/p>\n","protected":false},"featured_media":382,"template":"","meta":{"_acf_changed":false},"product_brand":[],"product_cat":[8813,9231],"product_tag":[10898,8401],"class_list":{"0":"post-14655","1":"product","2":"type-product","3":"status-publish","4":"has-post-thumbnail","6":"product_cat-laubbaume-und-straucher","7":"product_cat-baume-und-pflanzen-der-zukunft","8":"product_tag-naturlichen","9":"product_tag-hochstamm","10":"pa_altezza-massima-20-meter","11":"pa_altezza-massima-30-meter","12":"pa_colore-fioritura-gelbe","13":"pa_condizionamento-clt-de","14":"pa_condizionamento-m-de","15":"pa_famiglia-aceraceae-de","16":"pa_genere-acer-de","17":"pa_inquinamento-bestaendigkeit-gegen-smog","18":"pa_origine-mitteleuropa","19":"pa_periodo-fioritura-april-de","20":"pa_periodo-fioritura-mai-de","21":"pa_portamento-arrotondato-de","22":"pa_resistenza-climatica-sehr-hoch","23":"pa_resistenza-del-suolo-bestandig-gegen-kalkhaltige-boden","24":"pa_resistenza-del-suolo-bestandig-gegen-trockene-boden","25":"pa_resistenza-del-suolo-bestandigkeit-auf-feuchten-boden","26":"pa_salinita-bestaendigkeit-in-meeresluft","27":"pa_utilizzo-parks-de","29":"first","30":"instock","31":"purchasable","32":"product-type-simple"},"acf":[],"_links":{"self":[{"href":"https:\/\/innocentiemangonipiante.it\/de\/wp-json\/wp\/v2\/product\/14655","targetHints":{"allow":["GET"]}}],"collection":[{"href":"https:\/\/innocentiemangonipiante.it\/de\/wp-json\/wp\/v2\/product"}],"about":[{"href":"https:\/\/innocentiemangonipiante.it\/de\/wp-json\/wp\/v2\/types\/product"}],"wp:featuredmedia":[{"embeddable":true,"href":"https:\/\/innocentiemangonipiante.it\/de\/wp-json\/wp\/v2\/media\/382"}],"wp:attachment":[{"href":"https:\/\/innocentiemangonipiante.it\/de\/wp-json\/wp\/v2\/media?parent=14655"}],"wp:term":[{"taxonomy":"product_brand","embeddable":true,"href":"https:\/\/innocentiemangonipiante.it\/de\/wp-json\/wp\/v2\/product_brand?post=14655"},{"taxonomy":"product_cat","embeddable":true,"href":"https:\/\/innocentiemangonipiante.it\/de\/wp-json\/wp\/v2\/product_cat?post=14655"},{"taxonomy":"product_tag","embeddable":true,"href":"https:\/\/innocentiemangonipiante.it\/de\/wp-json\/wp\/v2\/product_tag?post=14655"}],"curies":[{"name":"wp","href":"https:\/\/api.w.org\/{rel}","templated":true}]}}