{"id":14657,"date":"2023-11-03T23:21:11","date_gmt":"2023-11-03T22:21:11","guid":{"rendered":"http:\/\/innocentiemangonipiante.it\/actinidia-kolomikta\/"},"modified":"2023-11-06T17:14:30","modified_gmt":"2023-11-06T16:14:30","slug":"actinidia-kolomikta","status":"publish","type":"product","link":"https:\/\/innocentiemangonipiante.it\/de\/actinidia-kolomikta\/","title":{"rendered":"ACTINIDIA kolomikta"},"content":{"rendered":"<p>Die Bl\u00e4tter sind dunkelgr\u00fcn und werden wei\u00df und rosa am Anfang des Sommers. Duftende und cremewei\u00dfe Bl\u00fcten. Kleine, e\u00dfbare Fr\u00fcchte bevorzugt nahrhafte B\u00f6den.<\/p>\n","protected":false},"excerpt":{"rendered":"<p>Die Bl\u00e4tter sind dunkelgr\u00fcn und werden wei\u00df und rosa am Anfang des Sommers. Duftende und cremewei\u00dfe Bl\u00fcten. Kleine, e\u00dfbare Fr\u00fcchte bevorzugt nahrhafte B\u00f6den.<\/p>\n","protected":false},"featured_media":516,"template":"","meta":{"_acf_changed":false},"product_brand":[],"product_cat":[8809],"product_tag":[10898],"class_list":{"0":"post-14657","1":"product","2":"type-product","3":"status-publish","4":"has-post-thumbnail","6":"product_cat-obst-baeume","7":"product_tag-naturlichen","8":"pa_altezza-massima-400-de","9":"pa_altezza-massima-600-de","10":"pa_colore-delle-foglie-vielfaeltigen","11":"pa_colore-fioritura-weis","12":"pa_condizionamento-clt-de","13":"pa_famiglia-actinidiaceae-de","14":"pa_genere-actinidia-de","15":"pa_origine-ostasien","16":"pa_periodo-fioritura-juni","17":"pa_periodo-fioritura-mai-de","18":"pa_periodo-fruttificazione-oktober","19":"pa_periodo-fruttificazione-september-de","20":"pa_portamento-schlingpflanze","21":"pa_profumo-intensiv","22":"pa_resistenza-climatica-mittel-hoch","23":"pa_resistenza-del-suolo-bestandig-gegen-kalkhaltige-boden","24":"pa_utilizzo-kleine-gaerten","26":"first","27":"instock","28":"purchasable","29":"product-type-simple"},"acf":[],"_links":{"self":[{"href":"https:\/\/innocentiemangonipiante.it\/de\/wp-json\/wp\/v2\/product\/14657","targetHints":{"allow":["GET"]}}],"collection":[{"href":"https:\/\/innocentiemangonipiante.it\/de\/wp-json\/wp\/v2\/product"}],"about":[{"href":"https:\/\/innocentiemangonipiante.it\/de\/wp-json\/wp\/v2\/types\/product"}],"wp:featuredmedia":[{"embeddable":true,"href":"https:\/\/innocentiemangonipiante.it\/de\/wp-json\/wp\/v2\/media\/516"}],"wp:attachment":[{"href":"https:\/\/innocentiemangonipiante.it\/de\/wp-json\/wp\/v2\/media?parent=14657"}],"wp:term":[{"taxonomy":"product_brand","embeddable":true,"href":"https:\/\/innocentiemangonipiante.it\/de\/wp-json\/wp\/v2\/product_brand?post=14657"},{"taxonomy":"product_cat","embeddable":true,"href":"https:\/\/innocentiemangonipiante.it\/de\/wp-json\/wp\/v2\/product_cat?post=14657"},{"taxonomy":"product_tag","embeddable":true,"href":"https:\/\/innocentiemangonipiante.it\/de\/wp-json\/wp\/v2\/product_tag?post=14657"}],"curies":[{"name":"wp","href":"https:\/\/api.w.org\/{rel}","templated":true}]}}