{"id":14658,"date":"2023-11-03T23:21:29","date_gmt":"2023-11-03T22:21:29","guid":{"rendered":"http:\/\/innocentiemangonipiante.it\/aesculus-hippocastanum-pyramidalis\/"},"modified":"2023-11-06T17:14:39","modified_gmt":"2023-11-06T16:14:39","slug":"aesculus-hippocastanum-pyramidalis","status":"publish","type":"product","link":"https:\/\/innocentiemangonipiante.it\/de\/aesculus-hippocastanum-pyramidalis\/","title":{"rendered":"AESCULUS hippocastanum &#8218;Pyramidalis&#8216;"},"content":{"rendered":"<p>Kleiner Sommergr\u00fcner Baum mit s\u00e4ulenf\u00f6rmigem Wuchs. Dunkelgr\u00fcne Bl\u00e4tter, Herbstf\u00e4rbung leuchtend gelb. Wei\u00df, gelbrot gefleckte Bl\u00fcten in aufgerichteten Rispen.<\/p>\n","protected":false},"excerpt":{"rendered":"<p>Kleiner Sommergr\u00fcner Baum mit s\u00e4ulenf\u00f6rmigem Wuchs. Dunkelgr\u00fcne Bl\u00e4tter, Herbstf\u00e4rbung leuchtend gelb. Wei\u00df, gelbrot gefleckte Bl\u00fcten in aufgerichteten Rispen.<\/p>\n","protected":false},"featured_media":529,"template":"","meta":{"_acf_changed":false},"product_brand":[],"product_cat":[8813],"product_tag":[10898],"class_list":{"0":"post-14658","1":"product","2":"type-product","3":"status-publish","4":"has-post-thumbnail","6":"product_cat-laubbaume-und-straucher","7":"product_tag-naturlichen","8":"pa_altezza-massima-800-de","9":"pa_altezza-massima-1000-de-2","10":"pa_colore-fioritura-weis","11":"pa_famiglia-hippocastanaceae-de","12":"pa_genere-aesculus-de","13":"pa_inquinamento-bestaendigkeit-gegen-smog","14":"pa_origine-mitteleuropa","15":"pa_periodo-fioritura-april-de","16":"pa_periodo-fioritura-mai-de","17":"pa_portamento-saulenformig","18":"pa_profumo-intensiv","19":"pa_resistenza-climatica-sehr-hoch","20":"pa_resistenza-del-suolo-bestandig-gegen-kalkhaltige-boden","21":"pa_resistenza-del-suolo-bestandigkeit-auf-feuchten-boden","22":"pa_salinita-bestaendigkeit-in-meeresluft","23":"pa_utilizzo-parks-de","25":"first","26":"instock","27":"purchasable","28":"product-type-simple"},"acf":[],"_links":{"self":[{"href":"https:\/\/innocentiemangonipiante.it\/de\/wp-json\/wp\/v2\/product\/14658","targetHints":{"allow":["GET"]}}],"collection":[{"href":"https:\/\/innocentiemangonipiante.it\/de\/wp-json\/wp\/v2\/product"}],"about":[{"href":"https:\/\/innocentiemangonipiante.it\/de\/wp-json\/wp\/v2\/types\/product"}],"wp:featuredmedia":[{"embeddable":true,"href":"https:\/\/innocentiemangonipiante.it\/de\/wp-json\/wp\/v2\/media\/529"}],"wp:attachment":[{"href":"https:\/\/innocentiemangonipiante.it\/de\/wp-json\/wp\/v2\/media?parent=14658"}],"wp:term":[{"taxonomy":"product_brand","embeddable":true,"href":"https:\/\/innocentiemangonipiante.it\/de\/wp-json\/wp\/v2\/product_brand?post=14658"},{"taxonomy":"product_cat","embeddable":true,"href":"https:\/\/innocentiemangonipiante.it\/de\/wp-json\/wp\/v2\/product_cat?post=14658"},{"taxonomy":"product_tag","embeddable":true,"href":"https:\/\/innocentiemangonipiante.it\/de\/wp-json\/wp\/v2\/product_tag?post=14658"}],"curies":[{"name":"wp","href":"https:\/\/api.w.org\/{rel}","templated":true}]}}