{"id":14659,"date":"2023-11-03T23:21:24","date_gmt":"2023-11-03T22:21:24","guid":{"rendered":"http:\/\/innocentiemangonipiante.it\/aesculus-hippocastanum-baumannii\/"},"modified":"2023-11-06T17:14:36","modified_gmt":"2023-11-06T16:14:36","slug":"aesculus-hippocastanum-baumannii","status":"publish","type":"product","link":"https:\/\/innocentiemangonipiante.it\/de\/aesculus-hippocastanum-baumannii\/","title":{"rendered":"AESCULUS hippocastanum &#8218;Baumannii&#8216;"},"content":{"rendered":"<p>Sommergr\u00fcner Baum mit gro\u00dfer Entwicklung und ausladendem und regelm\u00e4\u00dfigem Wuchs. Die Bl\u00e4tter, 10 bis 20 cm lang, f\u00fcnf-bis siebenlappig, sind dunkelgr\u00fcn und haben eine gelbe Herbstf\u00e4rbung. Die Bl\u00fcte ist reinwei\u00df, doppelt und unfruchtbar. Braucht einen sonnigen Standort, frische und feuchte B\u00f6den und ist kalkvertr\u00e4glich.<\/p>\n","protected":false},"excerpt":{"rendered":"<p>Sommergr\u00fcner Baum mit gro\u00dfer Entwicklung und ausladendem und regelm\u00e4\u00dfigem Wuchs. Die Bl\u00e4tter, 10 bis 20 cm lang, f\u00fcnf-bis siebenlappig, sind dunkelgr\u00fcn und haben eine gelbe Herbstf\u00e4rbung. Die Bl\u00fcte ist reinwei\u00df, doppelt und unfruchtbar. Braucht einen sonnigen Standort, frische und feuchte B\u00f6den und ist kalkvertr\u00e4glich.<\/p>\n","protected":false},"featured_media":523,"template":"","meta":{"_acf_changed":false},"product_brand":[],"product_cat":[8813],"product_tag":[10898,8401],"class_list":{"0":"post-14659","1":"product","2":"type-product","3":"status-publish","4":"has-post-thumbnail","6":"product_cat-laubbaume-und-straucher","7":"product_tag-naturlichen","8":"product_tag-hochstamm","9":"pa_altezza-massima-15-meter","10":"pa_altezza-massima-25-meter","11":"pa_colore-fioritura-weis","12":"pa_condizionamento-clt-de","13":"pa_condizionamento-m-de","14":"pa_famiglia-hippocastanaceae-de","15":"pa_genere-aesculus-de","16":"pa_inquinamento-bestaendigkeit-gegen-smog","17":"pa_origine-europe-de","18":"pa_periodo-fioritura-april-de","19":"pa_periodo-fioritura-mai-de","20":"pa_portamento-arrotondato-de","21":"pa_profumo-intensiv","22":"pa_resistenza-climatica-sehr-hoch","23":"pa_resistenza-del-suolo-bestandig-gegen-kalkhaltige-boden","24":"pa_resistenza-del-suolo-bestandigkeit-auf-feuchten-boden","25":"pa_salinita-bestaendigkeit-in-meeresluft","26":"pa_utilizzo-alleen","27":"pa_utilizzo-parks-de","29":"first","30":"instock","31":"purchasable","32":"product-type-simple"},"acf":[],"_links":{"self":[{"href":"https:\/\/innocentiemangonipiante.it\/de\/wp-json\/wp\/v2\/product\/14659","targetHints":{"allow":["GET"]}}],"collection":[{"href":"https:\/\/innocentiemangonipiante.it\/de\/wp-json\/wp\/v2\/product"}],"about":[{"href":"https:\/\/innocentiemangonipiante.it\/de\/wp-json\/wp\/v2\/types\/product"}],"wp:featuredmedia":[{"embeddable":true,"href":"https:\/\/innocentiemangonipiante.it\/de\/wp-json\/wp\/v2\/media\/523"}],"wp:attachment":[{"href":"https:\/\/innocentiemangonipiante.it\/de\/wp-json\/wp\/v2\/media?parent=14659"}],"wp:term":[{"taxonomy":"product_brand","embeddable":true,"href":"https:\/\/innocentiemangonipiante.it\/de\/wp-json\/wp\/v2\/product_brand?post=14659"},{"taxonomy":"product_cat","embeddable":true,"href":"https:\/\/innocentiemangonipiante.it\/de\/wp-json\/wp\/v2\/product_cat?post=14659"},{"taxonomy":"product_tag","embeddable":true,"href":"https:\/\/innocentiemangonipiante.it\/de\/wp-json\/wp\/v2\/product_tag?post=14659"}],"curies":[{"name":"wp","href":"https:\/\/api.w.org\/{rel}","templated":true}]}}