{"id":14660,"date":"2023-11-03T23:21:48","date_gmt":"2023-11-03T22:21:48","guid":{"rendered":"http:\/\/innocentiemangonipiante.it\/aesculus-x-carnea-briotii\/"},"modified":"2023-11-06T17:14:58","modified_gmt":"2023-11-06T16:14:58","slug":"aesculus-x-carnea-briotii","status":"publish","type":"product","link":"https:\/\/innocentiemangonipiante.it\/de\/aesculus-x-carnea-briotii\/","title":{"rendered":"AESCULUS x carnea &#8218;Briotii&#8216;"},"content":{"rendered":"<p>Sommergr\u00fcner Baum von mittelgro\u00dfem Wuchs, dicht und leicht pyramidenf\u00f6rmig. W\u00e4chst langsamer als die normale \u2018Carnea\u2019. Mitte Mai leuchtend rote Bl\u00fcten, in aufrechten 20-25 cm hohen Rispen. Das Laub ist dunkelgr\u00fcn, mit gelben Herbstf\u00e4rbungen.<\/p>\n","protected":false},"excerpt":{"rendered":"<p>Sommergr\u00fcner Baum von mittelgro\u00dfem Wuchs, dicht und leicht pyramidenf\u00f6rmig. W\u00e4chst langsamer als die normale \u2018Carnea\u2019. Mitte Mai leuchtend rote Bl\u00fcten, in aufrechten 20-25 cm hohen Rispen. Das Laub ist dunkelgr\u00fcn, mit gelben Herbstf\u00e4rbungen.<\/p>\n","protected":false},"featured_media":541,"template":"","meta":{"_acf_changed":false},"product_brand":[],"product_cat":[8813],"product_tag":[10898,8401],"class_list":{"0":"post-14660","1":"product","2":"type-product","3":"status-publish","4":"has-post-thumbnail","6":"product_cat-laubbaume-und-straucher","7":"product_tag-naturlichen","8":"product_tag-hochstamm","9":"pa_altezza-massima-1000-de-2","10":"pa_altezza-massima-15-meter","11":"pa_colore-fioritura-rot","12":"pa_condizionamento-clt-de","13":"pa_condizionamento-m-de","14":"pa_famiglia-hippocastanaceae-de","15":"pa_genere-aesculus-de","16":"pa_inquinamento-bestaendigkeit-gegen-smog","17":"pa_origine-europe-de","18":"pa_periodo-fioritura-mai-de","19":"pa_portamento-piramidale-de","20":"pa_profumo-intensiv","21":"pa_resistenza-climatica-sehr-hoch","22":"pa_resistenza-del-suolo-bestandig-gegen-kalkhaltige-boden","23":"pa_resistenza-del-suolo-bestandig-gegen-trockene-boden","24":"pa_salinita-bestaendigkeit-in-meeresluft","25":"pa_utilizzo-alleen","26":"pa_utilizzo-parks-de","28":"first","29":"instock","30":"purchasable","31":"product-type-simple"},"acf":[],"_links":{"self":[{"href":"https:\/\/innocentiemangonipiante.it\/de\/wp-json\/wp\/v2\/product\/14660","targetHints":{"allow":["GET"]}}],"collection":[{"href":"https:\/\/innocentiemangonipiante.it\/de\/wp-json\/wp\/v2\/product"}],"about":[{"href":"https:\/\/innocentiemangonipiante.it\/de\/wp-json\/wp\/v2\/types\/product"}],"wp:featuredmedia":[{"embeddable":true,"href":"https:\/\/innocentiemangonipiante.it\/de\/wp-json\/wp\/v2\/media\/541"}],"wp:attachment":[{"href":"https:\/\/innocentiemangonipiante.it\/de\/wp-json\/wp\/v2\/media?parent=14660"}],"wp:term":[{"taxonomy":"product_brand","embeddable":true,"href":"https:\/\/innocentiemangonipiante.it\/de\/wp-json\/wp\/v2\/product_brand?post=14660"},{"taxonomy":"product_cat","embeddable":true,"href":"https:\/\/innocentiemangonipiante.it\/de\/wp-json\/wp\/v2\/product_cat?post=14660"},{"taxonomy":"product_tag","embeddable":true,"href":"https:\/\/innocentiemangonipiante.it\/de\/wp-json\/wp\/v2\/product_tag?post=14660"}],"curies":[{"name":"wp","href":"https:\/\/api.w.org\/{rel}","templated":true}]}}