{"id":14662,"date":"2023-11-03T23:21:54","date_gmt":"2023-11-03T22:21:54","guid":{"rendered":"http:\/\/innocentiemangonipiante.it\/agapanthus-black-buddist\/"},"modified":"2023-11-06T17:15:02","modified_gmt":"2023-11-06T16:15:02","slug":"agapanthus-black-buddist","status":"publish","type":"product","link":"https:\/\/innocentiemangonipiante.it\/de\/agapanthus-black-buddist\/","title":{"rendered":"AGAPANTHUS &#8218;Black Buddist&#8216; \u00ae"},"content":{"rendered":"<p>Interessante neue Cultivar. Produziert sch\u00f6ne blaue Bl\u00fcten auf schwarzen St\u00e4mmen.<\/p>\n","protected":false},"excerpt":{"rendered":"<p>Interessante neue Cultivar. Produziert sch\u00f6ne blaue Bl\u00fcten auf schwarzen St\u00e4mmen.<\/p>\n","protected":false},"featured_media":0,"template":"","meta":{"_acf_changed":false},"product_brand":[],"product_cat":[8829,9231],"product_tag":[10898],"class_list":{"0":"post-14662","1":"product","2":"type-product","3":"status-publish","5":"product_cat-mehrjahrige-krauter","6":"product_cat-baume-und-pflanzen-der-zukunft","7":"product_tag-naturlichen","8":"pa_altezza-massima-0_90-meter","9":"pa_altezza-massima-100-de","10":"pa_colore-fioritura-hellblau","11":"pa_condizionamento-clt-de","12":"pa_famiglia-liliaceae-de","13":"pa_genere-agapanthus-de","14":"pa_origine-sudafrika","15":"pa_periodo-fioritura-august-de","16":"pa_periodo-fioritura-juli","17":"pa_portamento-eretto-de","18":"pa_resistenza-climatica-sehr-hoch","19":"pa_resistenza-del-suolo-bestandigkeit-auf-feuchten-boden","20":"pa_utilizzo-balkone","21":"pa_utilizzo-bordueren","22":"pa_utilizzo-kleine-gaerten","23":"pa_utilizzo-parks-de","25":"first","26":"instock","27":"purchasable","28":"product-type-simple"},"acf":[],"_links":{"self":[{"href":"https:\/\/innocentiemangonipiante.it\/de\/wp-json\/wp\/v2\/product\/14662","targetHints":{"allow":["GET"]}}],"collection":[{"href":"https:\/\/innocentiemangonipiante.it\/de\/wp-json\/wp\/v2\/product"}],"about":[{"href":"https:\/\/innocentiemangonipiante.it\/de\/wp-json\/wp\/v2\/types\/product"}],"wp:attachment":[{"href":"https:\/\/innocentiemangonipiante.it\/de\/wp-json\/wp\/v2\/media?parent=14662"}],"wp:term":[{"taxonomy":"product_brand","embeddable":true,"href":"https:\/\/innocentiemangonipiante.it\/de\/wp-json\/wp\/v2\/product_brand?post=14662"},{"taxonomy":"product_cat","embeddable":true,"href":"https:\/\/innocentiemangonipiante.it\/de\/wp-json\/wp\/v2\/product_cat?post=14662"},{"taxonomy":"product_tag","embeddable":true,"href":"https:\/\/innocentiemangonipiante.it\/de\/wp-json\/wp\/v2\/product_tag?post=14662"}],"curies":[{"name":"wp","href":"https:\/\/api.w.org\/{rel}","templated":true}]}}